{"id":129247,"date":"2024-02-20T14:34:17","date_gmt":"2024-02-20T12:34:17","guid":{"rendered":"https:\/\/totalblue.ro\/?post_type=product&#038;p=129247"},"modified":"2025-08-12T10:59:47","modified_gmt":"2025-08-12T07:59:47","slug":"yum-yum-noodles-aroma-vita-70g-import-germania","status":"publish","type":"product","link":"https:\/\/totalblue.ro\/nl\/produs\/yum-yum-noodles-aroma-vita-70g-import-germania\/","title":{"rendered":"Yum Yum Noodles aroma vita 70g, import Germania"},"content":{"rendered":"<p>Ingredi\u00ebnt : <span class=\"HwtZe\" lang=\"ro\"><span class=\"jCAhz ChMk0b\"><span class=\"ryNqvb\">Fidea: f\u0103in\u0103 de gr\u00e2u, ulei de palmier (ulei de palmier, antioxidant: E306), amidon de tapioca, amidon modificat: E1442, sup\u0103 (arom\u0103, extract de drojdie, intensificator de arom\u0103: E365), sare, agent de \u00eengro\u0219are: E466<\/span><\/span><span class=\"jCAhz ChMk0b\"><span class=\"ryNqvb\">, condimente: Legume (morcov 3,6%, usturoi 0,8%, porumb 0,7%, frunze de ceap\u0103 0,4%), ulei de palmier (ulei de palmier, antioxidant (amestec de tocoferol)), sare, poten\u021biator de arom\u0103 (E621, E635), condimente (ardei iute 0,6%)<\/span><\/span> <span class=\"jCAhz ChMk0b\"><span class=\"ryNqvb\">, piper 0,1%, anason stelat, scor\u021bi\u0219oar\u0103 0,1%, ghimbir 0,1%), zah\u0103r, pudr\u0103 de sos de soia (con\u021bine soia, sirop de glucoz\u0103, maltodextrin\u0103, acid: E330), acid: E296, colorant: E150c, arom\u0103 de carne de vit\u0103<\/span><\/span><\/span><\/p>\n<p>Mod de preparare \/ Mod de utilizare: Adauga apa fierbinte si dupa 3 minute te poti bucura de aceasta supa delicioasa cu taitei.<br \/>\nYum Yum este o supa thailandeza gustoasa cu taitei instant, cu aroma de carne de vita si bulion picant.<br \/>\nInformatiile nutritionale pe 100 ml contin<br \/>\nEnergie 412 kJ (98 kcal)<br \/>\nGrasimi 4.5 g din care saturate 2 g<br \/>\nCarbohidrati 13 g din care zaharuri 0.9 g<br \/>\nEiwit 1,7 g<br \/>\nSare 1,2 g<br \/>\nA se pastra intr-un loc racoros \u0219i uscat.<\/p>\n<p>Importeur : Total Blue Impex SRL<\/p>","protected":false},"excerpt":{"rendered":"<p>Ingrediente : Fidea: f\u0103in\u0103 de gr\u00e2u, ulei de palmier (ulei de palmier, antioxidant: E306), amidon de tapioca, amidon modificat: E1442, sup\u0103 (arom\u0103, extract de drojdie, intensificator de arom\u0103: E365), sare, agent de \u00eengro\u0219are: E466, condimente: Legume (morcov 3,6%, usturoi 0,8%, porumb 0,7%, frunze de ceap\u0103 0,4%), ulei de palmier (ulei de palmier, antioxidant (amestec de [&#8230;]\n","protected":false},"featured_media":129253,"comment_status":"open","ping_status":"closed","template":"","meta":{"_acf_changed":false,"_seopress_robots_primary_cat":"1950","_seopress_titles_title":"","_seopress_titles_desc":"","_seopress_robots_index":""},"product_brand":[22881],"product_cat":[1555,1683,3372,17494,21594,3428,1950,1954],"giftcard-category":[],"class_list":{"0":"post-129247","1":"product","2":"type-product","3":"status-publish","4":"has-post-thumbnail","6":"product_brand-yum-yum","7":"product_cat-bacanie","8":"product_cat-conserve-mancare-gatita","9":"product_cat-conserve-produse-germania","10":"product_cat-influente-asiatice","11":"product_cat-noodles-supe-instant","12":"product_cat-paste-orez-ulei-otet-produse-germania","13":"product_cat-produse-germania","14":"product_cat-semipreparate","16":"first","17":"outofstock","18":"taxable","19":"shipping-taxable","20":"purchasable","21":"product-type-simple"},"acf":[],"_links":{"self":[{"href":"https:\/\/totalblue.ro\/nl\/wp-json\/wp\/v2\/product\/129247","targetHints":{"allow":["GET"]}}],"collection":[{"href":"https:\/\/totalblue.ro\/nl\/wp-json\/wp\/v2\/product"}],"about":[{"href":"https:\/\/totalblue.ro\/nl\/wp-json\/wp\/v2\/types\/product"}],"replies":[{"embeddable":true,"href":"https:\/\/totalblue.ro\/nl\/wp-json\/wp\/v2\/comments?post=129247"}],"wp:featuredmedia":[{"embeddable":true,"href":"https:\/\/totalblue.ro\/nl\/wp-json\/wp\/v2\/media\/129253"}],"wp:attachment":[{"href":"https:\/\/totalblue.ro\/nl\/wp-json\/wp\/v2\/media?parent=129247"}],"wp:term":[{"taxonomy":"product_brand","embeddable":true,"href":"https:\/\/totalblue.ro\/nl\/wp-json\/wp\/v2\/product_brand?post=129247"},{"taxonomy":"product_cat","embeddable":true,"href":"https:\/\/totalblue.ro\/nl\/wp-json\/wp\/v2\/product_cat?post=129247"},{"taxonomy":"giftcard-category","embeddable":true,"href":"https:\/\/totalblue.ro\/nl\/wp-json\/wp\/v2\/giftcard-category?post=129247"}],"curies":[{"name":"wp","href":"https:\/\/api.w.org\/{rel}","templated":true}]}}