{"id":129438,"date":"2024-02-20T16:14:24","date_gmt":"2024-02-20T14:14:24","guid":{"rendered":"https:\/\/totalblue.ro\/?post_type=product&#038;p=129438"},"modified":"2025-08-01T10:26:41","modified_gmt":"2025-08-01T07:26:41","slug":"organix-lapte-praf-organic-nr-1-700-g-0-6-luni","status":"publish","type":"product","link":"https:\/\/totalblue.ro\/nl\/produs\/organix-lapte-praf-organic-nr-1-700-g-0-6-luni\/","title":{"rendered":"Organix Biologische melkpoeder nr 1, 700 g, 0-6 maanden"},"content":{"rendered":"<p>Formula 1 pentru sugari Organix este potrivita inca de la nastere daca nu alaptati sau doriti sa combinati hranirea la san si cu biberonul. Un aliment organic din lapte pe baza de grasime din lapte si fara ulei de palmier.<br \/>\nFormula pentru sugari facuta din lapte organic<br \/>\nContine o compozitie cu grasime din lapte si nu contine ulei de palmier<br \/>\nPentru bebelusi de la 0-6 luni<\/p>\n<p><strong>Ingredi\u00ebnt:<\/strong> zer demineralizat (LAPTE)* 27%, uleiuri vegetale* (floarea soarelui cu continut ridicat de oleic*, rapita*, floarea soarelui*) 20%, maltodextrina* 15%, permeat de LAPTE* 10%, LACTOZA* 10%, proteina din LAPTE* 10% , smantana* (LAPTE) 6%, ulei de PESTE (LAPTE), carbonat de calciu, bitartrat de colina, ulei de Mortierella alpina, sulfat de magneziu, clorura de sodiu, citrat de sodiu, emulgator (lecitina de floarea soarelui*), fosfat de calciu, sulfat de zinc, L- acid ascorbic, clorura de potasiu, selenit de sodiu, pirofosfat de fier, sulfat de cupru, lactetat de DL-alfa-tocoferol, inozitol, D-pantotenat de calciu, sulfat de mangan, iodura de potasiu, colecalciferol, acetat de retinil, nicotinamida, extract antioxidant (tocoferol), D-biotina, fitomenadiona, cianocobalamina, L-carnitina-L-tartrat, clorhidrat de tiamina, clorhidrat de piridoxina, acid folic, riboflavina. *Ingrediente de origine organica. Poate contine SOIA<br \/>\nInformatie over allergie\u00ebn<br \/>\nContine: lapte, lactoza, peste<br \/>\nPoate contine: Soia<\/p>\n<p><strong>Utilizare :<br \/>\n<\/strong>1. Spalati-va bine pe maini inainte de a pregati laptele pentru sugari.<br \/>\n2. Asigurati-va ca biberonul si tetina sunt curate.<br \/>\n3. Fierbe-le timp de 5 minute. Lasa-le acoperite pana la folosire.<br \/>\n4. Fierbe apa potabila timp de 5 minute, las-o apoi sa se raceasca (~37\u00b0C).<br \/>\n5. Consulta modul de preparare si toarna exact cantitatea de apa necesara.<br \/>\n6. Foloseste doar masura din interior si niveleaza pudra cu ajutorul inelului interior fara sa presezi.<br \/>\n7. Consulta modul de preparare; adauga numarul exact de masuri rase corespunzator varstei sugarului.<br \/>\n8. Dupa utilizare, asaza masura suspendata in spatiul din interiorul cutiei asa cum este aratat in imagine.<br \/>\n9. Inchide biberonul si agita bine pana cand pudra s-a dizolvat complet.<br \/>\n10. Inchide bine cutia dupa fiecare folosire si pastreaz-o intr-un loc racoros si uscat.<\/p>\n<p><a href=\"https:\/\/racekids.ro\/wp-content\/uploads\/2022\/04\/little-steps-2-mod-de-pregatire.jpg\"><img loading=\"lazy\" decoding=\"async\" class=\"alignnone size-full wp-image-63216\" src=\"https:\/\/racekids.ro\/wp-content\/uploads\/2022\/04\/little-steps-2-mod-de-pregatire.jpg\" alt=\"\" width=\"725\" height=\"543\" \/><\/a><br \/>\nGreutatea sugarului: &lt;3,0 kg; Numar de linguri: 2; Ap\u0103 (ml): 60; Nutri\u021bie total\u0103 (ml): 65; Num\u0103r de hr\u0103niri la 24 de ore: 7;<br \/>\nGreutatea bebelusului: 3,0 &#8211; 3,5 kg; Numar de linguri: 3; Ap\u0103 (ml): 90; Nutri\u021bie total\u0103 (ml): 100; Num\u0103r de hr\u0103niri la 24 de ore: 6;<br \/>\nGreutatea bebelusului: 3,5 &#8211; 4,0 kg; Numar de linguri: 4; Ap\u0103 (ml): 120; Nutri\u021bie total\u0103 (ml): 135; Num\u0103r de hr\u0103niri la 24 de ore: 5;<br \/>\nGreutatea bebelusului: 4,0 &#8211; 4,5 kg; Numar de linguri: 5; Ap\u0103 (ml): 150; Nutri\u021bie total\u0103 (ml): 165; Num\u0103r de hr\u0103niri la 24 de ore: 5;<br \/>\nGreutatea bebelusului: 5,0 &#8211; 6,0 kg; Numar de linguri: 6; Ap\u0103 (ml): 180; Nutri\u021bie total\u0103 (ml): 200; Num\u0103r de hr\u0103niri la 24 de ore: 5;<br \/>\nGreutatea sugarului: &gt;6,0 kg; Numar de linguri: 6; Ap\u0103 (ml): 180; Nutri\u021bie total\u0103 (ml): 200; Num\u0103r de hr\u0103niri pe 24 de ore: 4.<br \/>\n1 lingur\u0103 de m\u0103surare nivel\u0103 = 4,3 grame.<\/p>\n<p>Voedingswaarden<br \/>\nDeze waarden gelden voor het bereide product.<br \/>\nTip per 100 milliliter<br \/>\nEnergie 272 kJ (65 kcal)<br \/>\nGrasimi 3,3 g<br \/>\ndin care saturate 0,7 g<br \/>\ndin care mononesaturate 1,9 g<br \/>\ndin care polinesaturate 0,6 g<br \/>\nCarbohidrati 7,4 g<br \/>\ndin care zaharuri 5,7 g<br \/>\nFibre alimentare 0 g<br \/>\nProteine \u200b\u200b1,3 g<br \/>\nAcid linoleic 445 mg<br \/>\nAcid alfa-linolenic 50 mg<br \/>\nAcid arahidonic 8,2 mg<br \/>\nAcid docosahexaenoic 16,4 mg<br \/>\nLactoza 5,5 g<br \/>\nSodiu 27 mg<br \/>\nPotasiu\/Potasiu 78,1 mg<br \/>\nClorura 64 mg<br \/>\nCalciu 54 mg<br \/>\nFosfor 32 mg<br \/>\nMagneziu 6,66 mg<br \/>\nFier 0,4 mg<br \/>\nZinc 0,47 mg<br \/>\nCupru 51,2 ug<br \/>\nIod 14,1 ug<br \/>\nSeleniu 3,3 pg<br \/>\nMangan 14 ug<br \/>\nFluor &lt; 65 \u00b5g<br \/>\nVitamina A; Calculat prin sumarea activitatilor vitaminei A ale retinolului si carotenoidelor active 53,8 \u00b5g<br \/>\nVitamina D 1,4 \u00b5g<br \/>\nVitamina B1 \/ Tiamina 128 \u00b5g<br \/>\nVitamina B2 \/ Riboflavina 147 \u00b5g<br \/>\nVitamina B3\/Niacina 0,64 mg<br \/>\nVitamina B5 \/ acid pantotenic 0,86 mg<br \/>\nVitamina B6\/piridoxina 69,1 \u00b5g<br \/>\nVitamina H \/ Biotina 2,2 \u00b5g<br \/>\nFolat 17,9 ug<br \/>\nVitamina B12\/Ciano-Cobalamina 0,2 \u00b5g<br \/>\nVitamina C 12 mg<br \/>\nVitamina K 6,7 \u00b5g<br \/>\nVitamina E 1,69 mg<br \/>\nColina 21 mg<br \/>\nCarnitina 2,1 mg<br \/>\nVitamina B7 \/ Inozitol 3,8 mg<\/p>\n<p>&nbsp;<\/p>\n<p>&nbsp;<\/p>","protected":false},"excerpt":{"rendered":"<p>Formula 1 pentru sugari Organix este potrivita inca de la nastere daca nu alaptati sau doriti sa combinati hranirea la san si cu biberonul. Un aliment organic din lapte pe baza de grasime din lapte si fara ulei de palmier. Formula pentru sugari facuta din lapte organic Contine o compozitie cu grasime din lapte si [&#8230;]\n","protected":false},"featured_media":129440,"comment_status":"open","ping_status":"closed","template":"","meta":{"_acf_changed":false,"_seopress_robots_primary_cat":"1767","_seopress_titles_title":"","_seopress_titles_desc":"","_seopress_robots_index":""},"product_brand":[5932],"product_cat":[21858,1984,1520,5677,21826,1767],"giftcard-category":[],"class_list":{"0":"post-129438","1":"product","2":"type-product","3":"status-publish","4":"has-post-thumbnail","6":"product_brand-organix","7":"product_cat-bio","8":"product_cat-hrana-bebelusi","9":"product_cat-mama-copilul","10":"product_cat-mancare-si-accesorii-bebe","11":"product_cat-produse-bio-dietetice","12":"product_cat-produse-olanda","14":"first","15":"outofstock","16":"taxable","17":"shipping-taxable","18":"purchasable","19":"product-type-simple"},"acf":[],"_links":{"self":[{"href":"https:\/\/totalblue.ro\/nl\/wp-json\/wp\/v2\/product\/129438","targetHints":{"allow":["GET"]}}],"collection":[{"href":"https:\/\/totalblue.ro\/nl\/wp-json\/wp\/v2\/product"}],"about":[{"href":"https:\/\/totalblue.ro\/nl\/wp-json\/wp\/v2\/types\/product"}],"replies":[{"embeddable":true,"href":"https:\/\/totalblue.ro\/nl\/wp-json\/wp\/v2\/comments?post=129438"}],"wp:featuredmedia":[{"embeddable":true,"href":"https:\/\/totalblue.ro\/nl\/wp-json\/wp\/v2\/media\/129440"}],"wp:attachment":[{"href":"https:\/\/totalblue.ro\/nl\/wp-json\/wp\/v2\/media?parent=129438"}],"wp:term":[{"taxonomy":"product_brand","embeddable":true,"href":"https:\/\/totalblue.ro\/nl\/wp-json\/wp\/v2\/product_brand?post=129438"},{"taxonomy":"product_cat","embeddable":true,"href":"https:\/\/totalblue.ro\/nl\/wp-json\/wp\/v2\/product_cat?post=129438"},{"taxonomy":"giftcard-category","embeddable":true,"href":"https:\/\/totalblue.ro\/nl\/wp-json\/wp\/v2\/giftcard-category?post=129438"}],"curies":[{"name":"wp","href":"https:\/\/api.w.org\/{rel}","templated":true}]}}