{"id":129468,"date":"2024-02-20T16:22:40","date_gmt":"2024-02-20T14:22:40","guid":{"rendered":"https:\/\/totalblue.ro\/?post_type=product&#038;p=129468"},"modified":"2025-08-01T10:26:39","modified_gmt":"2025-08-01T07:26:39","slug":"organix-lapte-de-continuare-nr-2-700-g-6-luni","status":"publish","type":"product","link":"https:\/\/totalblue.ro\/nl\/produs\/organix-lapte-de-continuare-nr-2-700-g-6-luni\/","title":{"rendered":"Organix opvolgmelk nr. 2, 700 g, +6 maanden"},"content":{"rendered":"<p>Laptele de continuare Organix 2 este laptele pentru bebelusi potrivit pentru bebelusii de la 6 luni. Aceasta hrana organica pentru copii este in conformitate cu formula 1 pentru sugari Organix si contine o compozitie cu grasime din lapte si nu contine ulei de palmier.<\/p>\n<p>Lapte de continuare produs din lapte organic<br \/>\nContine o compozitie cu grasime din lapte si nu contine ulei de palmier<br \/>\nPentru bebelusi de la 6 luni<br \/>\nLapte de continuare organic<br \/>\nLaptele de continuare Organix, la fel ca tot laptele de continuare organic, este fabricat din lapte 100% organic. Aceasta hranire cu biberon este potrivita de la varsta de 6 luni daca nu mai alaptati sau doriti sa combinati alaptarea cu biberonul. O formula cu grasime din lapte si fara ulei de palmier. Reteta pentru laptele nostru de continuare organic, la fel ca toate laptele de continuare, contine toate vitaminele si mineralele esentiale de care copilul dumneavoastra are nevoie, inclusiv vitamina C, D si omega 3 (DHA\/ALA) si este, de asemenea, compatibila cu completa organica Organix. formule pentru sugari.<\/p>\n<p><strong>Ingredi\u00ebnt:<\/strong> zer demineralizat (LAPTE)* 20%, uleiuri vegetale* (floarea-soarelui cu continut ridicat de oleic*, rapita*, floarea soarelui*) 19%, maltodextrina* 18%, LACTOZ* 12%, proteina din LAPTE* 12%, permeat de LAPTE* 11% , smantana* (LAPTE) 6%, ulei de PESTE (LAPTE), carbonat de calciu, sulfat de magneziu, fosfat de calciu, clorura de sodiu, emulgator (lecitina de floarea soarelui*), citrat de sodiu, acid L-ascorbic, pirofosfat de fier, sulfat de zinc, selenit de sodiu , sulfat de cupru, acetat de DL-alfa-tocoferol, D-pantotenat de calciu, sulfat de mangan, colecalciferol, nicotinamida, clorura de potasiu, acetat de retinil, iodura de potasiu, antioxidant (extract bogat in tocoferol) D-biotina, fitomenadiona, clorhidrat de cianotibalamina , clorhidrat de piridoxina, acid folic, riboflavina. *Ingrediente de origine organica. Poate contine SOIA<br \/>\nInformatie over allergie\u00ebn<br \/>\nContine: lapte, lactoza, peste<br \/>\nPoate contine: Soia<\/p>\n<p><strong>Utilizare :<br \/>\n<\/strong>1. Spalati-va bine pe maini inainte de a pregati laptele pentru sugari.<br \/>\n2. Asigurati-va ca biberonul si tetina sunt curate.<br \/>\n3. Fierbe-le timp de 5 minute. Lasa-le acoperite pana la folosire.<br \/>\n4. Fierbe apa potabila timp de 5 minute, las-o apoi sa se raceasca (~37\u00b0C).<br \/>\n5. Consulta modul de preparare si toarna exact cantitatea de apa necesara.<br \/>\n6. Foloseste doar masura din interior si niveleaza pudra cu ajutorul inelului interior fara sa presezi.<br \/>\n7. Consulta modul de preparare; adauga numarul exact de masuri rase corespunzator varstei sugarului.<br \/>\n8. Dupa utilizare, asaza masura suspendata in spatiul din interiorul cutiei asa cum este aratat in imagine.<br \/>\n9. Inchide biberonul si agita bine pana cand pudra s-a dizolvat complet.<br \/>\n10. Inchide bine cutia dupa fiecare folosire si pastreaz-o intr-un loc racoros si uscat.<\/p>\n<p><a href=\"https:\/\/racekids.ro\/wp-content\/uploads\/2022\/04\/little-steps-2-mod-de-pregatire.jpg\"><img loading=\"lazy\" decoding=\"async\" class=\"alignnone size-full wp-image-63216\" src=\"https:\/\/racekids.ro\/wp-content\/uploads\/2022\/04\/little-steps-2-mod-de-pregatire.jpg\" alt=\"\" width=\"725\" height=\"543\" \/><\/a><br \/>\nV\u00e2rsta \u00een luni: 6-8; Numar de linguri: 6; Ap\u0103 (ml): 180; Nutri\u021bie total\u0103 (ml): 200; Num\u0103r de hr\u0103niri la 24 de ore: 3-4;<br \/>\nV\u00e2rsta \u00een luni: 8-10; Numar de linguri: 6; Ap\u0103 (ml): 180; Nutri\u021bie total\u0103 (ml): 200; Num\u0103rul de hr\u0103niri pe 24 de ore: 3.<br \/>\n1 lingur\u0103 de m\u0103surare nivel\u0103 = 4,3 grame.<\/p>\n<p>Voedingswaarden<br \/>\nDeze waarden gelden voor het bereide product.<br \/>\nTip per 100 milliliter<br \/>\nEnergie 272 kJ (65 kcal)<br \/>\nGrasimi 3,2 g<br \/>\ndin care saturate 0,7 g<br \/>\ndin care mononesaturate 1,8 g<br \/>\ndin care polinesaturate 0,6 g<br \/>\nCarbohidrati 7,6 g<br \/>\ndin care zaharuri 5,5 g<br \/>\nFibre alimentare 0 g<br \/>\nProteine \u200b\u200b1,4 g<br \/>\nAcid linoleic 433 mg<br \/>\nAcid alfa-linolenic 49 mg<br \/>\nAcid docosahexaenoic 16,5 mg<br \/>\nLactoza 5,3 g<br \/>\nSodiu 27 mg<br \/>\nPotasiu\/Potasiu 77,4 mg<br \/>\nClorura 64,5 mg<br \/>\nCalciu 59,3 mg<br \/>\nFosfor 36,1 mg<br \/>\nMagneziu 6,71 mg<br \/>\nFier 0,7 mg<br \/>\nZinc 0,48 mg<br \/>\nCupru 51,6 ug<br \/>\nIod 14,2 ug<br \/>\nSeleniu 3,4 ug<br \/>\nMangan 14 ug<br \/>\nFluor &lt; 65 \u00b5g<br \/>\nVitamina A; Calculat prin sumarea activitatilor vitaminei A ale retinolului si carotenoidelor active 53,5 \u00b5g<br \/>\nVitamina D 1,4 \u00b5g<br \/>\nVitamina B1 \/ Tiamina 111 \u00b5g<br \/>\nVitamina B2 \/ Riboflavina 142 \u00b5g<br \/>\nVitamina B3 \/ Niacina 0,65 mg<br \/>\nVitamina B5 \/ acid pantotenic 0,83 mg<br \/>\nVitamina B6\/piridoxina 75,6 \u00b5g<br \/>\nVitamina H \/ Biotina 2,6 \u00b5g<br \/>\nFolat 15,5 ug<br \/>\nVitamina B12 \/ Ciano-Cobalamina 0,18 \u00b5g<br \/>\nVitamina C 11 mg<br \/>\nVitamina K 6,6 \u00b5g<br \/>\nVitamina E 1,7 mg<\/p>\n<p>&nbsp;<\/p>\n<p>&nbsp;<\/p>","protected":false},"excerpt":{"rendered":"<p>Laptele de continuare Organix 2 este laptele pentru bebelusi potrivit pentru bebelusii de la 6 luni. Aceasta hrana organica pentru copii este in conformitate cu formula 1 pentru sugari Organix si contine o compozitie cu grasime din lapte si nu contine ulei de palmier. Lapte de continuare produs din lapte organic Contine o compozitie cu [&#8230;]\n","protected":false},"featured_media":129482,"comment_status":"open","ping_status":"closed","template":"","meta":{"_acf_changed":false,"_seopress_robots_primary_cat":"1767","_seopress_titles_title":"","_seopress_titles_desc":"","_seopress_robots_index":""},"product_brand":[5932],"product_cat":[21858,1984,1520,5677,21826,1767],"giftcard-category":[],"class_list":{"0":"post-129468","1":"product","2":"type-product","3":"status-publish","4":"has-post-thumbnail","6":"product_brand-organix","7":"product_cat-bio","8":"product_cat-hrana-bebelusi","9":"product_cat-mama-copilul","10":"product_cat-mancare-si-accesorii-bebe","11":"product_cat-produse-bio-dietetice","12":"product_cat-produse-olanda","14":"first","15":"outofstock","16":"taxable","17":"shipping-taxable","18":"purchasable","19":"product-type-simple"},"acf":[],"_links":{"self":[{"href":"https:\/\/totalblue.ro\/nl\/wp-json\/wp\/v2\/product\/129468","targetHints":{"allow":["GET"]}}],"collection":[{"href":"https:\/\/totalblue.ro\/nl\/wp-json\/wp\/v2\/product"}],"about":[{"href":"https:\/\/totalblue.ro\/nl\/wp-json\/wp\/v2\/types\/product"}],"replies":[{"embeddable":true,"href":"https:\/\/totalblue.ro\/nl\/wp-json\/wp\/v2\/comments?post=129468"}],"wp:featuredmedia":[{"embeddable":true,"href":"https:\/\/totalblue.ro\/nl\/wp-json\/wp\/v2\/media\/129482"}],"wp:attachment":[{"href":"https:\/\/totalblue.ro\/nl\/wp-json\/wp\/v2\/media?parent=129468"}],"wp:term":[{"taxonomy":"product_brand","embeddable":true,"href":"https:\/\/totalblue.ro\/nl\/wp-json\/wp\/v2\/product_brand?post=129468"},{"taxonomy":"product_cat","embeddable":true,"href":"https:\/\/totalblue.ro\/nl\/wp-json\/wp\/v2\/product_cat?post=129468"},{"taxonomy":"giftcard-category","embeddable":true,"href":"https:\/\/totalblue.ro\/nl\/wp-json\/wp\/v2\/giftcard-category?post=129468"}],"curies":[{"name":"wp","href":"https:\/\/api.w.org\/{rel}","templated":true}]}}