{"id":130320,"date":"2024-02-21T13:14:11","date_gmt":"2024-02-21T11:14:11","guid":{"rendered":"https:\/\/totalblue.ro\/?post_type=product&#038;p=130320"},"modified":"2025-08-12T10:13:09","modified_gmt":"2025-08-12T07:13:09","slug":"nissin-soba-noodles-vita-sukiyaki-89g","status":"publish","type":"product","link":"https:\/\/totalblue.ro\/nl\/produs\/nissin-soba-noodles-vita-sukiyaki-89g\/","title":{"rendered":"Nissin Soba Noodles Vita Sukiyaki 89g"},"content":{"rendered":"<p><strong>Preparare:<\/strong> Taiteii Nissin se pregatesc rapid, pur si simplu se toarna apa clocotita in cana pana la linia de umplere, se lasa 3 minute la infuzat, se scurge lichidul prin orificiile din capac, se pune sosul &#8211; gata!<\/p>\n<p>Nissin Cup Noodles Soba Sukiyaki Beef sunt rafinati de un sos de condimente delicios, bucati de carne de vita picante si legume delicioase &#8211; o adevarata experienta de gust!<\/p>\n<p><span class=\"vtex-product-specifications-1-x-specificationValue vtex-product-specifications-1-x-specificationValue--first vtex-product-specifications-1-x-specificationValue--last\" data-specification-group=\"Informatii Generale\" data-specification-name=\"Ingrediente\" data-specification-value=\"Taitei 72.3% (faina de GRAU, ulei de palmier, sare, potentiator de aroma: E621, agent de tratare a fainii, E500, E451), antioxidant E306, corector de aciditate: acid citric). Sos de asezonare 19.9% (zahar, apa, ulei de rapita, sos SOIA (apa, pastai de SOIA, sare, GRAU), potentioatori de aroma: E621, E635, colorant: E150c, dextroza, melasa, otet, sare, condimente, proteine vegetale hidrolizate, pudra de rosii, corector de aciditate: acid citric, aroma), varza, pui cuburi.\">Ingrediente: Ingrediente: paste 72,4% [faina de GRAU, ulei de palmier, sare, potentiator de aroma E621, agent de tratare a fainii (E500, E451), antioxidant E306, regulator de aciditate: acid citric], sos de condimente 21,1% [sos de soia (apa, boabe de soia, Sare,), zahar, ulei de rapita, dextroza, potentiator de aroma (E621, E635), grasime de vita, praf de ceapa, proteine vegetale hidrolizate, arome, colorant: morcov de zahar, amidon modificat], ceapa, carne de vita 1,2%, morcovi , ceapa verde. Poate contine urme de telina, crustacee, peste, lapte, moluste, mustar si susan.<br \/>\nValori nutritionale \/ 100 g:<br \/>\nEnergie 921 kJ (220 kcal)<br \/>\nGrasimi 10.7 g din care saturate 4.8 g<br \/>\nGlucide 24.9 g din care zaharuri 4.3 g<br \/>\nProteine \u200b\u200b4.6 g<br \/>\nSare 1.9 g<br \/>\n<\/span><\/p>\n","protected":false},"excerpt":{"rendered":"<p>Preparare: Taiteii Nissin se pregatesc rapid, pur si simplu se toarna apa clocotita in cana pana la linia de umplere, se lasa 3 minute la infuzat, se scurge lichidul prin orificiile din capac, se pune sosul &#8211; gata! Nissin Cup Noodles Soba Sukiyaki Beef sunt rafinati de un sos de condimente delicios, bucati de carne [&#8230;]\n","protected":false},"featured_media":130328,"comment_status":"open","ping_status":"closed","template":"","meta":{"_acf_changed":false,"_seopress_robots_primary_cat":"none","_seopress_titles_title":"","_seopress_titles_desc":"Chio Maxi Mix con\u021bine o combina\u021bie de snacksuri coapte ce ofer\u0103 o experien\u021b\u0103 complet\u0103. Gustarea perfect\u0103 pentru pofta de ron\u021b\u0103it","_seopress_robots_index":""},"product_brand":[22913],"product_cat":[17494,21594,1950,3364],"giftcard-category":[],"class_list":{"0":"post-130320","1":"product","2":"type-product","3":"status-publish","4":"has-post-thumbnail","6":"product_brand-nissin","7":"product_cat-influente-asiatice","8":"product_cat-noodles-supe-instant","9":"product_cat-produse-germania","10":"product_cat-supe-produse-germania","12":"first","13":"outofstock","14":"taxable","15":"shipping-taxable","16":"purchasable","17":"product-type-simple"},"acf":[],"_links":{"self":[{"href":"https:\/\/totalblue.ro\/nl\/wp-json\/wp\/v2\/product\/130320","targetHints":{"allow":["GET"]}}],"collection":[{"href":"https:\/\/totalblue.ro\/nl\/wp-json\/wp\/v2\/product"}],"about":[{"href":"https:\/\/totalblue.ro\/nl\/wp-json\/wp\/v2\/types\/product"}],"replies":[{"embeddable":true,"href":"https:\/\/totalblue.ro\/nl\/wp-json\/wp\/v2\/comments?post=130320"}],"wp:featuredmedia":[{"embeddable":true,"href":"https:\/\/totalblue.ro\/nl\/wp-json\/wp\/v2\/media\/130328"}],"wp:attachment":[{"href":"https:\/\/totalblue.ro\/nl\/wp-json\/wp\/v2\/media?parent=130320"}],"wp:term":[{"taxonomy":"product_brand","embeddable":true,"href":"https:\/\/totalblue.ro\/nl\/wp-json\/wp\/v2\/product_brand?post=130320"},{"taxonomy":"product_cat","embeddable":true,"href":"https:\/\/totalblue.ro\/nl\/wp-json\/wp\/v2\/product_cat?post=130320"},{"taxonomy":"giftcard-category","embeddable":true,"href":"https:\/\/totalblue.ro\/nl\/wp-json\/wp\/v2\/giftcard-category?post=130320"}],"curies":[{"name":"wp","href":"https:\/\/api.w.org\/{rel}","templated":true}]}}