{"id":130929,"date":"2024-02-21T16:39:11","date_gmt":"2024-02-21T14:39:11","guid":{"rendered":"https:\/\/totalblue.ro\/?post_type=product&#038;p=130929"},"modified":"2025-02-07T12:35:07","modified_gmt":"2025-02-07T10:35:07","slug":"katjes-jeleuri-delicioase-vegan-party-wunderland175g-import-germania","status":"publish","type":"product","link":"https:\/\/totalblue.ro\/nl\/produs\/katjes-jeleuri-delicioase-vegan-party-wunderland175g-import-germania\/","title":{"rendered":"Katjes Jeleuri Delicioase Vegan Party Wunderland 175g, import Germania"},"content":{"rendered":"<p>Ingrediente: sirop de fructoza-glucoza, sirop de glucoza, amidon modificat, zahar, agent de gelifiere: pectine, acidificanti (acid citric, acid malic, acid lactic), proteina hidrolizata din mazare, concentrate colorante de fructe si plante (morcov negru, mar, cartof dulce, turmeric), arome naturale, arom\u0103 natural\u0103 de portocale, sare de mas\u0103, colorant concentrat de spirulina, ulei de floarea soarelui, agent de glazurare: cear\u0103 de carnauba.<br \/>\nAlergeni: Poate contine urme de: lapte si produse lactate (inclusiv lactoza).<br \/>\nDescriere: jeleuri de fructe.<br \/>\nProdus Vegan<br \/>\nBewaar op een droge, donkere plaats bij kamertemperatuur.<br \/>\nProducator Katjes Fassin GmbH + Co. KG, Dechant-Spr\u00fcnken-Str. 53-57, 46446 Emmerich (D)<br \/>\nImportator Total Blue Impex SRL<\/p>","protected":false},"excerpt":{"rendered":"<p>Ingrediente: sirop de fructoza-glucoza, sirop de glucoza, amidon modificat, zahar, agent de gelifiere: pectine, acidificanti (acid citric, acid malic, acid lactic), proteina hidrolizata din mazare, concentrate colorante de fructe si plante (morcov negru, mar, cartof dulce, turmeric), arome naturale, arom\u0103 natural\u0103 de portocale, sare de mas\u0103, colorant concentrat de spirulina, ulei de floarea soarelui, agent [&#8230;]\n","protected":false},"featured_media":130935,"comment_status":"open","ping_status":"closed","template":"","meta":{"_acf_changed":false,"_seopress_robots_primary_cat":"none","_seopress_titles_title":"","_seopress_titles_desc":"","_seopress_robots_index":""},"product_brand":[12132],"product_cat":[1555,7021,3338,3436,21826,1950,1767,21880,22064],"giftcard-category":[],"class_list":{"0":"post-130929","1":"product","2":"type-product","3":"status-publish","4":"has-post-thumbnail","6":"product_brand-katjes","7":"product_cat-bacanie","8":"product_cat-dulciuri-snacks","9":"product_cat-dulciuri-snacksuri","10":"product_cat-dulciuri-snacks-produse-germania","11":"product_cat-produse-bio-dietetice","12":"product_cat-produse-germania","13":"product_cat-produse-olanda","14":"product_cat-vegan","15":"product_cat-vegetarian","17":"first","18":"outofstock","19":"taxable","20":"shipping-taxable","21":"purchasable","22":"product-type-simple"},"acf":[],"_links":{"self":[{"href":"https:\/\/totalblue.ro\/nl\/wp-json\/wp\/v2\/product\/130929","targetHints":{"allow":["GET"]}}],"collection":[{"href":"https:\/\/totalblue.ro\/nl\/wp-json\/wp\/v2\/product"}],"about":[{"href":"https:\/\/totalblue.ro\/nl\/wp-json\/wp\/v2\/types\/product"}],"replies":[{"embeddable":true,"href":"https:\/\/totalblue.ro\/nl\/wp-json\/wp\/v2\/comments?post=130929"}],"wp:featuredmedia":[{"embeddable":true,"href":"https:\/\/totalblue.ro\/nl\/wp-json\/wp\/v2\/media\/130935"}],"wp:attachment":[{"href":"https:\/\/totalblue.ro\/nl\/wp-json\/wp\/v2\/media?parent=130929"}],"wp:term":[{"taxonomy":"product_brand","embeddable":true,"href":"https:\/\/totalblue.ro\/nl\/wp-json\/wp\/v2\/product_brand?post=130929"},{"taxonomy":"product_cat","embeddable":true,"href":"https:\/\/totalblue.ro\/nl\/wp-json\/wp\/v2\/product_cat?post=130929"},{"taxonomy":"giftcard-category","embeddable":true,"href":"https:\/\/totalblue.ro\/nl\/wp-json\/wp\/v2\/giftcard-category?post=130929"}],"curies":[{"name":"wp","href":"https:\/\/api.w.org\/{rel}","templated":true}]}}