{"id":138819,"date":"2024-03-05T16:58:00","date_gmt":"2024-03-05T14:58:00","guid":{"rendered":"https:\/\/totalblue.ro\/?post_type=product&#038;p=138819"},"modified":"2026-01-30T09:24:56","modified_gmt":"2026-01-30T07:24:56","slug":"jeleuri-farm-mix-katja-500-g","status":"publish","type":"product","link":"https:\/\/totalblue.ro\/nl\/produs\/jeleuri-farm-mix-katja-500-g\/","title":{"rendered":"Jeleuri Farm Mix Katja 500 g"},"content":{"rendered":"<p>Jeleuri Farm Mix Katja 500 g<br \/>\nJeleuri vegane cu fructe si lemn dulce<br \/>\n<span class=\"HwtZe\" lang=\"ro\"><span class=\"jCAhz ChMk0b\"><span class=\"ryNqvb\"> Ingrediente: Sirop de glucoz\u0103, zah\u0103r, amidon modificat, sirop de glucoz\u0103-fructoz\u0103, extract de lemn dulce (3%), melas\u0103, protein\u0103 hidrolizat\u0103 de maz\u0103re, agent de \u00eengro\u0219are (gum\u0103 de ro\u0219cove, gum\u0103 xantan), clorur\u0103 de amoniu, acid (acid citric), arome naturale, concentrate de fructe \u0219i coloran\u021bi din plante (morcov negru, \u0219ofr\u0103na\u0219, cartof dulce, afine, m\u0103r), sare, arom\u0103 natural\u0103, protein\u0103 din cartof, ulei vegetal (floarea-soarelui), agent de glazurare (cear\u0103 de camahuba).<\/span><\/span> <span class=\"jCAhz ChMk0b\"><span class=\"ryNqvb\">Poate con\u021bine urme de LAPTE<\/span><\/span><\/span><br \/>\nVoedingswaarden \/ 100 g:<br \/>\nEnergie 1487 kJ \/ 350 kcal<br \/>\nGrasimi 0.2 g din care grasimi saturate &lt; 0.1 g<br \/>\nCarbohidrati 86 g din care zahar 51 g<br \/>\nProteine 0.6 g<br \/>\nSare 0.26 g<\/p>\n<p>Katja consumentenservice, Antwoordnummer 5520, 7040 ZX 's-Heerenberg, Nederland<br \/>\nImporteur en distributeur Total Blue Impex SRL<strong><br \/>\n<a href=\"https:\/\/totalblue.ro\/wp-content\/uploads\/2021\/02\/vegetarian.jpeg\"><img loading=\"lazy\" decoding=\"async\" class=\"alignnone wp-image-27413\" src=\"https:\/\/totalblue.ro\/wp-content\/uploads\/2021\/02\/vegetarian.jpeg\" alt=\"\" width=\"89\" height=\"89\" srcset=\"https:\/\/totalblue.ro\/wp-content\/uploads\/2021\/02\/vegetarian.jpeg 225w, https:\/\/totalblue.ro\/wp-content\/uploads\/2021\/02\/vegetarian-100x100.jpeg 100w\" sizes=\"auto, (max-width: 89px) 100vw, 89px\" \/><\/a><br \/>\n<\/strong><\/p>","protected":false},"excerpt":{"rendered":"<p>Jeleuri Farm Mix Katja 500 g Jeleuri vegane cu fructe si lemn dulce Ingrediente: Sirop de glucoz\u0103, zah\u0103r, amidon modificat, sirop de glucoz\u0103-fructoz\u0103, extract de lemn dulce (3%), melas\u0103, protein\u0103 hidrolizat\u0103 de maz\u0103re, agent de \u00eengro\u0219are (gum\u0103 de ro\u0219cove, gum\u0103 xantan), clorur\u0103 de amoniu, acid (acid citric), arome naturale, concentrate de fructe \u0219i coloran\u021bi din [&#8230;]\n","protected":false},"featured_media":138825,"comment_status":"open","ping_status":"closed","template":"","meta":{"_acf_changed":false,"_seopress_robots_primary_cat":"none","_seopress_titles_title":"","_seopress_titles_desc":"","_seopress_robots_index":""},"product_brand":[2070],"product_cat":[1555,3338,1767],"giftcard-category":[],"class_list":{"0":"post-138819","1":"product","2":"type-product","3":"status-publish","4":"has-post-thumbnail","6":"product_brand-katja","7":"product_cat-bacanie","8":"product_cat-dulciuri-snacksuri","9":"product_cat-produse-olanda","11":"first","12":"outofstock","13":"taxable","14":"shipping-taxable","15":"purchasable","16":"product-type-simple"},"acf":[],"_links":{"self":[{"href":"https:\/\/totalblue.ro\/nl\/wp-json\/wp\/v2\/product\/138819","targetHints":{"allow":["GET"]}}],"collection":[{"href":"https:\/\/totalblue.ro\/nl\/wp-json\/wp\/v2\/product"}],"about":[{"href":"https:\/\/totalblue.ro\/nl\/wp-json\/wp\/v2\/types\/product"}],"replies":[{"embeddable":true,"href":"https:\/\/totalblue.ro\/nl\/wp-json\/wp\/v2\/comments?post=138819"}],"wp:featuredmedia":[{"embeddable":true,"href":"https:\/\/totalblue.ro\/nl\/wp-json\/wp\/v2\/media\/138825"}],"wp:attachment":[{"href":"https:\/\/totalblue.ro\/nl\/wp-json\/wp\/v2\/media?parent=138819"}],"wp:term":[{"taxonomy":"product_brand","embeddable":true,"href":"https:\/\/totalblue.ro\/nl\/wp-json\/wp\/v2\/product_brand?post=138819"},{"taxonomy":"product_cat","embeddable":true,"href":"https:\/\/totalblue.ro\/nl\/wp-json\/wp\/v2\/product_cat?post=138819"},{"taxonomy":"giftcard-category","embeddable":true,"href":"https:\/\/totalblue.ro\/nl\/wp-json\/wp\/v2\/giftcard-category?post=138819"}],"curies":[{"name":"wp","href":"https:\/\/api.w.org\/{rel}","templated":true}]}}