{"id":163495,"date":"2024-06-11T16:25:07","date_gmt":"2024-06-11T13:25:07","guid":{"rendered":"https:\/\/totalblue.ro\/?post_type=product&#038;p=163495"},"modified":"2025-08-04T10:19:58","modified_gmt":"2025-08-04T07:19:58","slug":"eru-branza-tartinabila-cu-trufe-120g","status":"publish","type":"product","link":"https:\/\/totalblue.ro\/nl\/produs\/eru-branza-tartinabila-cu-trufe-120g\/","title":{"rendered":"ERU Branza tartinabila cu trufe 120g"},"content":{"rendered":"<p>Aceasta branza cremoasa tartinata cu bucati de trufe negre este un adevarat rasfat. O branza perfecta pentru gustari.<br \/>\nIngredi\u00ebnt : <span class=\"HwtZe\" lang=\"ro\"><span class=\"jCAhz ChMk0b\"><span class=\"ryNqvb\">br\u00e2nz\u0103, ap\u0103, amestec de trufe, unt, proteine \u200b\u200bdin lapte, zer praf, s\u0103ruri emulsionante, sare, arome.<\/span><\/span><\/span><br \/>\nVoedingswaarden \/ 100 g:<br \/>\nEnergie 1009 kJ (243 kcal)<br \/>\nGrasimi 20 g din care grasimi saturate 13 g<br \/>\nCarbohidrati 1,8 g din care zahar 1,7 g<br \/>\nEiwit 14 g<br \/>\nSare 2.1 g<\/p>","protected":false},"excerpt":{"rendered":"<p>Aceasta branza cremoasa tartinata cu bucati de trufe negre este un adevarat rasfat. O branza perfecta pentru gustari. Ingrediente : br\u00e2nz\u0103, ap\u0103, amestec de trufe, unt, proteine \u200b\u200bdin lapte, zer praf, s\u0103ruri emulsionante, sare, arome. Valori nutritionale \/ 100 g: Energie 1009 kJ (243 kcal) Grasimi 20 g din care grasimi saturate 13 g Carbohidrati [&#8230;]\n","protected":false},"featured_media":163502,"comment_status":"open","ping_status":"closed","template":"","meta":{"_acf_changed":false,"_seopress_robots_primary_cat":"none","_seopress_titles_title":"","_seopress_titles_desc":"","_seopress_robots_index":""},"product_brand":[16756],"product_cat":[1555,3288,4226,1767],"giftcard-category":[],"class_list":{"0":"post-163495","1":"product","2":"type-product","3":"status-publish","4":"has-post-thumbnail","6":"product_brand-eru","7":"product_cat-bacanie","8":"product_cat-branzeturi","9":"product_cat-branzeturi-bacanie","10":"product_cat-produse-olanda","12":"first","13":"outofstock","14":"taxable","15":"shipping-taxable","16":"purchasable","17":"product-type-simple"},"acf":[],"_links":{"self":[{"href":"https:\/\/totalblue.ro\/nl\/wp-json\/wp\/v2\/product\/163495","targetHints":{"allow":["GET"]}}],"collection":[{"href":"https:\/\/totalblue.ro\/nl\/wp-json\/wp\/v2\/product"}],"about":[{"href":"https:\/\/totalblue.ro\/nl\/wp-json\/wp\/v2\/types\/product"}],"replies":[{"embeddable":true,"href":"https:\/\/totalblue.ro\/nl\/wp-json\/wp\/v2\/comments?post=163495"}],"wp:featuredmedia":[{"embeddable":true,"href":"https:\/\/totalblue.ro\/nl\/wp-json\/wp\/v2\/media\/163502"}],"wp:attachment":[{"href":"https:\/\/totalblue.ro\/nl\/wp-json\/wp\/v2\/media?parent=163495"}],"wp:term":[{"taxonomy":"product_brand","embeddable":true,"href":"https:\/\/totalblue.ro\/nl\/wp-json\/wp\/v2\/product_brand?post=163495"},{"taxonomy":"product_cat","embeddable":true,"href":"https:\/\/totalblue.ro\/nl\/wp-json\/wp\/v2\/product_cat?post=163495"},{"taxonomy":"giftcard-category","embeddable":true,"href":"https:\/\/totalblue.ro\/nl\/wp-json\/wp\/v2\/giftcard-category?post=163495"}],"curies":[{"name":"wp","href":"https:\/\/api.w.org\/{rel}","templated":true}]}}