{"id":200965,"date":"2025-01-28T16:18:25","date_gmt":"2025-01-28T14:18:25","guid":{"rendered":"https:\/\/totalblue.ro\/?post_type=product&#038;p=200965"},"modified":"2026-03-26T14:36:47","modified_gmt":"2026-03-26T12:36:47","slug":"mix-fulgi-rotunzi-de-ciocolata-cu-lapte-venz-olanda-400g","status":"publish","type":"product","link":"https:\/\/totalblue.ro\/nl\/produs\/mix-fulgi-rotunzi-de-ciocolata-cu-lapte-venz-olanda-400g\/","title":{"rendered":"Venz Holland ronde melkchocoladevlokken 400g"},"content":{"rendered":"<p><span class=\"HwtZe\" lang=\"ro\"><span class=\"jCAhz ChMk0b\"><span class=\"ryNqvb\">Ingrediente: zah\u0103r, pudr\u0103 de cacao cu con\u021binut sc\u0103zut de gr\u0103simi*, unt de cacao*, LAPTE praf degresat, zer praf (LAPTE), LACTOZ\u0102, GRASIME DE LAPTE frac\u021bionat (frac\u021biune tare), LAPTE PRAF, emulgator (LECITIN\u0102 DE SOIA), fibre vegetale), (oligofructoz\u0103), arom\u0103 natural\u0103. <\/span><\/span><span class=\"jCAhz ChMk0b\"><span class=\"ryNqvb\">Informa\u021bii despre alergii <\/span><\/span><span class=\"jCAhz ChMk0b\"><span class=\"ryNqvb\">Contine: Lactoza, Lapte, Soia<br \/>\nVoedingswaarden \/ 100 g:<br \/>\nEnergie: 1888 kJ \/ 448 kcal<br \/>\nGrasimi: 14 g din care acizi grasi saturati: 8.3 g<br \/>\nCarbohidrati 72 g sau care zaharuri 71 g<br \/>\nProteine: 6 g<br \/>\nSare: 0.10 g<\/span><\/span><\/span><br \/>\nDepozitare: Se recomanda inainte de sfarsit: vezi partea de jos a ambalajului. A se pastra la rece si uscat.<\/p>\n<p>Fabricat in Olanda de H.J. Heinz B.V., Arnhemse Bovenweg 160-178,3708 AH,Zeist.<br \/>\nImporteur en distributeur Total Blue Impex SRL<\/p>","protected":false},"excerpt":{"rendered":"<p>Ingrediente: zah\u0103r, pudr\u0103 de cacao cu con\u021binut sc\u0103zut de gr\u0103simi*, unt de cacao*, LAPTE praf degresat, zer praf (LAPTE), LACTOZ\u0102, GRASIME DE LAPTE frac\u021bionat (frac\u021biune tare), LAPTE PRAF, emulgator (LECITIN\u0102 DE SOIA), fibre vegetale), (oligofructoz\u0103), arom\u0103 natural\u0103. Informa\u021bii despre alergii Contine: Lactoza, Lapte, Soia Valori nutritionale \/ 100 g: Energie: 1888 kJ \/ 448 kcal [&#8230;]\n","protected":false},"featured_media":200976,"comment_status":"open","ping_status":"closed","template":"","meta":{"_acf_changed":false,"_seopress_robots_primary_cat":"none","_seopress_titles_title":"","_seopress_titles_desc":"","_seopress_robots_index":""},"product_brand":[1981],"product_cat":[1555,1506,3338,3304,1767],"giftcard-category":[],"class_list":{"0":"post-200965","1":"product","2":"type-product","3":"status-publish","4":"has-post-thumbnail","6":"product_brand-venz","7":"product_cat-bacanie","8":"product_cat-cafea-ceai-mic-dejun","9":"product_cat-dulciuri-snacksuri","10":"product_cat-mic-dejun-produse-olanda","11":"product_cat-produse-olanda","13":"first","14":"instock","15":"taxable","16":"shipping-taxable","17":"purchasable","18":"product-type-simple"},"acf":[],"_links":{"self":[{"href":"https:\/\/totalblue.ro\/nl\/wp-json\/wp\/v2\/product\/200965","targetHints":{"allow":["GET"]}}],"collection":[{"href":"https:\/\/totalblue.ro\/nl\/wp-json\/wp\/v2\/product"}],"about":[{"href":"https:\/\/totalblue.ro\/nl\/wp-json\/wp\/v2\/types\/product"}],"replies":[{"embeddable":true,"href":"https:\/\/totalblue.ro\/nl\/wp-json\/wp\/v2\/comments?post=200965"}],"wp:featuredmedia":[{"embeddable":true,"href":"https:\/\/totalblue.ro\/nl\/wp-json\/wp\/v2\/media\/200976"}],"wp:attachment":[{"href":"https:\/\/totalblue.ro\/nl\/wp-json\/wp\/v2\/media?parent=200965"}],"wp:term":[{"taxonomy":"product_brand","embeddable":true,"href":"https:\/\/totalblue.ro\/nl\/wp-json\/wp\/v2\/product_brand?post=200965"},{"taxonomy":"product_cat","embeddable":true,"href":"https:\/\/totalblue.ro\/nl\/wp-json\/wp\/v2\/product_cat?post=200965"},{"taxonomy":"giftcard-category","embeddable":true,"href":"https:\/\/totalblue.ro\/nl\/wp-json\/wp\/v2\/giftcard-category?post=200965"}],"curies":[{"name":"wp","href":"https:\/\/api.w.org\/{rel}","templated":true}]}}