{"id":201055,"date":"2025-01-29T09:58:28","date_gmt":"2025-01-29T07:58:28","guid":{"rendered":"https:\/\/totalblue.ro\/?post_type=product&#038;p=201055"},"modified":"2026-03-20T16:19:57","modified_gmt":"2026-03-20T14:19:57","slug":"remia-french-dressing-250-ml","status":"publish","type":"product","link":"https:\/\/totalblue.ro\/nl\/produs\/remia-french-dressing-250-ml\/","title":{"rendered":"Remia French dressing 250 ml"},"content":{"rendered":"<div id=\"tab-description\" class=\"woocommerce-Tabs-panel woocommerce-Tabs-panel--description panel entry-content active\" role=\"tabpanel\" aria-labelledby=\"tab-title-description\">\n<p>Ingredi\u00ebnt : <span class=\"HwtZe\" lang=\"ro\"><span class=\"jCAhz ChMk0b\"><span class=\"ryNqvb\">ap\u0103 potabil\u0103;<\/span><\/span> <span class=\"jCAhz\"><span class=\"ryNqvb\">ulei de rapi\u021b\u0103;<\/span><\/span> <span class=\"jCAhz\"><span class=\"ryNqvb\">19% o\u021bet;<\/span><\/span> <span class=\"jCAhz\"><span class=\"ryNqvb\">suc de lamaie;<\/span><\/span> <span class=\"jCAhz ChMk0b\"><span class=\"ryNqvb\">Mu\u0219tar de Dijon (ap\u0103 de b\u0103ut; semin\u021be de mu\u0219tar; o\u021bet; sare de mas\u0103);<\/span><\/span> <span class=\"jCAhz\"><span class=\"ryNqvb\">4,5% tarhon;<\/span><\/span> <span class=\"jCAhz\"><span class=\"ryNqvb\">2,5% patrunjel;<\/span><\/span> <span class=\"jCAhz ChMk0b\"><span class=\"ryNqvb\">zah\u0103r;<\/span><\/span> <span class=\"jCAhz ChMk0b\"><span class=\"ryNqvb\">amidon de porumb;<\/span><\/span> <span class=\"jCAhz\"><span class=\"ryNqvb\">sare de mas\u0103;<\/span><\/span> <span class=\"jCAhz\"><span class=\"ryNqvb\">usturoi;<\/span><\/span> <span class=\"jCAhz\"><span class=\"ryNqvb\">condimente;<\/span><\/span> <span class=\"jCAhz\"><span class=\"ryNqvb\">extract de ceapa;<\/span><\/span> <span class=\"jCAhz ChMk0b\"><span class=\"ryNqvb\">agent de \u00eengro\u0219are (gum\u0103 xantan);<\/span><\/span> <span class=\"jCAhz ChMk0b\"><span class=\"ryNqvb\">arome naturale, antioxidant: calciu disodic EDTA.<\/span><\/span><\/span><br \/>\nVoedingswaarden \/ 100 g:<br \/>\nEnergie 1064 kJ (258 kcal)<br \/>\nGrasime 26 g din care satura\u021bi 1.9 g<br \/>\nCarbohidrati 4.9 g din care zaharuri 2.6 g<br \/>\nProteine \u200b\u200b0.6 g<br \/>\nSare 2.2 g<br \/>\nRemia Consumenten Service, Antwoordnummer 32, 3720 ZC Den Dolder, Nederland<br \/>\nImporteur en distributeur Total Blue Impex SRL<\/p>\n<\/div>","protected":false},"excerpt":{"rendered":"<p>Ingrediente : ap\u0103 potabil\u0103; ulei de rapi\u021b\u0103; 19% o\u021bet; suc de lamaie; Mu\u0219tar de Dijon (ap\u0103 de b\u0103ut; semin\u021be de mu\u0219tar; o\u021bet; sare de mas\u0103); 4,5% tarhon; 2,5% patrunjel; zah\u0103r; amidon de porumb; sare de mas\u0103; usturoi; condimente; extract de ceapa; agent de \u00eengro\u0219are (gum\u0103 xantan); arome naturale, antioxidant: calciu disodic EDTA. Valori nutritionale \/ [&#8230;]\n","protected":false},"featured_media":201062,"comment_status":"open","ping_status":"closed","template":"","meta":{"_acf_changed":false,"_seopress_robots_primary_cat":"1767","_seopress_titles_title":"","_seopress_titles_desc":"","_seopress_robots_index":""},"product_brand":[2045],"product_cat":[1555,3280,1451,1767],"giftcard-category":[],"class_list":{"0":"post-201055","1":"product","2":"type-product","3":"status-publish","4":"has-post-thumbnail","6":"product_brand-remia","7":"product_cat-bacanie","8":"product_cat-condimente-sosuri","9":"product_cat-condimente-produse-instant","10":"product_cat-produse-olanda","12":"first","13":"instock","14":"taxable","15":"shipping-taxable","16":"purchasable","17":"product-type-simple"},"acf":[],"_links":{"self":[{"href":"https:\/\/totalblue.ro\/nl\/wp-json\/wp\/v2\/product\/201055","targetHints":{"allow":["GET"]}}],"collection":[{"href":"https:\/\/totalblue.ro\/nl\/wp-json\/wp\/v2\/product"}],"about":[{"href":"https:\/\/totalblue.ro\/nl\/wp-json\/wp\/v2\/types\/product"}],"replies":[{"embeddable":true,"href":"https:\/\/totalblue.ro\/nl\/wp-json\/wp\/v2\/comments?post=201055"}],"wp:featuredmedia":[{"embeddable":true,"href":"https:\/\/totalblue.ro\/nl\/wp-json\/wp\/v2\/media\/201062"}],"wp:attachment":[{"href":"https:\/\/totalblue.ro\/nl\/wp-json\/wp\/v2\/media?parent=201055"}],"wp:term":[{"taxonomy":"product_brand","embeddable":true,"href":"https:\/\/totalblue.ro\/nl\/wp-json\/wp\/v2\/product_brand?post=201055"},{"taxonomy":"product_cat","embeddable":true,"href":"https:\/\/totalblue.ro\/nl\/wp-json\/wp\/v2\/product_cat?post=201055"},{"taxonomy":"giftcard-category","embeddable":true,"href":"https:\/\/totalblue.ro\/nl\/wp-json\/wp\/v2\/giftcard-category?post=201055"}],"curies":[{"name":"wp","href":"https:\/\/api.w.org\/{rel}","templated":true}]}}