{"id":242399,"date":"2025-10-13T16:28:43","date_gmt":"2025-10-13T13:28:43","guid":{"rendered":"https:\/\/totalblue.ro\/?post_type=product&#038;p=242399"},"modified":"2026-01-23T14:55:25","modified_gmt":"2026-01-23T12:55:25","slug":"knorr-baza-condimente-pentru-macaroane-85g","status":"publish","type":"product","link":"https:\/\/totalblue.ro\/nl\/produs\/knorr-baza-condimente-pentru-macaroane-85g\/","title":{"rendered":"Knorr Baza condimente pentru macaroane 85g"},"content":{"rendered":"<p>Knorr pentru macaroane este rapid si usor de preparat.<br \/>\nCreati o masa delicioasa cu multe legume.<br \/>\nMixul pentru macaroane intr-un pachet economic pentru 5-6 persoane.<br \/>\nUscat cu grija si amestecat cu ierburi si condimente.<br \/>\nIngrediente: pudra de rosii 44%, aroma, sare iodata, amidon de cartofi, zahar, sare minerala (potasiu), proteine \u200b\u200bvegetale hidrolizate, ierburi (oregano, patrunjel, rozmarin, busuioc), pudra de ceapa 1,7%, ceapa prajita (1,7%, condimente) usturoi\u00b9, piper), extract de drojdie, ulei de porumb, morcov 0,8%, praz 0,8%. Poate contine telina, gluten, ou, lapte, mustar, soia.<br \/>\nPoate contine: oua, telina, cereale care contin gluten, mustar, lapte, soia<br \/>\nVoedingswaarden<br \/>\nDeze waarden gelden voor het bereide product.<br \/>\nTip per 100 gram<br \/>\nEnergie 502 kJ (120 kcal)<br \/>\nGrasimi 2,9 g din care acizi grasi saturati 0,6 g<br \/>\nCarbohidrati 16 g din care zaharuri 2,6 g<br \/>\nFibre alimentare 2 g<br \/>\nProteine \u200b\u200b6,9 \u200b\u200bg<br \/>\nSare 0,61 g<br \/>\nMod de preparare :<br \/>\n<span class=\"HwtZe\" lang=\"ro\"><span class=\"jCAhz JxVs2d ChMk0b\"><span class=\"ryNqvb\">1. Incinge 2 linguri de ulei \u00eentr-un tigaie \u0219i pr\u0103je\u0219te carnea tocat\u0103.<\/span><\/span> <span class=\"jCAhz JxVs2d ChMk0b\"><span class=\"ryNqvb\">Se adauga si legumele si se prajesc pentru c\u00e2teva minute.<br \/>\n<\/span><\/span><span class=\"jCAhz JxVs2d ChMk0b\"><span class=\"ryNqvb\">2. Ad\u0103uga\u021bi 150 ml ap\u0103 \u0219i con\u021binutul acestei pungi.<\/span><\/span> <span class=\"jCAhz JxVs2d ChMk0b\"><span class=\"ryNqvb\">Se aduce la fierbere amestec\u00e2nd \u0219i se las\u0103 s\u0103 fiarb\u0103 3-5 minute.<br \/>\n<\/span><\/span><span class=\"jCAhz JxVs2d ChMk0b\"><span class=\"ryNqvb\">3. Ad\u0103uga\u021bi macaroanele fierte \u00een sos \u0219i amesteca\u021bi totul bine.<\/span><\/span><\/span><\/p>","protected":false},"excerpt":{"rendered":"<p>Knorr pentru macaroane este rapid si usor de preparat. Creati o masa delicioasa cu multe legume. Mixul pentru macaroane intr-un pachet economic pentru 5-6 persoane. Uscat cu grija si amestecat cu ierburi si condimente. Ingrediente: pudra de rosii 44%, aroma, sare iodata, amidon de cartofi, zahar, sare minerala (potasiu), proteine \u200b\u200bvegetale hidrolizate, ierburi (oregano, patrunjel, [&#8230;]\n","protected":false},"featured_media":242400,"comment_status":"open","ping_status":"closed","template":"","meta":{"_acf_changed":false,"_seopress_robots_primary_cat":"none","_seopress_titles_title":"","_seopress_titles_desc":"","_seopress_robots_index":""},"product_brand":[1870],"product_cat":[1555,3280,1451,1767],"giftcard-category":[],"class_list":{"0":"post-242399","1":"product","2":"type-product","3":"status-publish","4":"has-post-thumbnail","6":"product_brand-knorr","7":"product_cat-bacanie","8":"product_cat-condimente-sosuri","9":"product_cat-condimente-produse-instant","10":"product_cat-produse-olanda","12":"first","13":"instock","14":"taxable","15":"shipping-taxable","16":"purchasable","17":"product-type-simple"},"acf":[],"_links":{"self":[{"href":"https:\/\/totalblue.ro\/nl\/wp-json\/wp\/v2\/product\/242399","targetHints":{"allow":["GET"]}}],"collection":[{"href":"https:\/\/totalblue.ro\/nl\/wp-json\/wp\/v2\/product"}],"about":[{"href":"https:\/\/totalblue.ro\/nl\/wp-json\/wp\/v2\/types\/product"}],"replies":[{"embeddable":true,"href":"https:\/\/totalblue.ro\/nl\/wp-json\/wp\/v2\/comments?post=242399"}],"wp:featuredmedia":[{"embeddable":true,"href":"https:\/\/totalblue.ro\/nl\/wp-json\/wp\/v2\/media\/242400"}],"wp:attachment":[{"href":"https:\/\/totalblue.ro\/nl\/wp-json\/wp\/v2\/media?parent=242399"}],"wp:term":[{"taxonomy":"product_brand","embeddable":true,"href":"https:\/\/totalblue.ro\/nl\/wp-json\/wp\/v2\/product_brand?post=242399"},{"taxonomy":"product_cat","embeddable":true,"href":"https:\/\/totalblue.ro\/nl\/wp-json\/wp\/v2\/product_cat?post=242399"},{"taxonomy":"giftcard-category","embeddable":true,"href":"https:\/\/totalblue.ro\/nl\/wp-json\/wp\/v2\/giftcard-category?post=242399"}],"curies":[{"name":"wp","href":"https:\/\/api.w.org\/{rel}","templated":true}]}}