{"id":24371,"date":"2020-08-21T16:53:16","date_gmt":"2020-08-21T13:53:16","guid":{"rendered":"https:\/\/totalblue.ro\/?post_type=product&#038;p=24371"},"modified":"2025-08-05T15:10:37","modified_gmt":"2025-08-05T12:10:37","slug":"dr-oetker-zahar-vanilat-bourbon-8-grame","status":"publish","type":"product","link":"https:\/\/totalblue.ro\/nl\/produs\/dr-oetker-zahar-vanilat-bourbon-8-grame\/","title":{"rendered":"Dr Oetker Bourbon vanillesuiker 8 gram"},"content":{"rendered":"<p>Un zah\u0103r vanilat \u00eennobilat cu extract \u015fi p\u0103st\u0103i m\u0103run\u0163ite de vanilie Bourbon de cea mai bun\u0103 calitate cu ajutorul c\u0103ruia deserturile \u015fi pr\u0103jiturile vor avea un gust deosebit \u015fi un plus de savoare. Con\u0163inutul unui plic este suficient pentru 500 g f\u0103in\u0103 sau pentru un desert din 0,5-1 l lapte.<br \/>\nSe poate folosi pentru: fri\u0219c\u0103\u00a0b\u0103tut\u0103, deserturi, salate de fructe,\u00a0deserturi pe baz\u0103 de br\u00e2nz\u0103 dulce,\u00a0compoturi, pr\u0103jituri \u0219i produse de\u00a0cofet\u0103rie, b\u0103uturi pe baz\u0103 de lapte.<br \/>\nBrand: Dr.Oetker<br \/>\nIngrediente: Zahar, pastai maruntite de vanilie, extract de vanilie Bourbon.<br \/>\nPastrare: A se pastra la loc uscat si racoros!<\/p>","protected":false},"excerpt":{"rendered":"<p>Un zah\u0103r vanilat \u00eennobilat cu extract \u015fi p\u0103st\u0103i m\u0103run\u0163ite de vanilie Bourbon de cea mai bun\u0103 calitate cu ajutorul c\u0103ruia deserturile \u015fi pr\u0103jiturile vor avea un gust deosebit \u015fi un plus de savoare.<\/p>","protected":false},"featured_media":24373,"comment_status":"open","ping_status":"closed","template":"","meta":{"_acf_changed":false,"_seopress_robots_primary_cat":"none","_seopress_titles_title":"","_seopress_titles_desc":"Un zah\u0103r vanilat \u00eennobilat cu extract \u015fi p\u0103st\u0103i m\u0103run\u0163ite de vanilie Bourbon de cea mai bun\u0103 calitate.","_seopress_robots_index":""},"product_brand":[1832],"product_cat":[1555,1451,1362],"giftcard-category":[],"class_list":{"0":"post-24371","1":"product","2":"type-product","3":"status-publish","4":"has-post-thumbnail","6":"product_brand-dr-oetker","7":"product_cat-bacanie","8":"product_cat-condimente-produse-instant","9":"product_cat-ulei-orez-faina-zahar","11":"first","12":"outofstock","13":"taxable","14":"shipping-taxable","15":"purchasable","16":"product-type-simple"},"acf":[],"_links":{"self":[{"href":"https:\/\/totalblue.ro\/nl\/wp-json\/wp\/v2\/product\/24371","targetHints":{"allow":["GET"]}}],"collection":[{"href":"https:\/\/totalblue.ro\/nl\/wp-json\/wp\/v2\/product"}],"about":[{"href":"https:\/\/totalblue.ro\/nl\/wp-json\/wp\/v2\/types\/product"}],"replies":[{"embeddable":true,"href":"https:\/\/totalblue.ro\/nl\/wp-json\/wp\/v2\/comments?post=24371"}],"wp:featuredmedia":[{"embeddable":true,"href":"https:\/\/totalblue.ro\/nl\/wp-json\/wp\/v2\/media\/24373"}],"wp:attachment":[{"href":"https:\/\/totalblue.ro\/nl\/wp-json\/wp\/v2\/media?parent=24371"}],"wp:term":[{"taxonomy":"product_brand","embeddable":true,"href":"https:\/\/totalblue.ro\/nl\/wp-json\/wp\/v2\/product_brand?post=24371"},{"taxonomy":"product_cat","embeddable":true,"href":"https:\/\/totalblue.ro\/nl\/wp-json\/wp\/v2\/product_cat?post=24371"},{"taxonomy":"giftcard-category","embeddable":true,"href":"https:\/\/totalblue.ro\/nl\/wp-json\/wp\/v2\/giftcard-category?post=24371"}],"curies":[{"name":"wp","href":"https:\/\/api.w.org\/{rel}","templated":true}]}}