{"id":25466,"date":"2020-09-16T15:45:11","date_gmt":"2020-09-16T12:45:11","guid":{"rendered":"https:\/\/totalblue.ro\/?post_type=product&#038;p=25466"},"modified":"2023-04-21T08:58:01","modified_gmt":"2023-04-21T05:58:01","slug":"palmolive-gel-de-dus-cremos-orchid-250-ml","status":"publish","type":"product","link":"https:\/\/totalblue.ro\/nl\/produs\/palmolive-gel-de-dus-cremos-orchid-250-ml\/","title":{"rendered":"Palmolive Orchidee Cr\u00e8me Douchegel 250 ml"},"content":{"rendered":"<div>\n<div>\n<p>Gelul de dus irezistibil de moale este imbogatit cu lapte hidratant si extracte de origine naturala de 100% din Orchid si Aloe Vera.<br \/>\nFormula sa bogata si catifelata va impacheteaza in mirosul senzual al florilor exotice.<br \/>\nTestat dermatologic.<\/p>\n<p><strong>Mod de utilizare<\/strong>: Se aplic\u0103 pe pielea umed\u0103, se maseaz\u0103 u\u0219or \u0219i se cl\u0103te\u0219te cu ap\u0103 din abunden\u021b\u0103<br \/>\nBrand: Palmolive<br \/>\n<strong><br \/>\nPrecautii:<br \/>\n<\/strong>\u00a0A se pastra in incaperi uscate, ferite de surse directe de caldura sau inghet. A se utiliza, de preferinta, inainte de data inscriptionata pe ambalaj.<\/p>\n<p><strong>Ingredi\u00ebnt:<\/strong> Aqua, Sodium C12-13 Pareth Sulfate\/ Sodium Laureth Sulfate, Cocamidopropyl Betaine, Glycerin, Parfum, Sodium Chloride, Cocamide MEA, Styrene\/ Acrylates Cololymer, Sodium Salicylate, Sodium Benzonate, Polyquaternium-7, Citric Acid, Tetrasodium EDTA, Glycol Distearate, Poloxamer 124, Laureth-4, Tocopherol, Linoleic Acid, Phalaenopsis Amabilis Extract, Aloe Barbadensis Leaf Extract, Benzyl Salicilate, Butylphenyl Methylpropional, Coumarin, Geraniol, Limonene, Linalool, CI42090, CI17200.<\/p>\n<\/div>\n<\/div>","protected":false},"excerpt":{"rendered":"<p>Gelul de dus irezistibil de moale este imbogatit cu lapte hidratant si extracte de origine naturala de 100% din Orchid si Aloe Vera.<br \/>\nFormula sa bogata si catifelata va impacheteaza in mirosul senzual al florilor exotice.<\/p>","protected":false},"featured_media":25467,"comment_status":"open","ping_status":"closed","template":"","meta":{"_acf_changed":false,"_seopress_robots_primary_cat":"none","_seopress_titles_title":"","_seopress_titles_desc":"Livrare rapida Palmolive gel de dus cremos, parfum de orhidee. Pret avantajos. Gel de dus hidratant Palmolive ieftin.","_seopress_robots_index":""},"product_brand":[1892],"product_cat":[1558,1717],"giftcard-category":[],"class_list":{"0":"post-25466","1":"product","2":"type-product","3":"status-publish","4":"has-post-thumbnail","6":"product_brand-palmolive","7":"product_cat-cosmetice-sanatate","8":"product_cat-deodorante-gel-dus","10":"first","11":"outofstock","12":"taxable","13":"shipping-taxable","14":"purchasable","15":"product-type-simple"},"acf":[],"_links":{"self":[{"href":"https:\/\/totalblue.ro\/nl\/wp-json\/wp\/v2\/product\/25466","targetHints":{"allow":["GET"]}}],"collection":[{"href":"https:\/\/totalblue.ro\/nl\/wp-json\/wp\/v2\/product"}],"about":[{"href":"https:\/\/totalblue.ro\/nl\/wp-json\/wp\/v2\/types\/product"}],"replies":[{"embeddable":true,"href":"https:\/\/totalblue.ro\/nl\/wp-json\/wp\/v2\/comments?post=25466"}],"wp:featuredmedia":[{"embeddable":true,"href":"https:\/\/totalblue.ro\/nl\/wp-json\/wp\/v2\/media\/25467"}],"wp:attachment":[{"href":"https:\/\/totalblue.ro\/nl\/wp-json\/wp\/v2\/media?parent=25466"}],"wp:term":[{"taxonomy":"product_brand","embeddable":true,"href":"https:\/\/totalblue.ro\/nl\/wp-json\/wp\/v2\/product_brand?post=25466"},{"taxonomy":"product_cat","embeddable":true,"href":"https:\/\/totalblue.ro\/nl\/wp-json\/wp\/v2\/product_cat?post=25466"},{"taxonomy":"giftcard-category","embeddable":true,"href":"https:\/\/totalblue.ro\/nl\/wp-json\/wp\/v2\/giftcard-category?post=25466"}],"curies":[{"name":"wp","href":"https:\/\/api.w.org\/{rel}","templated":true}]}}