{"id":25705,"date":"2020-10-13T16:22:56","date_gmt":"2020-10-13T13:22:56","guid":{"rendered":"https:\/\/totalblue.ro\/?post_type=product&#038;p=25705"},"modified":"2025-08-05T12:48:02","modified_gmt":"2025-08-05T09:48:02","slug":"belin-ceai-de-galbenele-18-pliculete","status":"publish","type":"product","link":"https:\/\/totalblue.ro\/nl\/produs\/belin-ceai-de-galbenele-18-pliculete\/","title":{"rendered":"BELiN - Goudsbloem thee, 18 builtjes"},"content":{"rendered":"<p>BELiN - Goudsbloem thee, 18 builtjes<br \/>\n<strong>Ingredi\u00ebnt: <\/strong><span lang=\"PL\">flori de galbenele (Calendula Officinalis ).<br \/>\n<\/span>Gramaj: 18 g<\/p>\n<table border=\"1\" cellspacing=\"0\" cellpadding=\"0\">\n<tbody>\n<tr>\n<td>Uz intern<\/td>\n<td>Uz extern<\/td>\n<\/tr>\n<tr>\n<td>&#8211; sus\u021bine func\u021bionarea normal\u0103 a ficatului, stimuleaz\u0103 contrac\u021bia vezicii biliare \u0219i determin\u0103 eliminarea secre\u021biilor biliare<br \/>\n&#8211; actioneaz\u0103 asupra sistemului endocrin feminin, regl\u00e2nd ciclul \u0219i amelior\u00e2nd durerile asociate acestuia<br \/>\n&#8211;\u00a0 stimuleaz\u0103 vederea, prin ac\u021biunea complexa a carotenoidelor<\/td>\n<td>\u00a0&#8211; reduce agresivitatea proceselor inflamatorii de la nivelul pielii, al cavit\u0103\u021bii bucale sau al organelor sexuale<br \/>\n&#8211; stimuleaz\u0103 circula\u021bia periferic\u0103, determin\u00e2nd astfel gr\u0103birea cicatriz\u0103rii r\u0103nilor \u0219i reepitelizarea \u021besutului cutanat afectat de diverse traumatisme (arsuri, deger\u0103turi, etc.)<br \/>\n&#8211;\u00a0 manifest\u0103 ac\u021biune antiseptic\u0103 si antistafilococic\u0103 la nivelul organelor de vedere<\/td>\n<\/tr>\n<\/tbody>\n<\/table>","protected":false},"excerpt":{"rendered":"<p>BELiN - Goudsbloem thee, 18 builtjes<\/p>","protected":false},"featured_media":25706,"comment_status":"open","ping_status":"closed","template":"","meta":{"_acf_changed":false,"_seopress_robots_primary_cat":"none","_seopress_titles_title":"","_seopress_titles_desc":"BELiN - Ceai de galbenele, 18 pliculete. Amestec de fructe si plante pentru infuzie.Produsul nu contine coloranti sintetici.","_seopress_robots_index":""},"product_brand":[1801],"product_cat":[1555,1506],"giftcard-category":[],"class_list":{"0":"post-25705","1":"product","2":"type-product","3":"status-publish","4":"has-post-thumbnail","6":"product_brand-belin","7":"product_cat-bacanie","8":"product_cat-cafea-ceai-mic-dejun","10":"first","11":"outofstock","12":"taxable","13":"shipping-taxable","14":"purchasable","15":"product-type-simple"},"acf":[],"_links":{"self":[{"href":"https:\/\/totalblue.ro\/nl\/wp-json\/wp\/v2\/product\/25705","targetHints":{"allow":["GET"]}}],"collection":[{"href":"https:\/\/totalblue.ro\/nl\/wp-json\/wp\/v2\/product"}],"about":[{"href":"https:\/\/totalblue.ro\/nl\/wp-json\/wp\/v2\/types\/product"}],"replies":[{"embeddable":true,"href":"https:\/\/totalblue.ro\/nl\/wp-json\/wp\/v2\/comments?post=25705"}],"wp:featuredmedia":[{"embeddable":true,"href":"https:\/\/totalblue.ro\/nl\/wp-json\/wp\/v2\/media\/25706"}],"wp:attachment":[{"href":"https:\/\/totalblue.ro\/nl\/wp-json\/wp\/v2\/media?parent=25705"}],"wp:term":[{"taxonomy":"product_brand","embeddable":true,"href":"https:\/\/totalblue.ro\/nl\/wp-json\/wp\/v2\/product_brand?post=25705"},{"taxonomy":"product_cat","embeddable":true,"href":"https:\/\/totalblue.ro\/nl\/wp-json\/wp\/v2\/product_cat?post=25705"},{"taxonomy":"giftcard-category","embeddable":true,"href":"https:\/\/totalblue.ro\/nl\/wp-json\/wp\/v2\/giftcard-category?post=25705"}],"curies":[{"name":"wp","href":"https:\/\/api.w.org\/{rel}","templated":true}]}}