{"id":25707,"date":"2020-10-13T16:25:48","date_gmt":"2020-10-13T13:25:48","guid":{"rendered":"https:\/\/totalblue.ro\/?post_type=product&#038;p=25707"},"modified":"2025-08-05T12:48:01","modified_gmt":"2025-08-05T09:48:01","slug":"belin-ceai-de-musetel-20-pliculete","status":"publish","type":"product","link":"https:\/\/totalblue.ro\/nl\/produs\/belin-ceai-de-musetel-20-pliculete\/","title":{"rendered":"BELiN - Kamillethee, 20 builtjes"},"content":{"rendered":"<p>BELiN - Kamillethee, 20 builtjes<br \/>\n<strong>Ingredi\u00ebnt:<\/strong><span lang=\"PL\">flori de musetel ( Anthodium Chamomillae ).<br \/>\n<\/span>Gramaj: 36 g<\/p>\n<table border=\"1\" cellspacing=\"0\" cellpadding=\"0\">\n<tbody>\n<tr>\n<td>Uz intern<\/td>\n<td>Uz extern<\/td>\n<\/tr>\n<tr>\n<td>&#8211; optimizeaz\u0103 nutri\u021bia\u00a0 prin reglarea secre\u021biilor sucurilor digestive si normalizarea func\u021biilor tractului intestinal<br \/>\n&#8211; contribuie la int\u0103rirea sistemului imunitar prin stimularea capacit\u0103\u021bii de autoap\u0103rare a organismului<br \/>\n&#8211; asigur\u0103 protec\u021bia celulelor si \u021besuturilor organismului prin neutralizarea ac\u021biunii nocive a radicalilor liberi de oxigen<br \/>\n&#8211; diminueaz\u0103 sau inhib\u0103 procesele alergice, restabilind func\u021bionarea sistemului imunitar<br \/>\n&#8211; inactiveaz\u0103 toxinele bacteriene \u015fi contribuie la eliminarea acestora<\/td>\n<td>&#8211; reduce inflama\u021biile locale si stimuleaz\u0103 procesele de regenerare tisulara prin apari\u021bia \u021besuturilor de granula\u021bie si epitelizare<br \/>\n&#8211; asigur\u0103 protec\u021bie impotriva radia\u021biilor<br \/>\n&#8211; indispensabil in toate afec\u021biunile care presupun existenta unui proces infec\u021bios prin ac\u021biunea sa complex\u0103 antibacterian\u0103, antiseptic\u0103, antihistaminic\u0103 si antiinflamatoare.<\/td>\n<\/tr>\n<\/tbody>\n<\/table>","protected":false},"excerpt":{"rendered":"<p>BELiN - Kamillethee, 20 builtjes<\/p>","protected":false},"featured_media":25708,"comment_status":"open","ping_status":"closed","template":"","meta":{"_acf_changed":false,"_seopress_robots_primary_cat":"none","_seopress_titles_title":"","_seopress_titles_desc":"BELiN - Ceai de musetel, 20 pliculete .Amestec de fructe si plante pentru infuzie.Produsul nu contine coloranti sintetici.","_seopress_robots_index":""},"product_brand":[1801],"product_cat":[1555,1506],"giftcard-category":[],"class_list":{"0":"post-25707","1":"product","2":"type-product","3":"status-publish","4":"has-post-thumbnail","6":"product_brand-belin","7":"product_cat-bacanie","8":"product_cat-cafea-ceai-mic-dejun","10":"first","11":"outofstock","12":"taxable","13":"shipping-taxable","14":"purchasable","15":"product-type-simple"},"acf":[],"_links":{"self":[{"href":"https:\/\/totalblue.ro\/nl\/wp-json\/wp\/v2\/product\/25707","targetHints":{"allow":["GET"]}}],"collection":[{"href":"https:\/\/totalblue.ro\/nl\/wp-json\/wp\/v2\/product"}],"about":[{"href":"https:\/\/totalblue.ro\/nl\/wp-json\/wp\/v2\/types\/product"}],"replies":[{"embeddable":true,"href":"https:\/\/totalblue.ro\/nl\/wp-json\/wp\/v2\/comments?post=25707"}],"wp:featuredmedia":[{"embeddable":true,"href":"https:\/\/totalblue.ro\/nl\/wp-json\/wp\/v2\/media\/25708"}],"wp:attachment":[{"href":"https:\/\/totalblue.ro\/nl\/wp-json\/wp\/v2\/media?parent=25707"}],"wp:term":[{"taxonomy":"product_brand","embeddable":true,"href":"https:\/\/totalblue.ro\/nl\/wp-json\/wp\/v2\/product_brand?post=25707"},{"taxonomy":"product_cat","embeddable":true,"href":"https:\/\/totalblue.ro\/nl\/wp-json\/wp\/v2\/product_cat?post=25707"},{"taxonomy":"giftcard-category","embeddable":true,"href":"https:\/\/totalblue.ro\/nl\/wp-json\/wp\/v2\/giftcard-category?post=25707"}],"curies":[{"name":"wp","href":"https:\/\/api.w.org\/{rel}","templated":true}]}}