{"id":25776,"date":"2020-10-15T15:24:54","date_gmt":"2020-10-15T12:24:54","guid":{"rendered":"https:\/\/totalblue.ro\/?post_type=product&#038;p=25776"},"modified":"2025-08-05T11:58:45","modified_gmt":"2025-08-05T08:58:45","slug":"alex-star-castraveti-in-otet-6-9-cm-680-g","status":"publish","type":"product","link":"https:\/\/totalblue.ro\/nl\/produs\/alex-star-castraveti-in-otet-6-9-cm-680-g\/","title":{"rendered":"Alex Star Castraveti in otet 6-9 cm 680 g"},"content":{"rendered":"<div class=\"gdlr-core-pbf-element\">\n<div class=\"gdlr-core-text-box-item gdlr-core-item-pdlr gdlr-core-item-pdb gdlr-core-left-align textdetaliiprodus\">\n<div class=\"gdlr-core-text-box-item-content\">\n<p>Alex Star Castraveti in otet 6-9 cm 680 g<\/p>\n<table border=\"1\" width=\"0\" cellspacing=\"0\" cellpadding=\"2\">\n<tbody>\n<tr>\n<td valign=\"top\" width=\"224\">Cantitate net\u0103:<\/td>\n<td valign=\"top\" width=\"161\">680g<\/td>\n<\/tr>\n<tr>\n<td valign=\"top\" width=\"224\">Capacitate recipient:<\/td>\n<td valign=\"top\" width=\"161\">720 ml<\/td>\n<\/tr>\n<tr>\n<td valign=\"top\" width=\"224\">Cantitate net\u0103 f\u0103r\u0103 lichid:<\/td>\n<td valign=\"top\" width=\"161\">680g<\/td>\n<\/tr>\n<\/tbody>\n<\/table>\n<\/div>\n<\/div>\n<\/div>\n<div class=\"gdlr-core-pbf-element\">\n<div class=\"gdlr-core-text-box-item gdlr-core-item-pdlr gdlr-core-item-pdb gdlr-core-left-align textdetaliiprodus\">\n<div class=\"gdlr-core-text-box-item-content\">\n<p>INGREDIENTE:<br \/>\ncastrave\u021bi 6-9 cm, ap\u0103, o\u021bet, zah\u0103r, sare, m\u0103rar, condimente: mu\u0219tar boabe<\/p>\n<table border=\"1\" width=\"0\" cellspacing=\"0\" cellpadding=\"2\">\n<tbody>\n<tr>\n<td valign=\"top\" width=\"224\"><strong>VALORI NUTRI\u021aIONALE <\/strong><\/td>\n<td colspan=\"2\" valign=\"top\" width=\"161\"><strong>100 g <\/strong><\/td>\n<\/tr>\n<tr>\n<td valign=\"top\" width=\"224\">Valoare energetic\u0103<\/td>\n<td valign=\"top\" width=\"161\">12kcal\/50kJ<\/td>\n<\/tr>\n<tr>\n<td valign=\"top\" width=\"224\">Gr\u0103simi<\/td>\n<td valign=\"top\" width=\"161\">0,00 g<\/td>\n<\/tr>\n<tr>\n<td valign=\"top\" width=\"224\">din care acizi gra\u0219i satura\u021bi<\/td>\n<td valign=\"top\" width=\"161\">0,00 g<\/td>\n<\/tr>\n<tr>\n<td valign=\"top\" width=\"224\">Koolhydraten<\/td>\n<td valign=\"top\" width=\"161\">2,19 g<\/td>\n<\/tr>\n<tr>\n<td valign=\"top\" width=\"224\">din care zaharuri<\/td>\n<td valign=\"top\" width=\"161\">1,86 g<\/td>\n<\/tr>\n<tr>\n<td valign=\"top\" width=\"224\">Eiwit<\/td>\n<td valign=\"top\" width=\"161\">0,77 g<\/td>\n<\/tr>\n<tr>\n<td valign=\"top\" width=\"224\">Sare<\/td>\n<td valign=\"top\" width=\"161\">1,13<\/td>\n<\/tr>\n<\/tbody>\n<\/table>\n<\/div>\n<\/div>\n<\/div>","protected":false},"excerpt":{"rendered":"<p>Alex Star Castraveti in otet 6-9 cm 680 g<\/p>","protected":false},"featured_media":25778,"comment_status":"open","ping_status":"closed","template":"","meta":{"_acf_changed":false,"_seopress_robots_primary_cat":"none","_seopress_titles_title":"","_seopress_titles_desc":"Alex Star Castraveti in otet 6-9 cm 680 g livrare rapida din stoc Bucuresti! Preturi mici, transport gratuit","_seopress_robots_index":""},"product_brand":[1784],"product_cat":[1555,1683],"giftcard-category":[],"class_list":{"0":"post-25776","1":"product","2":"type-product","3":"status-publish","4":"has-post-thumbnail","6":"product_brand-alex-star","7":"product_cat-bacanie","8":"product_cat-conserve-mancare-gatita","10":"first","11":"outofstock","12":"taxable","13":"shipping-taxable","14":"purchasable","15":"product-type-simple"},"acf":[],"_links":{"self":[{"href":"https:\/\/totalblue.ro\/nl\/wp-json\/wp\/v2\/product\/25776","targetHints":{"allow":["GET"]}}],"collection":[{"href":"https:\/\/totalblue.ro\/nl\/wp-json\/wp\/v2\/product"}],"about":[{"href":"https:\/\/totalblue.ro\/nl\/wp-json\/wp\/v2\/types\/product"}],"replies":[{"embeddable":true,"href":"https:\/\/totalblue.ro\/nl\/wp-json\/wp\/v2\/comments?post=25776"}],"wp:featuredmedia":[{"embeddable":true,"href":"https:\/\/totalblue.ro\/nl\/wp-json\/wp\/v2\/media\/25778"}],"wp:attachment":[{"href":"https:\/\/totalblue.ro\/nl\/wp-json\/wp\/v2\/media?parent=25776"}],"wp:term":[{"taxonomy":"product_brand","embeddable":true,"href":"https:\/\/totalblue.ro\/nl\/wp-json\/wp\/v2\/product_brand?post=25776"},{"taxonomy":"product_cat","embeddable":true,"href":"https:\/\/totalblue.ro\/nl\/wp-json\/wp\/v2\/product_cat?post=25776"},{"taxonomy":"giftcard-category","embeddable":true,"href":"https:\/\/totalblue.ro\/nl\/wp-json\/wp\/v2\/giftcard-category?post=25776"}],"curies":[{"name":"wp","href":"https:\/\/api.w.org\/{rel}","templated":true}]}}