{"id":26190,"date":"2020-11-16T15:47:04","date_gmt":"2020-11-16T13:47:04","guid":{"rendered":"https:\/\/totalblue.ro\/?post_type=product&#038;p=26190"},"modified":"2023-06-18T14:17:44","modified_gmt":"2023-06-18T11:17:44","slug":"izis-vata-hidrofila-uz-medicinal-100-grame","status":"publish","type":"product","link":"https:\/\/totalblue.ro\/nl\/produs\/izis-vata-hidrofila-uz-medicinal-100-grame\/","title":{"rendered":"Izis Vata hidrofila uz medicinal 100 grame"},"content":{"rendered":"<p>Vat\u0103 de calitate superioara cu absorb\u0163ie foarte bun\u0103.<br \/>\nVata hidrofila de uz medicinal.<br \/>\nVata tip BC<\/p>","protected":false},"excerpt":{"rendered":"<p>Vata pentru uz medicinal si cosmetic. Bumbac 100%<\/p>","protected":false},"featured_media":26188,"comment_status":"open","ping_status":"closed","template":"","meta":{"_acf_changed":false,"_seopress_robots_primary_cat":"none","_seopress_titles_title":"","_seopress_titles_desc":"Livrare rapida vata hidrofila de uz medicinal. Livrare gratuita Bucuresti.Vata ieftina, vata medicinala ieftina.","_seopress_robots_index":""},"product_brand":[1856],"product_cat":[1558],"giftcard-category":[],"class_list":{"0":"post-26190","1":"product","2":"type-product","3":"status-publish","4":"has-post-thumbnail","6":"product_brand-izis","7":"product_cat-cosmetice-sanatate","9":"first","10":"outofstock","11":"taxable","12":"shipping-taxable","13":"purchasable","14":"product-type-simple"},"acf":[],"_links":{"self":[{"href":"https:\/\/totalblue.ro\/nl\/wp-json\/wp\/v2\/product\/26190","targetHints":{"allow":["GET"]}}],"collection":[{"href":"https:\/\/totalblue.ro\/nl\/wp-json\/wp\/v2\/product"}],"about":[{"href":"https:\/\/totalblue.ro\/nl\/wp-json\/wp\/v2\/types\/product"}],"replies":[{"embeddable":true,"href":"https:\/\/totalblue.ro\/nl\/wp-json\/wp\/v2\/comments?post=26190"}],"wp:featuredmedia":[{"embeddable":true,"href":"https:\/\/totalblue.ro\/nl\/wp-json\/wp\/v2\/media\/26188"}],"wp:attachment":[{"href":"https:\/\/totalblue.ro\/nl\/wp-json\/wp\/v2\/media?parent=26190"}],"wp:term":[{"taxonomy":"product_brand","embeddable":true,"href":"https:\/\/totalblue.ro\/nl\/wp-json\/wp\/v2\/product_brand?post=26190"},{"taxonomy":"product_cat","embeddable":true,"href":"https:\/\/totalblue.ro\/nl\/wp-json\/wp\/v2\/product_cat?post=26190"},{"taxonomy":"giftcard-category","embeddable":true,"href":"https:\/\/totalblue.ro\/nl\/wp-json\/wp\/v2\/giftcard-category?post=26190"}],"curies":[{"name":"wp","href":"https:\/\/api.w.org\/{rel}","templated":true}]}}