{"id":26275,"date":"2020-11-23T16:41:58","date_gmt":"2020-11-23T14:41:58","guid":{"rendered":"https:\/\/totalblue.ro\/?post_type=product&#038;p=26275"},"modified":"2023-01-26T10:56:33","modified_gmt":"2023-01-26T08:56:33","slug":"delikat-bors-magic-cu-smantana-38-grame","status":"publish","type":"product","link":"https:\/\/totalblue.ro\/nl\/produs\/delikat-bors-magic-cu-smantana-38-grame\/","title":{"rendered":"DELiK&#8217;AT Bors Magic cu Smantana 38 grame"},"content":{"rendered":"<p>Ai pofta de o ciorba de pui cu smantana ardeleneasca, o ciorba de pui cu smantana si usturoi sau un bors de pui cu smantana? Iti faci toate poftele gustoase imbogatind ciorba ta cu Delikat Bors Magic cu smantana, fara conservanti sau coloranti, obtinut din ingrediente uscate natural, care ii ofera acel gust acru autentic. Ce poate fi mai acasa, decat o ciorba cu smantana dreasa?<br \/>\nIngredi\u00ebnt<br \/>\nzer pudr\u0103 (din LAPTE), maltodextrin\u0103, gr\u0103sime vegetal\u0103 (palmier), LACTOZ\u0102, f\u0103in\u0103 de GR\u00c2U, acidifiant (acid citric, acid lactic), SM\u00c2NT\u00c2N\u0102 pudr\u0103 (5%), sare, zah\u0103r, regulator de aciditate (lactat de calciu), condimente (semin\u0163e de \u0162ELIN\u0102, r\u0103d\u0103cin\u0103 de leu\u015ftean (0,6%)), t\u0103r\u00e2\u0163e de GR\u00c2U (1%), p\u0103trunjel, f\u0103in\u0103 de porumb (0,1%), arome. Poate con\u0163ine: OU, MU\u015eTAR, SOIA.<br \/>\nAllergenen<br \/>\nGRAU, TELIN\u0102, LAPTE, OU, MU\u0218TAR, SOIA.<\/p>","protected":false},"excerpt":{"rendered":"<p>Ai pofta de o ciorba de pui cu smantana ardeleneasca, o ciorba de pui cu smantana si usturoi sau un bors de pui cu smantana? Iti faci toate poftele gustoase imbogatind ciorba ta cu Delikat Bors<\/p>","protected":false},"featured_media":26276,"comment_status":"open","ping_status":"closed","template":"","meta":{"_acf_changed":false,"_seopress_robots_primary_cat":"1451","_seopress_titles_title":"","_seopress_titles_desc":"Cauti DELiK&#039;AT Bors Magic Smantana? Livrare rapida DELiK&#039;AT Bors Magic smantanba 38 grame, transport gratuit , livrare rapida.","_seopress_robots_index":""},"product_brand":[1824],"product_cat":[1555,1451],"giftcard-category":[],"class_list":{"0":"post-26275","1":"product","2":"type-product","3":"status-publish","4":"has-post-thumbnail","6":"product_brand-delikat","7":"product_cat-bacanie","8":"product_cat-condimente-produse-instant","10":"first","11":"outofstock","12":"taxable","13":"shipping-taxable","14":"purchasable","15":"product-type-simple"},"acf":[],"_links":{"self":[{"href":"https:\/\/totalblue.ro\/nl\/wp-json\/wp\/v2\/product\/26275","targetHints":{"allow":["GET"]}}],"collection":[{"href":"https:\/\/totalblue.ro\/nl\/wp-json\/wp\/v2\/product"}],"about":[{"href":"https:\/\/totalblue.ro\/nl\/wp-json\/wp\/v2\/types\/product"}],"replies":[{"embeddable":true,"href":"https:\/\/totalblue.ro\/nl\/wp-json\/wp\/v2\/comments?post=26275"}],"wp:featuredmedia":[{"embeddable":true,"href":"https:\/\/totalblue.ro\/nl\/wp-json\/wp\/v2\/media\/26276"}],"wp:attachment":[{"href":"https:\/\/totalblue.ro\/nl\/wp-json\/wp\/v2\/media?parent=26275"}],"wp:term":[{"taxonomy":"product_brand","embeddable":true,"href":"https:\/\/totalblue.ro\/nl\/wp-json\/wp\/v2\/product_brand?post=26275"},{"taxonomy":"product_cat","embeddable":true,"href":"https:\/\/totalblue.ro\/nl\/wp-json\/wp\/v2\/product_cat?post=26275"},{"taxonomy":"giftcard-category","embeddable":true,"href":"https:\/\/totalblue.ro\/nl\/wp-json\/wp\/v2\/giftcard-category?post=26275"}],"curies":[{"name":"wp","href":"https:\/\/api.w.org\/{rel}","templated":true}]}}