{"id":26834,"date":"2021-01-08T16:19:51","date_gmt":"2021-01-08T14:19:51","guid":{"rendered":"https:\/\/totalblue.ro\/?post_type=product&#038;p=26834"},"modified":"2025-08-05T14:42:45","modified_gmt":"2025-08-05T11:42:45","slug":"defne-ardei-iute-intreg-de-gradina-in-otet-350-g","status":"publish","type":"product","link":"https:\/\/totalblue.ro\/nl\/produs\/defne-ardei-iute-intreg-de-gradina-in-otet-350-g\/","title":{"rendered":"Defne Ardei iute intreg de gradina in otet 350 g"},"content":{"rendered":"<p>Defne Ardei iute intreg de gradina in otet 350 g<br \/>\nIngredi\u00ebnt: <span class=\"col-md-6 col-sm-6 col-xs-12\">ardei iute, apa, sare, acid citric, otet 0.2%<br \/>\nProdus pasteurizat.<\/span><br \/>\nBrand: Defne<\/p>\n<div class=\"gdlr-core-pbf-column-content clearfix gdlr-core-js gdlr-core-sync-height-content\">\n<div class=\"gdlr-core-pbf-element\">\n<div class=\"gdlr-core-text-box-item gdlr-core-item-pdlr gdlr-core-item-pdb gdlr-core-left-align textdetaliiprodus\">\n<div class=\"gdlr-core-text-box-item-content\">\n<table border=\"1\" width=\"0\" cellspacing=\"0\" cellpadding=\"2\">\n<tbody>\n<tr>\n<td valign=\"top\" width=\"224\">Cantitate net\u0103:<\/td>\n<td valign=\"top\" width=\"161\">350 g<\/td>\n<\/tr>\n<tr>\n<td valign=\"top\" width=\"224\">Capacitate recipient:<\/td>\n<td valign=\"top\" width=\"161\">370 ml<\/td>\n<\/tr>\n<tr>\n<td valign=\"top\" width=\"224\">Cantitate net\u0103 f\u0103r\u0103 lichid:<\/td>\n<td valign=\"top\" width=\"161\">190 g<\/td>\n<\/tr>\n<\/tbody>\n<\/table>\n<\/div>\n<\/div>\n<\/div>\n<div class=\"gdlr-core-pbf-element\">\n<div class=\"gdlr-core-text-box-item gdlr-core-item-pdlr gdlr-core-item-pdb gdlr-core-left-align textdetaliiprodus\">\n<div class=\"gdlr-core-text-box-item-content\">\n<p>&nbsp;<\/p>\n<table border=\"1\" width=\"0\" cellspacing=\"0\" cellpadding=\"2\">\n<tbody>\n<tr>\n<td valign=\"top\" width=\"224\"><strong>VALORI NUTRI\u021aIONALE <\/strong><\/td>\n<td colspan=\"2\" valign=\"top\" width=\"161\"><strong>100 g <\/strong><\/td>\n<\/tr>\n<tr>\n<td valign=\"top\" width=\"224\">Valoare energetic\u0103<\/td>\n<td valign=\"top\" width=\"161\">24 kcal\/99 kJ<\/td>\n<\/tr>\n<tr>\n<td valign=\"top\" width=\"224\">Gr\u0103simi<\/td>\n<td valign=\"top\" width=\"161\">0 g<\/td>\n<\/tr>\n<tr>\n<td valign=\"top\" width=\"224\">din care acizi gra\u0219i satura\u021bi<\/td>\n<td valign=\"top\" width=\"161\">0 g<\/td>\n<\/tr>\n<tr>\n<td valign=\"top\" width=\"224\">Koolhydraten<\/td>\n<td valign=\"top\" width=\"161\">2 g<\/td>\n<\/tr>\n<tr>\n<td valign=\"top\" width=\"224\">din care zaharuri<\/td>\n<td valign=\"top\" width=\"161\">1 g<\/td>\n<\/tr>\n<tr>\n<td valign=\"top\" width=\"224\">Sare<\/td>\n<td valign=\"top\" width=\"161\">5 g<\/td>\n<\/tr>\n<tr>\n<td valign=\"top\" width=\"224\">Eiwit<\/td>\n<td valign=\"top\" width=\"161\">1 g<\/td>\n<\/tr>\n<tr>\n<td valign=\"top\" width=\"224\"><\/td>\n<td valign=\"top\" width=\"161\"><\/td>\n<\/tr>\n<\/tbody>\n<\/table>\n<\/div>\n<\/div>\n<\/div>\n<\/div>","protected":false},"excerpt":{"rendered":"<p>Defne Ardei iute intreg de gradina in otet 350 g<\/p>","protected":false},"featured_media":26836,"comment_status":"open","ping_status":"closed","template":"","meta":{"_acf_changed":false,"_seopress_robots_primary_cat":"none","_seopress_titles_title":"","_seopress_titles_desc":"Comanda acum cu livrare rapida pana la usa ta Ardei iute delicios intreg de gradina in otet 350 g brand Defne","_seopress_robots_index":""},"product_brand":[1937],"product_cat":[1555,1683],"giftcard-category":[],"class_list":{"0":"post-26834","1":"product","2":"type-product","3":"status-publish","4":"has-post-thumbnail","6":"product_brand-defne","7":"product_cat-bacanie","8":"product_cat-conserve-mancare-gatita","10":"first","11":"outofstock","12":"taxable","13":"shipping-taxable","14":"purchasable","15":"product-type-simple"},"acf":[],"_links":{"self":[{"href":"https:\/\/totalblue.ro\/nl\/wp-json\/wp\/v2\/product\/26834","targetHints":{"allow":["GET"]}}],"collection":[{"href":"https:\/\/totalblue.ro\/nl\/wp-json\/wp\/v2\/product"}],"about":[{"href":"https:\/\/totalblue.ro\/nl\/wp-json\/wp\/v2\/types\/product"}],"replies":[{"embeddable":true,"href":"https:\/\/totalblue.ro\/nl\/wp-json\/wp\/v2\/comments?post=26834"}],"wp:featuredmedia":[{"embeddable":true,"href":"https:\/\/totalblue.ro\/nl\/wp-json\/wp\/v2\/media\/26836"}],"wp:attachment":[{"href":"https:\/\/totalblue.ro\/nl\/wp-json\/wp\/v2\/media?parent=26834"}],"wp:term":[{"taxonomy":"product_brand","embeddable":true,"href":"https:\/\/totalblue.ro\/nl\/wp-json\/wp\/v2\/product_brand?post=26834"},{"taxonomy":"product_cat","embeddable":true,"href":"https:\/\/totalblue.ro\/nl\/wp-json\/wp\/v2\/product_cat?post=26834"},{"taxonomy":"giftcard-category","embeddable":true,"href":"https:\/\/totalblue.ro\/nl\/wp-json\/wp\/v2\/giftcard-category?post=26834"}],"curies":[{"name":"wp","href":"https:\/\/api.w.org\/{rel}","templated":true}]}}