{"id":27038,"date":"2021-02-01T09:32:47","date_gmt":"2021-02-01T07:32:47","guid":{"rendered":"https:\/\/totalblue.ro\/?post_type=product&#038;p=27038"},"modified":"2025-10-31T14:20:06","modified_gmt":"2025-10-31T12:20:06","slug":"supa-copioasa-de-fasole-unox-olanda-800-ml","status":"publish","type":"product","link":"https:\/\/totalblue.ro\/nl\/produs\/supa-copioasa-de-fasole-unox-olanda-800-ml\/","title":{"rendered":"Unox Holland hartige bonensoep 800 ml"},"content":{"rendered":"<p>Cantitate ideala pentru 2-3 portii de supa.<\/p>\n<p>Unox Holland hartige bonensoep 800 ml<br \/>\nSupa de fasole Unox este una dintre cele mai delicioase supe olandeze.<br \/>\nBrandul olandez Unox produce cele mai bune supe olandeze inca din 1957.\u00a0 Deoarece Unox lucreaza in continuu la imbunatatirea produselor sale, pe langa supele clasice, gasim o gama variata de produse delicioase gata preparate.<br \/>\n<strong>Voorbereiding:<\/strong>Nu introduceti ambalajul in cuptorul cu microunde! Nu gatiti supa! Puneti supa intr-un bol si incalziti la cuptorul cu microunde timp de 3 minute la aprox. 600 wati sau incalziti-o direct intr-o craticioara sau oala amestecand usor. Dupa incalzire este gata de savurat!<br \/>\n<strong>Ingredi\u00ebnt:<\/strong> fasole 53%, ap\u0103, legume 11,3% (rosii, morcovi, ceapa, praz, telina 1,3%), c\u00e2rna\u021bi afuma\u021bi 4,6% (carne de porc 2 79%, carne separatoare de porc 11%, gr\u0103sime de porc, sare, colagen de porc, dextroz\u0103, zah\u0103r, fum de lemn, arom\u0103, conservant E250), cartof, amidon de porumb modificat, bucati de sl\u0103nin\u0103 1% (carne de porc, ap\u0103, sare, conservant (E252 ), E250)), sare, extract de drojdie (con\u021bine ORZ), arom\u0103 (con\u021bine GRAU, LAPTE, TELINA, Mustar), suc de legume concentrat (TELINA, morcov, praz, ceap\u0103), fructoz\u0103, zah\u0103r caramelizat, extract de vin alb, balsamic o\u021bet (o\u021bet de vin, must de struguri).<br \/>\n<strong>Opslagcondities:<\/strong><br \/>\nKoel en droog bewaren.<br \/>\nDupa deschidere, a se pastra acoperita in frigider si a se consuma in max 48h.<br \/>\n<strong>Allergenen:<\/strong><br \/>\nContine:Orz, cereale care con\u021bin gluten, \u021belin\u0103, lapte, mu\u0219tar, gr\u00e2u<br \/>\nPoate contine: oua, soia<br \/>\nFara conservanti si coloranti.<br \/>\nGeproduceerd in Nederland door Unilever Nederland Unox, Postbus 160 3000 AD Rotterdam<br \/>\nImporteur en distributeur Total Blue Impex SRL<br \/>\n<strong>Voeding:<\/strong><br \/>\nVoedingswaarden \/ 100 g:<br \/>\nEnergie 316 kJ \/ (75 kcal)<br \/>\nGr\u0103sime 2 g din care saturati 0,6 g<br \/>\nCarbohidrati 8.2 g din care zaharuri 0.7 g<br \/>\nFibre dietetice 3.4 g<br \/>\nProteine \u200b\u200b4.5 g<br \/>\nSare 0,75 g<\/p>","protected":false},"excerpt":{"rendered":"<p>Unox Stevige Bruine Bonen Soep 800ml<br \/>\nUnox Holland hartige bonensoep 800 ml<br \/>\nSupa de fasole Unox este una dintre cele mai delicioase supe olandeze.<\/p>","protected":false},"featured_media":27039,"comment_status":"open","ping_status":"closed","template":"","meta":{"_acf_changed":false,"_seopress_robots_primary_cat":"none","_seopress_titles_title":"","_seopress_titles_desc":"Supa copioasa de fasole Unox Olanda 800 ml.Supa de fasole Unox este una dintre cele mai delicioase supe olandeze.","_seopress_robots_index":""},"product_brand":[1925],"product_cat":[1555,1683,3272,1767],"giftcard-category":[],"class_list":{"0":"post-27038","1":"product","2":"type-product","3":"status-publish","4":"has-post-thumbnail","6":"product_brand-unox","7":"product_cat-bacanie","8":"product_cat-conserve-mancare-gatita","9":"product_cat-conserve","10":"product_cat-produse-olanda","12":"first","13":"outofstock","14":"taxable","15":"shipping-taxable","16":"purchasable","17":"product-type-simple"},"acf":[],"_links":{"self":[{"href":"https:\/\/totalblue.ro\/nl\/wp-json\/wp\/v2\/product\/27038","targetHints":{"allow":["GET"]}}],"collection":[{"href":"https:\/\/totalblue.ro\/nl\/wp-json\/wp\/v2\/product"}],"about":[{"href":"https:\/\/totalblue.ro\/nl\/wp-json\/wp\/v2\/types\/product"}],"replies":[{"embeddable":true,"href":"https:\/\/totalblue.ro\/nl\/wp-json\/wp\/v2\/comments?post=27038"}],"wp:featuredmedia":[{"embeddable":true,"href":"https:\/\/totalblue.ro\/nl\/wp-json\/wp\/v2\/media\/27039"}],"wp:attachment":[{"href":"https:\/\/totalblue.ro\/nl\/wp-json\/wp\/v2\/media?parent=27038"}],"wp:term":[{"taxonomy":"product_brand","embeddable":true,"href":"https:\/\/totalblue.ro\/nl\/wp-json\/wp\/v2\/product_brand?post=27038"},{"taxonomy":"product_cat","embeddable":true,"href":"https:\/\/totalblue.ro\/nl\/wp-json\/wp\/v2\/product_cat?post=27038"},{"taxonomy":"giftcard-category","embeddable":true,"href":"https:\/\/totalblue.ro\/nl\/wp-json\/wp\/v2\/giftcard-category?post=27038"}],"curies":[{"name":"wp","href":"https:\/\/api.w.org\/{rel}","templated":true}]}}