{"id":27422,"date":"2021-02-25T13:33:56","date_gmt":"2021-02-25T11:33:56","guid":{"rendered":"https:\/\/totalblue.ro\/?post_type=product&#038;p=27422"},"modified":"2026-03-24T20:31:17","modified_gmt":"2026-03-24T18:31:17","slug":"supa-de-pui-tailandeza-usor-picanta-tom-kha-kai-conimex-570-ml","status":"publish","type":"product","link":"https:\/\/totalblue.ro\/nl\/produs\/supa-de-pui-tailandeza-usor-picanta-tom-kha-kai-conimex-570-ml\/","title":{"rendered":"Supa de pui tailandeza usor picanta TOM KHA KAI CONIMEX 570 ML"},"content":{"rendered":"<p>Cantitatea ideala pentru 2 portii de supa.<br \/>\nConimex Soep Tom Kha Kai<br \/>\nSupa de pui tailandeza usor picanta TOM KHA KAI CONIMEX 570 ML &#8211; gata preparata<br \/>\nTom kha kai este o sup\u0103 de pui thailandez\u0103 u\u0219or picant\u0103. Aceast\u0103 sup\u0103 este preparat\u0103 cu lapte de cocos, ardei ro\u0219u, ceap\u0103 de prim\u0103var\u0103 \u0219i condimente parfumate, cum ar fi ghimbir \u0219i lamaie verde.<br \/>\nBuc\u0103\u021bile fragede de pui,castanele crocante \u0219i ceapa de prim\u0103var\u0103 dau acestei supe cremoase o aroma deosebita! Pentru un gust desavarsit, puteti taia ciuperci felii si praji usor. Adaugati bucatile de ciuperci in supa impreuna cu coriandru proaspat.Mmmh, prea bun ca sa nu incercati!<br \/>\n<strong>Voorbereiding:<\/strong> Nu introduceti ambalajul in cuptorul cu microunde! Nu gatiti supa! Puneti supa intr-un bol si incalziti la cuptorul cu microunde timp de 3 minute la aprox. 600 wati sau incalziti-o direct intr-o craticioara sau oala amestecand usor. Dupa incalzire este gata de savurat!<br \/>\n<strong>Ingredi\u00ebnt:<\/strong> ap\u0103, castane de ap\u0103 4,7%, ceap\u0103 de prim\u0103var\u0103, carne de pui 2,8%, ardei ro\u0219u 2,3%, ulei de rapi\u021b\u0103, lapte de nuc\u0103 de cocos 1,9%, fulgi de cartofi, ceap\u0103 de prim\u0103var\u0103 1,3%, pulbere de lapte unt, amidon de porumb modificat, sare, zah\u0103r extract de drojdie, ghimbir, stabilizator (E451, E452), usturoi, condimente (ceap\u0103, curcuma), frunze de tei, suc de legume concentrat (\u021belin\u0103, morcov, praz, ceap\u0103)<br \/>\nGeen conserveringsmiddelen.<br \/>\nFara potentiatori de aroma adaugati.<br \/>\n<strong>Mod pastrare:<\/strong> Dup\u0103 deschiderea pungii, aceast\u0103 sup\u0103 poate fi p\u0103strat\u0103 maxim 2 zile la frigider. Inchideti punga.<br \/>\n<strong>Allergenen:<\/strong> Con\u021bine:Ou\u0103, arahide, soia, \u021belin\u0103, gr\u00e2u<br \/>\n<strong>Nutritie \/ 100ml:<\/strong><br \/>\nEnergie 250 kJ (59 kcal)<br \/>\nGr\u0103simi 3,5 g<br \/>\ndin care satura\u021bi 0,7 g<br \/>\nCarbohidra\u021bi 4,8 g<br \/>\ndin care zaharuri 1,9 g<br \/>\nFibre dietetice &lt;0,5 g<br \/>\nProteine \u200b\u200b1,9 g<br \/>\nZout 0,76 g<br \/>\n<strong><br \/>\n<\/strong><\/p>\n<p>&nbsp;<\/p>\n<p>&nbsp;<\/p>","protected":false},"excerpt":{"rendered":"<p>Conimex Soep Tom Kha Kai<br \/>\nSupa de pui tailandeza usor picanta TOM KHA KAI CONIMEX 570 ML &#8211; gata preparata<\/p>","protected":false},"featured_media":27523,"comment_status":"open","ping_status":"closed","template":"","meta":{"_acf_changed":false,"_seopress_robots_primary_cat":"none","_seopress_titles_title":"","_seopress_titles_desc":"Conimex Soep Tom Kha Kai. Supa de pui tailandeza usor picanta TOM KHA KAI CONIMEX 570 ML - gata preparata","_seopress_robots_index":""},"product_brand":[1949],"product_cat":[1555,1683,3272,17494,1767],"giftcard-category":[],"class_list":{"0":"post-27422","1":"product","2":"type-product","3":"status-publish","4":"has-post-thumbnail","6":"product_brand-conimex","7":"product_cat-bacanie","8":"product_cat-conserve-mancare-gatita","9":"product_cat-conserve","10":"product_cat-influente-asiatice","11":"product_cat-produse-olanda","13":"first","14":"instock","15":"taxable","16":"shipping-taxable","17":"purchasable","18":"product-type-simple"},"acf":[],"_links":{"self":[{"href":"https:\/\/totalblue.ro\/nl\/wp-json\/wp\/v2\/product\/27422","targetHints":{"allow":["GET"]}}],"collection":[{"href":"https:\/\/totalblue.ro\/nl\/wp-json\/wp\/v2\/product"}],"about":[{"href":"https:\/\/totalblue.ro\/nl\/wp-json\/wp\/v2\/types\/product"}],"replies":[{"embeddable":true,"href":"https:\/\/totalblue.ro\/nl\/wp-json\/wp\/v2\/comments?post=27422"}],"wp:featuredmedia":[{"embeddable":true,"href":"https:\/\/totalblue.ro\/nl\/wp-json\/wp\/v2\/media\/27523"}],"wp:attachment":[{"href":"https:\/\/totalblue.ro\/nl\/wp-json\/wp\/v2\/media?parent=27422"}],"wp:term":[{"taxonomy":"product_brand","embeddable":true,"href":"https:\/\/totalblue.ro\/nl\/wp-json\/wp\/v2\/product_brand?post=27422"},{"taxonomy":"product_cat","embeddable":true,"href":"https:\/\/totalblue.ro\/nl\/wp-json\/wp\/v2\/product_cat?post=27422"},{"taxonomy":"giftcard-category","embeddable":true,"href":"https:\/\/totalblue.ro\/nl\/wp-json\/wp\/v2\/giftcard-category?post=27422"}],"curies":[{"name":"wp","href":"https:\/\/api.w.org\/{rel}","templated":true}]}}