{"id":27594,"date":"2021-03-02T11:09:10","date_gmt":"2021-03-02T09:09:10","guid":{"rendered":"https:\/\/totalblue.ro\/?post_type=product&#038;p=27594"},"modified":"2026-04-01T14:27:58","modified_gmt":"2026-04-01T11:27:58","slug":"varza-fiarta-cu-legume-si-multa-carne-dreistern-400g","status":"publish","type":"product","link":"https:\/\/totalblue.ro\/nl\/produs\/varza-fiarta-cu-legume-si-multa-carne-dreistern-400g\/","title":{"rendered":"Varza fiarta cu legume si multa carne Dreistern 400g"},"content":{"rendered":"<p>Schmorkohl mit Kartoffeln und Gehacktem viel fleisch und gemuse 400 g<br \/>\nVarza fiarta cu legume si multa carne Dreistern 400g<\/p>\n<p><strong>Aanbevelingen<\/strong>Giet de inhoud in een steelpan. Roer af en toe. Verwarm op middelhoog vuur. Je kunt ook ongeveer 3,5 minuut in de magnetron op 600 W. Snel en gemakkelijk!<br \/>\n<strong>Ingredi\u00ebnt: <\/strong>32% varz\u0103 alb\u0103, 19% cartofi, ap\u0103 potabil\u0103, 12% carne tocat\u0103 de porc, sl\u0103nin\u0103 de porc, ceap\u0103, amidon modificat, sare de mas\u0103 iodat\u0103 (sare de mas\u0103, iodat de potasiu), uleiuri vegetale (rapi\u021b\u0103, porumb, floarea soarelui), past\u0103 de ro\u0219ii, f\u0103in\u0103 (grau, orez), sirop de zah\u0103r caramel (sirop de glucoz\u0103, zah\u0103r), amidon de cartofi, produs proteinic (con\u021bine lactoza), extracte de condimente, maltodextrin\u0103, extract de carne de vit\u0103, zah\u0103r, pulbere de ro\u0219ii, pulbere de \u021belin\u0103, extracte vegetale ( contine CELERY), condimente, sare din lemn de fag afumat. Poate con\u021bine urme de mu\u0219tar.<br \/>\n<strong>Allergenen: <\/strong>lapte, gr\u00e2u, \u021belin\u0103, mu\u0219tar, lactoz\u0103. Poate con\u021bine urme de mu\u0219tar.<br \/>\n<strong>Aditivi:<\/strong> amidon modificat<br \/>\n<strong>Opslagcondities:<\/strong><br \/>\nBewaar op een droge, koele plaats uit de buurt van direct zonlicht.<br \/>\nEnergie 339 KJ \/ 81 kcal<br \/>\nGrasimi 4.2 g din care acizi grasi saturati 1.8 g<br \/>\nCarbohidrati 6.1 g din care zahar 2 g<br \/>\nProteine 3.9 g<br \/>\nSare 0.99 g<\/p>\n<p>Fabricat in Germania de Dreistern Konserven GmbH &amp; Co. KG , Philipp-Oehmigke-Str. 4, 16816 Neuruppin.<br \/>\nImporteur en distributeur Total Blue Impex SRL<\/p>\n<p>&nbsp;<\/p>","protected":false},"excerpt":{"rendered":"<p>Schmorkohl mit Kartoffeln und Gehacktem viel fleisch und gemuse 400 g<br \/>\nVarza fiarta cu legume si multa carne Dreistern 400g<\/p>","protected":false},"featured_media":297376,"comment_status":"open","ping_status":"closed","template":"","meta":{"_acf_changed":false,"_seopress_robots_primary_cat":"1950","_seopress_titles_title":"","_seopress_titles_desc":"Schmorkohl mit Kartoffeln und Gehacktem viel fleisch und gemuse 400 g Varza fiarta cu legume si multa carne Dreistern 400g","_seopress_robots_index":""},"product_brand":[1959],"product_cat":[1555,1683,3272,3372,1950,1767],"giftcard-category":[],"class_list":{"0":"post-27594","1":"product","2":"type-product","3":"status-publish","4":"has-post-thumbnail","6":"product_brand-dreistern","7":"product_cat-bacanie","8":"product_cat-conserve-mancare-gatita","9":"product_cat-conserve","10":"product_cat-conserve-produse-germania","11":"product_cat-produse-germania","12":"product_cat-produse-olanda","14":"first","15":"instock","16":"taxable","17":"shipping-taxable","18":"purchasable","19":"product-type-simple"},"acf":[],"_links":{"self":[{"href":"https:\/\/totalblue.ro\/nl\/wp-json\/wp\/v2\/product\/27594","targetHints":{"allow":["GET"]}}],"collection":[{"href":"https:\/\/totalblue.ro\/nl\/wp-json\/wp\/v2\/product"}],"about":[{"href":"https:\/\/totalblue.ro\/nl\/wp-json\/wp\/v2\/types\/product"}],"replies":[{"embeddable":true,"href":"https:\/\/totalblue.ro\/nl\/wp-json\/wp\/v2\/comments?post=27594"}],"wp:featuredmedia":[{"embeddable":true,"href":"https:\/\/totalblue.ro\/nl\/wp-json\/wp\/v2\/media\/297376"}],"wp:attachment":[{"href":"https:\/\/totalblue.ro\/nl\/wp-json\/wp\/v2\/media?parent=27594"}],"wp:term":[{"taxonomy":"product_brand","embeddable":true,"href":"https:\/\/totalblue.ro\/nl\/wp-json\/wp\/v2\/product_brand?post=27594"},{"taxonomy":"product_cat","embeddable":true,"href":"https:\/\/totalblue.ro\/nl\/wp-json\/wp\/v2\/product_cat?post=27594"},{"taxonomy":"giftcard-category","embeddable":true,"href":"https:\/\/totalblue.ro\/nl\/wp-json\/wp\/v2\/giftcard-category?post=27594"}],"curies":[{"name":"wp","href":"https:\/\/api.w.org\/{rel}","templated":true}]}}