{"id":27612,"date":"2021-03-02T12:55:42","date_gmt":"2021-03-02T10:55:42","guid":{"rendered":"https:\/\/totalblue.ro\/?post_type=product&#038;p=27612"},"modified":"2026-04-01T13:33:14","modified_gmt":"2026-04-01T10:33:14","slug":"tocanita-de-mazare-cu-carnati-wiener-dreistern-400g","status":"publish","type":"product","link":"https:\/\/totalblue.ro\/nl\/produs\/tocanita-de-mazare-cu-carnati-wiener-dreistern-400g\/","title":{"rendered":"Tocanita de mazare cu carnati Dreistern 400g"},"content":{"rendered":"<p><strong>Aanbevelingen<\/strong>Giet de inhoud in een steelpan. Roer af en toe. Verwarm op middelhoog vuur. Je kunt ook ongeveer 3,5 minuut in de magnetron op 600 W. Snel en gemakkelijk!<br \/>\n<strong>Ingredi\u00ebnt: <\/strong>ap\u0103 potabil\u0103, 25% maz\u0103re, 17% c\u00e2rna\u021bi wiener \u00een felii (carne de porc, ap\u0103 potabil\u0103, sare de mas\u0103, extracte de condimente, condimente, bulion granular (proteine \u200b\u200bvegetale hidrolizate, sare de mas\u0103), zah\u0103r din struguri, maltodextrin\u0103, conservan\u021bi: nitrit de sodiu, , fum de lemn de fag), cartofi, \u0219unc\u0103 t\u0103iat\u0103 cubule\u021be (carne de porc, sare de mas\u0103, zah\u0103r, dextroz\u0103, arom\u0103 natural\u0103 de condimente, conservant: nitrit de sodiu, fum de lemn de fag), amidon modificat, 1% morcovi, ceap\u0103, praz, faina de grau, legume uleiuri (rapi\u021b\u0103, porumb), zah\u0103r, sare de mas\u0103, maltodextrin\u0103, extract de carne de vit\u0103, \u00eengro\u0219\u0103tor: gum\u0103 de guar, acidifiant: acid citric, amidon, condimente (con\u021bine telina), dextroz\u0103, extracte de condimente (con\u021bine telina), maghiran.<br \/>\n<strong>Allergenen: <\/strong>gr\u00e2u, lapte, \u021belin\u0103, mu\u0219tar, ou\u0103. Poate con\u021bine urme de mu\u0219tar.<br \/>\n<strong>Aditivi:<\/strong> Agent de \u00eengro\u0219are aditiv, conservan\u021bi, amidon modificat<br \/>\n<strong>Opslagcondities:<\/strong><br \/>\nBewaar op een droge, koele plaats uit de buurt van direct zonlicht.<\/p>\n<table class=\"table table-condensed bifi_table\">\n<thead>\n<tr>\n<th scope=\"col\">Valori nutritionale<\/th>\n<th scope=\"col\">per 100g<\/th>\n<th scope=\"col\"><\/th>\n<th scope=\"col\"><\/th>\n<\/tr>\n<\/thead>\n<tbody>\n<tr>\n<td>Energie<\/td>\n<td>328 kJ \/ 78 kcal<\/td>\n<td><\/td>\n<td><\/td>\n<\/tr>\n<tr>\n<td>Grasime<\/td>\n<td>1.9 g<\/td>\n<td><\/td>\n<td><\/td>\n<\/tr>\n<tr>\n<td>din care saturati<\/td>\n<td>0.5 g<\/td>\n<td><\/td>\n<td><\/td>\n<\/tr>\n<tr>\n<td>Carbohidrati<\/td>\n<td>8.8 g<\/td>\n<td><\/td>\n<td><\/td>\n<\/tr>\n<tr>\n<td>din care zaharuri<\/td>\n<td>1.3 g<\/td>\n<td><\/td>\n<td><\/td>\n<\/tr>\n<tr>\n<td>Eiwit<\/td>\n<td>4.5 g<\/td>\n<td><\/td>\n<td><\/td>\n<\/tr>\n<tr>\n<td>Sare<\/td>\n<td>0.71 g<\/td>\n<td><\/td>\n<\/tr>\n<\/tbody>\n<\/table>\n<p>Fabricat in Germania de Dreistern Konserven GmbH &amp; Co. KG , Philipp-Oehmigke-Str. 4, 16816 Neuruppin.<br \/>\nImporteur en distributeur Total Blue Impex SRL<\/p>\n<p>&nbsp;<\/p>","protected":false},"excerpt":{"rendered":"<p>Recomandari: Turnati continutul intr-o cratita \/ tigaie. Amestecati ocazional. Incalziti la foc mediu. De asemenea puteti incalzi si la cuptorul cu microunde la 600 W timp de aproximativ 3,5 minute. Rapid si usor! Ingrediente: ap\u0103 potabil\u0103, 25% maz\u0103re, 17% c\u00e2rna\u021bi wiener \u00een felii (carne de porc, ap\u0103 potabil\u0103, sare de mas\u0103, extracte de condimente, condimente, [&#8230;]\n","protected":false},"featured_media":297366,"comment_status":"open","ping_status":"closed","template":"","meta":{"_acf_changed":false,"_seopress_robots_primary_cat":"1950","_seopress_titles_title":"","_seopress_titles_desc":"Dreistern Erbsen-Eintopf mit Wiener W\u00fcrstchen 400 g. Tocanita de mazare cu carnati Wiener Dreistern 400 g","_seopress_robots_index":""},"product_brand":[1959],"product_cat":[1555,1683,3272,3372,1950,1767],"giftcard-category":[],"class_list":{"0":"post-27612","1":"product","2":"type-product","3":"status-publish","4":"has-post-thumbnail","6":"product_brand-dreistern","7":"product_cat-bacanie","8":"product_cat-conserve-mancare-gatita","9":"product_cat-conserve","10":"product_cat-conserve-produse-germania","11":"product_cat-produse-germania","12":"product_cat-produse-olanda","14":"first","15":"instock","16":"taxable","17":"shipping-taxable","18":"purchasable","19":"product-type-simple"},"acf":[],"_links":{"self":[{"href":"https:\/\/totalblue.ro\/nl\/wp-json\/wp\/v2\/product\/27612","targetHints":{"allow":["GET"]}}],"collection":[{"href":"https:\/\/totalblue.ro\/nl\/wp-json\/wp\/v2\/product"}],"about":[{"href":"https:\/\/totalblue.ro\/nl\/wp-json\/wp\/v2\/types\/product"}],"replies":[{"embeddable":true,"href":"https:\/\/totalblue.ro\/nl\/wp-json\/wp\/v2\/comments?post=27612"}],"wp:featuredmedia":[{"embeddable":true,"href":"https:\/\/totalblue.ro\/nl\/wp-json\/wp\/v2\/media\/297366"}],"wp:attachment":[{"href":"https:\/\/totalblue.ro\/nl\/wp-json\/wp\/v2\/media?parent=27612"}],"wp:term":[{"taxonomy":"product_brand","embeddable":true,"href":"https:\/\/totalblue.ro\/nl\/wp-json\/wp\/v2\/product_brand?post=27612"},{"taxonomy":"product_cat","embeddable":true,"href":"https:\/\/totalblue.ro\/nl\/wp-json\/wp\/v2\/product_cat?post=27612"},{"taxonomy":"giftcard-category","embeddable":true,"href":"https:\/\/totalblue.ro\/nl\/wp-json\/wp\/v2\/giftcard-category?post=27612"}],"curies":[{"name":"wp","href":"https:\/\/api.w.org\/{rel}","templated":true}]}}