{"id":27628,"date":"2021-03-02T16:43:49","date_gmt":"2021-03-02T14:43:49","guid":{"rendered":"https:\/\/totalblue.ro\/?post_type=product&#038;p=27628"},"modified":"2026-04-13T13:57:05","modified_gmt":"2026-04-13T10:57:05","slug":"supa-deasa-cu-cartofi-galuste-de-carne-si-capere-dreistern-400-g","status":"publish","type":"product","link":"https:\/\/totalblue.ro\/nl\/produs\/supa-deasa-cu-cartofi-galuste-de-carne-si-capere-dreistern-400-g\/","title":{"rendered":"Supa deasa cu cartofi, galuste de carne si capere Dreistern 400 ml"},"content":{"rendered":"<p>Dreistern K\u00f6nigsberger Klopse mit Kartoffeln Kapernso\u00dfe 400g.<br \/>\nSupa deasa cu cartofi, galuste de carne si capere Dreistern 400 g<\/p>\n<p><strong>Aanbevelingen<\/strong>Giet de inhoud in een steelpan. Roer af en toe. Verwarm op middelhoog vuur. Je kunt ook ongeveer 3,5 minuut in de magnetron op 600 W. Snel en gemakkelijk!<br \/>\n<strong>Ingredi\u00ebnt: <\/strong>ap\u0103 potabil\u0103, 28% cartofi, 20% g\u0103lu\u0219te (71% carne de porc (par\u021bial tocat\u0103 m\u0103runt), sl\u0103nin\u0103 de porc, ap\u0103 potabil\u0103, pesmet (faina de grau, sare de masa, drojdie), sare de mas\u0103 iodat\u0103 (sare de masa, iodat de potasiu), ceapa, amidon modificat, amidon de porumb, sirop de glucoz\u0103, condimente), amidon modificat, uleiuri vegetale (floarea soarelui, porumb), 1,3% capere, faina de grau , o\u021bet de coniac, zahar, maltodextrina, sare de masa iodata (sare de masa, iodat de potasiu), proteine din lapte (con\u021bine lactoza), sirop de glucoza, extract de carne de vita: acid citric, amidon, agenti de \u00eengrosare: gum\u0103 de guar, condimente, extracte de condimente (con\u021bine telina) Poate con\u021bine urme de mu\u0219tar \u0219i ou.<br \/>\n<strong>Allergenen: <\/strong>Con\u021bine: grsu, lapte, ou\u0103, lactozs, \u021belina, mu\u0219tar<br \/>\n<strong>Opslagcondities:<\/strong><br \/>\nBewaar op een droge, koele plaats uit de buurt van direct zonlicht.<\/p>\n<p>Voedingswaarden \/ 100 g:<br \/>\nEnergie 46 kJ \/ 83 kcal<br \/>\nGrasime 4.2 g din care grasimi 1.5 g<br \/>\nCarbohidrati 7.6 g din care zaharuri 0.9 g<br \/>\nEiwit 3,4 g<br \/>\nSare 0.90 g<\/p>\n<p>Fabricat in Germania de Dreistern Konserven GmbH &amp; Co. KG , Philipp-Oehmigke-Str. 4, 16816 Neuruppin.<br \/>\nImporteur en distributeur Total Blue Impex SRL<\/p>\n<p>&nbsp;<\/p>","protected":false},"excerpt":{"rendered":"<p>Dreistern K\u00f6nigsberger Klopse mit Kartoffeln Kapernso\u00dfe 400g.<br \/>\nSupa deasa cu cartofi, galuste de carne si capere Dreistern 400 g<\/p>","protected":false},"featured_media":297370,"comment_status":"open","ping_status":"closed","template":"","meta":{"_acf_changed":false,"_seopress_robots_primary_cat":"1950","_seopress_titles_title":"","_seopress_titles_desc":"Dreistern K\u00f6nigsberger Klopse mit Kartoffeln Kapernso\u00dfe 400g.Supa deasa cu cartofi, galuste de carne si capere Dreistern 400 g","_seopress_robots_index":""},"product_brand":[1959],"product_cat":[1555,1683,3272,3372,1950,1767,3364],"giftcard-category":[],"class_list":{"0":"post-27628","1":"product","2":"type-product","3":"status-publish","4":"has-post-thumbnail","6":"product_brand-dreistern","7":"product_cat-bacanie","8":"product_cat-conserve-mancare-gatita","9":"product_cat-conserve","10":"product_cat-conserve-produse-germania","11":"product_cat-produse-germania","12":"product_cat-produse-olanda","13":"product_cat-supe-produse-germania","15":"first","16":"instock","17":"taxable","18":"shipping-taxable","19":"purchasable","20":"product-type-simple"},"acf":[],"_links":{"self":[{"href":"https:\/\/totalblue.ro\/nl\/wp-json\/wp\/v2\/product\/27628","targetHints":{"allow":["GET"]}}],"collection":[{"href":"https:\/\/totalblue.ro\/nl\/wp-json\/wp\/v2\/product"}],"about":[{"href":"https:\/\/totalblue.ro\/nl\/wp-json\/wp\/v2\/types\/product"}],"replies":[{"embeddable":true,"href":"https:\/\/totalblue.ro\/nl\/wp-json\/wp\/v2\/comments?post=27628"}],"wp:featuredmedia":[{"embeddable":true,"href":"https:\/\/totalblue.ro\/nl\/wp-json\/wp\/v2\/media\/297370"}],"wp:attachment":[{"href":"https:\/\/totalblue.ro\/nl\/wp-json\/wp\/v2\/media?parent=27628"}],"wp:term":[{"taxonomy":"product_brand","embeddable":true,"href":"https:\/\/totalblue.ro\/nl\/wp-json\/wp\/v2\/product_brand?post=27628"},{"taxonomy":"product_cat","embeddable":true,"href":"https:\/\/totalblue.ro\/nl\/wp-json\/wp\/v2\/product_cat?post=27628"},{"taxonomy":"giftcard-category","embeddable":true,"href":"https:\/\/totalblue.ro\/nl\/wp-json\/wp\/v2\/giftcard-category?post=27628"}],"curies":[{"name":"wp","href":"https:\/\/api.w.org\/{rel}","templated":true}]}}