{"id":27687,"date":"2021-03-08T15:59:47","date_gmt":"2021-03-08T13:59:47","guid":{"rendered":"https:\/\/totalblue.ro\/?post_type=product&#038;p=27687"},"modified":"2025-08-07T14:29:13","modified_gmt":"2025-08-07T11:29:13","slug":"supa-cu-taietei-legume-ciuperci-si-bucati-mici-de-pui-sonnen-bassermann-400-ml","status":"publish","type":"product","link":"https:\/\/totalblue.ro\/nl\/produs\/supa-cu-taietei-legume-ciuperci-si-bucati-mici-de-pui-sonnen-bassermann-400-ml\/","title":{"rendered":"Supa cu taietei, legume, ciuperci si pui Sonnen-Bassermann 400 ml"},"content":{"rendered":"<p>Tafelfertige Suppen Bihunsuppe Sonnen -Bassermann 400 g.<br \/>\nSupa cu taietei, legume, ciuperci si bucati mici de pui Sonnen-Bassermann 400 ml<\/p>\n<p><strong>Aanbevelingen<\/strong>Giet de inhoud in een steelpan. Roer af en toe. Verwarm op middelhoog vuur. Je kunt ook ongeveer 3,5 minuut in de magnetron op 600 W. Snel en gemakkelijk!<br \/>\n<strong>Ingredi\u00ebnt:<\/strong> Ap\u0103, 6% legume (ardei, ceap\u0103, \u021belin\u0103, praz), past\u0103 de ro\u0219ii, 5% fidea fiart\u0103 (ap\u0103, amidon de fasole verde), 4% pui fiert (pui, sare de mas\u0103), ciuperci, amidon, sare de mas\u0103, zah\u0103r, sos de soia (ap\u0103, boabe de soia, f\u0103in\u0103 de gr\u00e2u, sare de mas\u0103, zah\u0103r), intensificator de arom\u0103 (glutamat monosodic), gr\u0103sime de pui, ulei de rapi\u021b\u0103, mirodenii, ierburi, agen\u021bi de \u00eengro\u0219are (gum\u0103 de guar), extract de condimente.<br \/>\nGeen conserveringsmiddelen.<br \/>\n<strong>Allergenen: <\/strong>Poate con\u021bine urme de lapte, ou\u0103 \u0219i mu\u0219tar.<br \/>\n<strong>Opslagcondities:<\/strong><br \/>\nDroog en koel bewaren, niet in direct zonlicht. Na opening afgedekt in de koelkast bewaren en binnen 48 uur consumeren.<br \/>\n<strong>Voedingswaarden \/ 100 ml:<\/strong><br \/>\nEnergie 127 kJ \/ 30 kcal<br \/>\nGr\u0103simi 0,8 g<br \/>\n&#8211; din care acizi gra\u0219i satura\u021bi 0,2 g<br \/>\nCarbohidra\u021bi 4,0 g<br \/>\n&#8211; din care zah\u0103r 1,2 g<br \/>\nProteine 1,5 g<br \/>\nSare 1,25 g<\/p>\n<p>Vervaardigd in Duitsland door Struik Foods Deutschland GmbH Clara-Zetkin Str. 8-15 14547 Beelitz 14547 Beelitz<br \/>\nImporteur en distributeur Total Blue Impex SRL<\/p>\n<p>&nbsp;<\/p>","protected":false},"excerpt":{"rendered":"<p>Tafelfertige Suppen Bihunsuppe Sonnen -Bassermann 400 g.<br \/>\nSupa cu taietei, legume, ciuperci si bucati mici de pui Sonnen-Bassermann 400 ml<\/p>","protected":false},"featured_media":68666,"comment_status":"open","ping_status":"closed","template":"","meta":{"_acf_changed":false,"_seopress_robots_primary_cat":"1950","_seopress_titles_title":"","_seopress_titles_desc":"Cumpara online supe taietei, supe paste, supe legume, supe pui. Magazin online cu mancare si livrare rapida.","_seopress_robots_index":""},"product_brand":[1964],"product_cat":[1555,1683,3372,3272,1950,1767,3364],"giftcard-category":[],"class_list":{"0":"post-27687","1":"product","2":"type-product","3":"status-publish","4":"has-post-thumbnail","6":"product_brand-sonnen-bassermann","7":"product_cat-bacanie","8":"product_cat-conserve-mancare-gatita","9":"product_cat-conserve-produse-germania","10":"product_cat-conserve","11":"product_cat-produse-germania","12":"product_cat-produse-olanda","13":"product_cat-supe-produse-germania","15":"first","16":"outofstock","17":"taxable","18":"shipping-taxable","19":"purchasable","20":"product-type-simple"},"acf":[],"_links":{"self":[{"href":"https:\/\/totalblue.ro\/nl\/wp-json\/wp\/v2\/product\/27687","targetHints":{"allow":["GET"]}}],"collection":[{"href":"https:\/\/totalblue.ro\/nl\/wp-json\/wp\/v2\/product"}],"about":[{"href":"https:\/\/totalblue.ro\/nl\/wp-json\/wp\/v2\/types\/product"}],"replies":[{"embeddable":true,"href":"https:\/\/totalblue.ro\/nl\/wp-json\/wp\/v2\/comments?post=27687"}],"wp:featuredmedia":[{"embeddable":true,"href":"https:\/\/totalblue.ro\/nl\/wp-json\/wp\/v2\/media\/68666"}],"wp:attachment":[{"href":"https:\/\/totalblue.ro\/nl\/wp-json\/wp\/v2\/media?parent=27687"}],"wp:term":[{"taxonomy":"product_brand","embeddable":true,"href":"https:\/\/totalblue.ro\/nl\/wp-json\/wp\/v2\/product_brand?post=27687"},{"taxonomy":"product_cat","embeddable":true,"href":"https:\/\/totalblue.ro\/nl\/wp-json\/wp\/v2\/product_cat?post=27687"},{"taxonomy":"giftcard-category","embeddable":true,"href":"https:\/\/totalblue.ro\/nl\/wp-json\/wp\/v2\/giftcard-category?post=27687"}],"curies":[{"name":"wp","href":"https:\/\/api.w.org\/{rel}","templated":true}]}}