{"id":27763,"date":"2021-03-09T16:52:49","date_gmt":"2021-03-09T14:52:49","guid":{"rendered":"https:\/\/totalblue.ro\/?post_type=product&#038;p=27763"},"modified":"2023-08-21T13:00:56","modified_gmt":"2023-08-21T10:00:56","slug":"saci-gunoi-manere-60l-jeden-tag-total-blue-magazin-online","status":"publish","type":"product","link":"https:\/\/totalblue.ro\/nl\/produs\/saci-gunoi-manere-60l-jeden-tag-total-blue-magazin-online\/","title":{"rendered":"Jeden Tag Saci gunoi cu manere 60L , dimensiune 60&#215;72 cm, 20 bucati, import Germania"},"content":{"rendered":"<p>Schwingdeckel mullbeutel Jeden Tag<br \/>\nSaci de gunoi cu manere ( tip maiou ) capacitate 60 L, dimensiune 60 x 72 cm<br \/>\nMaterial : Polietilen\u0103 HD<br \/>\nNu con\u021bin alergeni declarabili<br \/>\nCapacitate: 60 Litri<br \/>\nDimensiune 60 x 72 cm<br \/>\n1 pachet contine 20 de saci<br \/>\nV\u0103 rug\u0103m s\u0103 re\u021bine\u021bi \u00eentotdeauna informa\u021biile de pe ambalajul produsului. Informa\u021biile de pe ambalaj pot diferi de informa\u021biile despre produs prezentate aici.<\/p>\n<div dir=\"auto\">Nou ! Click &amp; Collect <span style=\"font-size: 14.4px\">Totaal Blauw <\/span>!<\/div>\n<div dir=\"auto\">Bestel je favoriete producten en haal je bestelling op wanneer je tijd hebt!<\/div>\n<div dir=\"auto\">Cu serviciul Click &amp; Collect <span style=\"font-size: 14.4px\">Totaal Blauw <\/span>iti po\u021bi rezerva online produsele, iar in intervalul orar 08:00-21:00 le poti ridica din locatia situata in Bucuresti, Sector 6, Bulevardul Uverturii 69 A<\/div>\n<div dir=\"auto\">Na het plaatsen en registreren van je bestelling krijg je bericht (per telefoon, e-mail of sms) wanneer je je bestelling kunt komen ophalen.<\/div>\n<div dir=\"auto\">Nu se percep taxe suplimentare pentru Click &amp; Collect <span style=\"font-size: 14.4px\">Totaal Blauw<\/span><\/div>\n<div dir=\"auto\">Je betaalt voor de gekochte artikelen ofwel online op het moment van bestellen of contant \/ per kaart direct in de winkel bij het afhalen.<\/div>\n<div dir=\"auto\">Incearca acum noul serviciu Click &amp; Collect <span style=\"font-size: 14.4px\">Totaal Blauw <\/span>!<\/div>","protected":false},"excerpt":{"rendered":"<p>Schwingdeckel mullbeutel Jeden Tag<br \/>\nSaci de gunoi cu manere ( tip maiou ) capacitate 60 L, dimensiune 60 x 72 cm<\/p>\n<div dir=\"auto\"><\/div>","protected":false},"featured_media":64234,"comment_status":"open","ping_status":"closed","template":"","meta":{"_acf_changed":false,"_seopress_robots_primary_cat":"1950","_seopress_titles_title":"","_seopress_titles_desc":"Cumpara online saci de gunoi, saci gunoi cu manere, pungi gunoi. Magazin online Total Blue cu produse germane si olandeze cu livrare rapida","_seopress_robots_index":""},"product_brand":[1989],"product_cat":[3356,3346,1950,1767],"giftcard-category":[],"class_list":{"0":"post-27763","1":"product","2":"type-product","3":"status-publish","4":"has-post-thumbnail","6":"product_brand-jeden-tag","7":"product_cat-detergenti-produse-germania","8":"product_cat-diverse","9":"product_cat-produse-germania","10":"product_cat-produse-olanda","12":"first","13":"outofstock","14":"taxable","15":"shipping-taxable","16":"purchasable","17":"product-type-simple"},"acf":[],"_links":{"self":[{"href":"https:\/\/totalblue.ro\/nl\/wp-json\/wp\/v2\/product\/27763","targetHints":{"allow":["GET"]}}],"collection":[{"href":"https:\/\/totalblue.ro\/nl\/wp-json\/wp\/v2\/product"}],"about":[{"href":"https:\/\/totalblue.ro\/nl\/wp-json\/wp\/v2\/types\/product"}],"replies":[{"embeddable":true,"href":"https:\/\/totalblue.ro\/nl\/wp-json\/wp\/v2\/comments?post=27763"}],"wp:featuredmedia":[{"embeddable":true,"href":"https:\/\/totalblue.ro\/nl\/wp-json\/wp\/v2\/media\/64234"}],"wp:attachment":[{"href":"https:\/\/totalblue.ro\/nl\/wp-json\/wp\/v2\/media?parent=27763"}],"wp:term":[{"taxonomy":"product_brand","embeddable":true,"href":"https:\/\/totalblue.ro\/nl\/wp-json\/wp\/v2\/product_brand?post=27763"},{"taxonomy":"product_cat","embeddable":true,"href":"https:\/\/totalblue.ro\/nl\/wp-json\/wp\/v2\/product_cat?post=27763"},{"taxonomy":"giftcard-category","embeddable":true,"href":"https:\/\/totalblue.ro\/nl\/wp-json\/wp\/v2\/giftcard-category?post=27763"}],"curies":[{"name":"wp","href":"https:\/\/api.w.org\/{rel}","templated":true}]}}