{"id":28104,"date":"2021-03-29T16:32:32","date_gmt":"2021-03-29T13:32:32","guid":{"rendered":"https:\/\/totalblue.ro\/?post_type=product&#038;p=28104"},"modified":"2025-08-06T15:56:52","modified_gmt":"2025-08-06T12:56:52","slug":"ravioli-diavoli-cu-umplutura-de-carne-in-sos-de-rosii-picant-800-g","status":"publish","type":"product","link":"https:\/\/totalblue.ro\/nl\/produs\/ravioli-diavoli-cu-umplutura-de-carne-in-sos-de-rosii-picant-800-g\/","title":{"rendered":"Ravioli Diavoli, cu umplutura de carne, in sos de rosii picant Maggi 800 g"},"content":{"rendered":"<p>Ravioli Diavoli, cu umplutura de carne, in sos de rosii picant 800 g<\/p>\n<p><strong>Aanbevelingen<\/strong>: Turnati continutul intr-o cratita \/ tigaie. Incalziti la foc mediu. De asemenea puteti incalzi si la cuptorul cu microunde, 4 minute la 600 W.<br \/>\n<strong>Ingredi\u00ebnt:<\/strong>72,1% sos de ro\u0219ii-boia (apa, 28,9% pasta de ro\u0219ii, 4,1% ardei verzi, 3,6% ardei rosu , zahar, sare iodata, amidon modificat, condimente, otet de vin, arome, ulei de floarea soarelui, dafin frunze), 27,7% ravioli (grau, apa, pesmet, (faina de grau, drojdie, sare iodata), carne de porc, proteine \u200b\u200bdin grau, ulei de floarea soarelui, fain\u0103 de grau, slanina, condimente sare iodata, extract de drojdie, ierburi, arome (cu orz).<br \/>\n<strong>Allergenen: <\/strong>Poate con\u021bine oua, soia, lapte, telina, mustar.<strong><br \/>\nOpslagcondities:<\/strong>A se pastra la loc uscat si racoros, ferit de actiunea directa a soarelui. Dupa deschidere a se pastra la frigider maxim 48 de ore.<br \/>\n<strong>Voedingswaarden \/ 100g:<\/strong><br \/>\nVoedingswaarden \/ 100 g:<br \/>\nEnergie 354 kj \/ 84 kcal<br \/>\nGrasime 1.6 g din care grasimi saturati 0.6 g<br \/>\nCarbohidrati 13.9 g din care zaharuri 3.3 g<br \/>\nVezel 1 g<br \/>\nProteine \u200b\u200b2.9 g<br \/>\nSare 0.89 g<\/p>\n<p>Bucatarie : Italiana<br \/>\nFabricat in Germania de Maggi GmbH , 78221 Singen, Hohentwiel.<br \/>\nImporteur en distributeur Total Blue Impex SRL<br \/>\n*Re\u021betele produselor se pot schimba. Informa\u021biile furnizate aici se refera la gama germana valabila \u00een prezent \u0219i sunt actualizate periodic. In cazul modific\u0103rilor retetei, produsele cu reteta veche \u0219i cea nou\u0103 pot fi g\u0103site \u00een magazine. Prin urmare, cump\u0103r\u0103torul trebuie sa citeasca intotdeauna cu atentie toate informatiile de pe ambalaj. Acest lucru se aplica in special listei de ingrediente pentru a lua \u00een considerare intolerantele.<\/p>","protected":false},"excerpt":{"rendered":"<p>Ravioli Diavoli, cu umplutura de carne, in sos de rosii picant 800 g<\/p>","protected":false},"featured_media":28105,"comment_status":"open","ping_status":"closed","template":"","meta":{"_acf_changed":false,"_seopress_robots_primary_cat":"1950","_seopress_titles_title":"","_seopress_titles_desc":"Comanda online produse Germenia. Cumpara online Maggi Ravioli Diavoli, cu umplutura de carne, sos de rosii picant. Livrare rapida din stoc Maggi paste.","_seopress_robots_index":""},"product_brand":[1869],"product_cat":[1555,1683,3372,3272,1950,1767],"giftcard-category":[],"class_list":{"0":"post-28104","1":"product","2":"type-product","3":"status-publish","4":"has-post-thumbnail","6":"product_brand-maggi","7":"product_cat-bacanie","8":"product_cat-conserve-mancare-gatita","9":"product_cat-conserve-produse-germania","10":"product_cat-conserve","11":"product_cat-produse-germania","12":"product_cat-produse-olanda","14":"first","15":"outofstock","16":"taxable","17":"shipping-taxable","18":"purchasable","19":"product-type-simple"},"acf":[],"_links":{"self":[{"href":"https:\/\/totalblue.ro\/nl\/wp-json\/wp\/v2\/product\/28104","targetHints":{"allow":["GET"]}}],"collection":[{"href":"https:\/\/totalblue.ro\/nl\/wp-json\/wp\/v2\/product"}],"about":[{"href":"https:\/\/totalblue.ro\/nl\/wp-json\/wp\/v2\/types\/product"}],"replies":[{"embeddable":true,"href":"https:\/\/totalblue.ro\/nl\/wp-json\/wp\/v2\/comments?post=28104"}],"wp:featuredmedia":[{"embeddable":true,"href":"https:\/\/totalblue.ro\/nl\/wp-json\/wp\/v2\/media\/28105"}],"wp:attachment":[{"href":"https:\/\/totalblue.ro\/nl\/wp-json\/wp\/v2\/media?parent=28104"}],"wp:term":[{"taxonomy":"product_brand","embeddable":true,"href":"https:\/\/totalblue.ro\/nl\/wp-json\/wp\/v2\/product_brand?post=28104"},{"taxonomy":"product_cat","embeddable":true,"href":"https:\/\/totalblue.ro\/nl\/wp-json\/wp\/v2\/product_cat?post=28104"},{"taxonomy":"giftcard-category","embeddable":true,"href":"https:\/\/totalblue.ro\/nl\/wp-json\/wp\/v2\/giftcard-category?post=28104"}],"curies":[{"name":"wp","href":"https:\/\/api.w.org\/{rel}","templated":true}]}}