{"id":28106,"date":"2021-03-29T16:39:13","date_gmt":"2021-03-29T13:39:13","guid":{"rendered":"https:\/\/totalblue.ro\/?post_type=product&#038;p=28106"},"modified":"2025-08-06T15:56:50","modified_gmt":"2025-08-06T12:56:50","slug":"ravioli-in-sos-de-rosii-cu-umplutura-de-carne-maggi-800-g","status":"publish","type":"product","link":"https:\/\/totalblue.ro\/nl\/produs\/ravioli-in-sos-de-rosii-cu-umplutura-de-carne-maggi-800-g\/","title":{"rendered":"Ravioli in sos de rosii cu umplutura de carne Maggi 800 g"},"content":{"rendered":"<p>Ravioli in sos de rosii cu umplutur\u0103 de carne Maggi 800 g<\/p>\n<p><strong>Aanbevelingen<\/strong>: Turnati continutul intr-o cratita \/ tigaie. Incalziti la foc mediu. De asemenea puteti incalzi si la cuptorul cu microunde, 4 minute la 600 W.<br \/>\n<strong>Ingredi\u00ebnt:<\/strong> 71,5% sos de rosii (ap\u0103, 37% pasta de rosii ), amidon modificat, sare iodata, zahar, ulei de floarea soarelui, slanin\u0103 afumat\u0103 (slanina, fum), condimente, otet de vin, extract de drojdie, telina, ierburi, arome), 28,5% Ravioli (grau durum, apa, pesmet ( faina de grau, drojdie, sare iodata), carne de porc, proteine \u200b\u200bdin grau, ulei de floarea soarelui, 1,6% faina de grau, slanina, gris de grau, condimente, sare iodata, extract de drojdie, grasime de palmier, albu\u0219uri de ou, zahat, lapte, aroma (orz), zahar).<br \/>\n<strong>Allergenen:<\/strong>Poate con\u021bine soia, lapte, mustar.<strong><br \/>\nOpslagcondities:<\/strong>A se pastra la loc uscat si racoros, ferit de actiunea directa a soarelui. Dupa deschidere a se pastra la frigider maxim 48 de ore.<br \/>\n<strong>Voedingswaarden \/ 100g:<\/strong><br \/>\nEnergie 370 kJ \/ 88 kcal<br \/>\nGrasime 2.1 g din care grasimi 0.7 g<br \/>\nCarbohidrati 13.5 g din care zaharuri 2 g<br \/>\nVezel 1 g<br \/>\nProteine \u200b\u200b3.2 g<br \/>\nSare 0.89 g<\/p>\n<p>Certificare: Gr\u00fcner Punkt &#8211; ARA (eticheta ambalajului)<br \/>\nFabricat in Germania de Maggi GmbH , 78221 Singen, Hohentwiel.<br \/>\nImporteur en distributeur Total Blue Impex SRL<br \/>\n*Re\u021betele produselor se pot schimba. Informa\u021biile furnizate aici se refera la gama germana valabila \u00een prezent \u0219i sunt actualizate periodic. In cazul modific\u0103rilor retetei, produsele cu reteta veche \u0219i cea nou\u0103 pot fi g\u0103site \u00een magazine. Prin urmare, cump\u0103r\u0103torul trebuie sa citeasca intotdeauna cu atentie toate informatiile de pe ambalaj. Acest lucru se aplica in special listei de ingrediente pentru a lua \u00een considerare intolerantele.<\/p>","protected":false},"excerpt":{"rendered":"<p>Ravioli in sos de rosii cu umplutur\u0103 de carne Maggi 800 g<\/p>","protected":false},"featured_media":28107,"comment_status":"open","ping_status":"closed","template":"","meta":{"_acf_changed":false,"_seopress_robots_primary_cat":"1950","_seopress_titles_title":"","_seopress_titles_desc":"Comanda acum la pret promotional cu livrare rapida pana la usa ta Ravioli in sos de rosii cu umplutur\u0103 de carne Maggi 800 g","_seopress_robots_index":""},"product_brand":[1869],"product_cat":[1555,1683,3272,3372,1950,1767],"giftcard-category":[],"class_list":{"0":"post-28106","1":"product","2":"type-product","3":"status-publish","4":"has-post-thumbnail","6":"product_brand-maggi","7":"product_cat-bacanie","8":"product_cat-conserve-mancare-gatita","9":"product_cat-conserve","10":"product_cat-conserve-produse-germania","11":"product_cat-produse-germania","12":"product_cat-produse-olanda","14":"first","15":"outofstock","16":"taxable","17":"shipping-taxable","18":"purchasable","19":"product-type-simple"},"acf":[],"_links":{"self":[{"href":"https:\/\/totalblue.ro\/nl\/wp-json\/wp\/v2\/product\/28106","targetHints":{"allow":["GET"]}}],"collection":[{"href":"https:\/\/totalblue.ro\/nl\/wp-json\/wp\/v2\/product"}],"about":[{"href":"https:\/\/totalblue.ro\/nl\/wp-json\/wp\/v2\/types\/product"}],"replies":[{"embeddable":true,"href":"https:\/\/totalblue.ro\/nl\/wp-json\/wp\/v2\/comments?post=28106"}],"wp:featuredmedia":[{"embeddable":true,"href":"https:\/\/totalblue.ro\/nl\/wp-json\/wp\/v2\/media\/28107"}],"wp:attachment":[{"href":"https:\/\/totalblue.ro\/nl\/wp-json\/wp\/v2\/media?parent=28106"}],"wp:term":[{"taxonomy":"product_brand","embeddable":true,"href":"https:\/\/totalblue.ro\/nl\/wp-json\/wp\/v2\/product_brand?post=28106"},{"taxonomy":"product_cat","embeddable":true,"href":"https:\/\/totalblue.ro\/nl\/wp-json\/wp\/v2\/product_cat?post=28106"},{"taxonomy":"giftcard-category","embeddable":true,"href":"https:\/\/totalblue.ro\/nl\/wp-json\/wp\/v2\/giftcard-category?post=28106"}],"curies":[{"name":"wp","href":"https:\/\/api.w.org\/{rel}","templated":true}]}}