{"id":28411,"date":"2021-04-06T16:16:36","date_gmt":"2021-04-06T13:16:36","guid":{"rendered":"https:\/\/totalblue.ro\/?post_type=product&#038;p=28411"},"modified":"2025-08-06T13:41:37","modified_gmt":"2025-08-06T10:41:37","slug":"knorr-bouillon-pur-delikatess-de-legume-6-x-28-g","status":"publish","type":"product","link":"https:\/\/totalblue.ro\/nl\/produs\/knorr-bouillon-pur-delikatess-de-legume-6-x-28-g\/","title":{"rendered":"Knorr Bouillon Pur Delikatess de legume 6 x 28 g"},"content":{"rendered":"<p>Pregatiti rapid \u0219i usor mancaruri si supe cu un gust copios<br \/>\nBouillon consistent, pur vegetal, pentru preparate aromate.<br \/>\nDe asemenea, ideal pentru mancaruri vegane.<br \/>\nFara coloranti, conservanti \u0219i aditivi care imbunatatesc aroma.<br \/>\nCantitate: fiecare pachet contine 6 bucati x 28 grame<br \/>\n<strong>Ingredi\u00ebnt: <\/strong>68% bulion concentrat de legume (apa potabila, 13% praz, 10% ceapa, morcovi), sare de masa, zahar, arome, extract de drojdie, ulei de palmier, inlocuitor de sare, ingrosator (xantan, guma de salcam), condimente (telina seminte, nucsoara, piper, radacina de patrunjel), patrunjel, dextroza. din cultivare durabila. Obtinut din minerale naturale de potasiu.<br \/>\n<strong>Alergeni : <\/strong>\u00a0telina<br \/>\n<strong>Mod de utilizare<\/strong>: se deschide 1 pachet si se toarna intr-un vas care contine 500 ml de apa clocotita, se amesteca usor.<br \/>\n<strong>Details van gebruik: <\/strong>A nu se p\u0103stra la temperatura camerei \u0219i ferit de lumin\u0103. A se p\u0103stra la frigider dup\u0103 deschidere \u0219i se va consuma \u00een termen de 3 zile.<br \/>\nFara coloranti, fara arome adaugate, fara conservanti care sa imbunatateasca aroma<br \/>\n<strong>Voedingswaarden:<br \/>\n<\/strong>Energie: 18kJ \/ 4kcal<br \/>\nGrasime &lt; 0.5 grame<br \/>\ndin care saturati &lt; 0.1 grame<br \/>\nCarbohidrati &lt; 0.5 grame<br \/>\ndin care zaharuri &lt; 0.5 grame<br \/>\nProteine \u200b\u200b&lt; 0.5 grame<br \/>\nSare 0.85 grame<br \/>\n<a href=\"https:\/\/totalblue.ro\/wp-content\/uploads\/2021\/02\/vegetarian.jpeg\"><img loading=\"lazy\" decoding=\"async\" class=\"alignnone wp-image-27413\" src=\"https:\/\/totalblue.ro\/wp-content\/uploads\/2021\/02\/vegetarian.jpeg\" alt=\"\" width=\"113\" height=\"113\" srcset=\"https:\/\/totalblue.ro\/wp-content\/uploads\/2021\/02\/vegetarian.jpeg 225w, https:\/\/totalblue.ro\/wp-content\/uploads\/2021\/02\/vegetarian-100x100.jpeg 100w\" sizes=\"auto, (max-width: 113px) 100vw, 113px\" \/><\/a><\/p>\n<div class=\"wrapper-table-responsive m-t-3\"><\/div>","protected":false},"excerpt":{"rendered":"<p>Pregatiti rapid \u0219i usor mancaruri si supe cu un gust copios<br \/>\nBulion consistent, pur vegetal, pentru preparate aromate.<\/p>","protected":false},"featured_media":28414,"comment_status":"open","ping_status":"closed","template":"","meta":{"_acf_changed":false,"_seopress_robots_primary_cat":"1451","_seopress_titles_title":"","_seopress_titles_desc":"Pregatiti rapid \u0219i usor mancaruri si supe cu un gust copios. Bouillon consistent, pur vegetal, pentru preparate aromate.","_seopress_robots_index":""},"product_brand":[1870],"product_cat":[1555,1451,3280,3380,1950,1767],"giftcard-category":[],"class_list":{"0":"post-28411","1":"product","2":"type-product","3":"status-publish","4":"has-post-thumbnail","6":"product_brand-knorr","7":"product_cat-bacanie","8":"product_cat-condimente-produse-instant","9":"product_cat-condimente-sosuri","10":"product_cat-condimente-sosuri-produse-germania","11":"product_cat-produse-germania","12":"product_cat-produse-olanda","14":"first","15":"outofstock","16":"taxable","17":"shipping-taxable","18":"purchasable","19":"product-type-simple"},"acf":[],"_links":{"self":[{"href":"https:\/\/totalblue.ro\/nl\/wp-json\/wp\/v2\/product\/28411","targetHints":{"allow":["GET"]}}],"collection":[{"href":"https:\/\/totalblue.ro\/nl\/wp-json\/wp\/v2\/product"}],"about":[{"href":"https:\/\/totalblue.ro\/nl\/wp-json\/wp\/v2\/types\/product"}],"replies":[{"embeddable":true,"href":"https:\/\/totalblue.ro\/nl\/wp-json\/wp\/v2\/comments?post=28411"}],"wp:featuredmedia":[{"embeddable":true,"href":"https:\/\/totalblue.ro\/nl\/wp-json\/wp\/v2\/media\/28414"}],"wp:attachment":[{"href":"https:\/\/totalblue.ro\/nl\/wp-json\/wp\/v2\/media?parent=28411"}],"wp:term":[{"taxonomy":"product_brand","embeddable":true,"href":"https:\/\/totalblue.ro\/nl\/wp-json\/wp\/v2\/product_brand?post=28411"},{"taxonomy":"product_cat","embeddable":true,"href":"https:\/\/totalblue.ro\/nl\/wp-json\/wp\/v2\/product_cat?post=28411"},{"taxonomy":"giftcard-category","embeddable":true,"href":"https:\/\/totalblue.ro\/nl\/wp-json\/wp\/v2\/giftcard-category?post=28411"}],"curies":[{"name":"wp","href":"https:\/\/api.w.org\/{rel}","templated":true}]}}