{"id":28430,"date":"2021-04-07T10:14:47","date_gmt":"2021-04-07T07:14:47","guid":{"rendered":"https:\/\/totalblue.ro\/?post_type=product&#038;p=28430"},"modified":"2025-08-01T11:59:04","modified_gmt":"2025-08-01T08:59:04","slug":"knorr-snack-paste-bolognese-68-g","status":"publish","type":"product","link":"https:\/\/totalblue.ro\/nl\/produs\/knorr-snack-paste-bolognese-68-g\/","title":{"rendered":"Knorr Snack Paste Bolognese 68 g"},"content":{"rendered":"<p>Knorr Pasta Snack Bolognese, 68 g 1 Portion<br \/>\nKnorr Snack Paste Bolognese 68 g<\/p>\n<p>Mod de preparare \/ Mod de utilizare:<br \/>\n1. Deschide\u021bi capacul.<br \/>\n2. Se toarn\u0103 apa clocotita pana la semn.<br \/>\n3. Se amesteca bine \u0219i se inchide din nou capacul.<br \/>\n4. Lasa pastele sa absoarba apa 5 minute.<br \/>\n5. Se amestec\u0103 din nou bine.<br \/>\n6. Gata ! Un snack rapid si delicios !<br \/>\n<strong>Ingredi\u00ebnt: <\/strong>60% paste (grau durum), 13% praf de rosii, ulei de palmier, praf de ceapa, zahar, 1,8% carne de vita, sare de mas\u0103, 1,4% rosie, arome, extract de drojdie, inlocuitor de sare, sare de mare, morcovi, ierburi ( patrunjel, oregano), condimente (pudr\u0103 de usturoi, piper), telina, ardei dulci, ulei de masline extravirgin, maltodextrina, albus pudra ou. Poate con\u021bine urme de lapte, soia \u0219i mustar.<br \/>\n<strong>Allergenen: <\/strong>Oua, cereale care con\u021bin gluten, telina, grau<br \/>\nA se pastra intr-un loc racoros \u0219i uscat.<br \/>\n<strong>Voedingswaarden \/ 100g:<\/strong><br \/>\nEnergie 98 kcal \/ 410 kJ<br \/>\nGrasime 2 grame<br \/>\ndin care grasimi saturati 1 gram<br \/>\nCarbohidrati 16 grame<br \/>\ndin care zaharuri 2.9grame<br \/>\nProteine \u200b\u200b3.4 grame<br \/>\nSare 0.61 grame<br \/>\nTara de origine : Germania<br \/>\n*Re\u021betele produselor se pot schimba. Informa\u021biile furnizate aici se refera la gama germana valabila \u00een prezent \u0219i sunt actualizate periodic. In cazul modific\u0103rilor retetei, produsele cu reteta veche \u0219i cea nou\u0103 pot fi g\u0103site \u00een magazine. Prin urmare, cump\u0103r\u0103torul trebuie sa citeasca intotdeauna cu atentie toate informatiile de pe ambalaj. Acest lucru se aplica in special listei de ingrediente pentru a lua \u00een considerare intolerantele.<\/p>","protected":false},"excerpt":{"rendered":"<p>Knorr Pasta Snack Bolognese, 68 g 1 Portion<br \/>\nKnorr Snack Paste Bolognese 68 g<\/p>","protected":false},"featured_media":28436,"comment_status":"open","ping_status":"closed","template":"","meta":{"_acf_changed":false,"_seopress_robots_primary_cat":"1950","_seopress_titles_title":"","_seopress_titles_desc":"Comanda acum cu livrare rapida pana la usa ta Knorr Pasta Snack Bolognese, 68 g 1 Portion! Pret promotional, livrare rapida","_seopress_robots_index":""},"product_brand":[1870],"product_cat":[1555,3272,3372,3428,3328,1950,1767,1954],"giftcard-category":[],"class_list":{"0":"post-28430","1":"product","2":"type-product","3":"status-publish","4":"has-post-thumbnail","6":"product_brand-knorr","7":"product_cat-bacanie","8":"product_cat-conserve","9":"product_cat-conserve-produse-germania","10":"product_cat-paste-orez-ulei-otet-produse-germania","11":"product_cat-paste-orez-ulei-otet","12":"product_cat-produse-germania","13":"product_cat-produse-olanda","14":"product_cat-semipreparate","16":"first","17":"outofstock","18":"taxable","19":"shipping-taxable","20":"purchasable","21":"product-type-simple"},"acf":[],"_links":{"self":[{"href":"https:\/\/totalblue.ro\/nl\/wp-json\/wp\/v2\/product\/28430","targetHints":{"allow":["GET"]}}],"collection":[{"href":"https:\/\/totalblue.ro\/nl\/wp-json\/wp\/v2\/product"}],"about":[{"href":"https:\/\/totalblue.ro\/nl\/wp-json\/wp\/v2\/types\/product"}],"replies":[{"embeddable":true,"href":"https:\/\/totalblue.ro\/nl\/wp-json\/wp\/v2\/comments?post=28430"}],"wp:featuredmedia":[{"embeddable":true,"href":"https:\/\/totalblue.ro\/nl\/wp-json\/wp\/v2\/media\/28436"}],"wp:attachment":[{"href":"https:\/\/totalblue.ro\/nl\/wp-json\/wp\/v2\/media?parent=28430"}],"wp:term":[{"taxonomy":"product_brand","embeddable":true,"href":"https:\/\/totalblue.ro\/nl\/wp-json\/wp\/v2\/product_brand?post=28430"},{"taxonomy":"product_cat","embeddable":true,"href":"https:\/\/totalblue.ro\/nl\/wp-json\/wp\/v2\/product_cat?post=28430"},{"taxonomy":"giftcard-category","embeddable":true,"href":"https:\/\/totalblue.ro\/nl\/wp-json\/wp\/v2\/giftcard-category?post=28430"}],"curies":[{"name":"wp","href":"https:\/\/api.w.org\/{rel}","templated":true}]}}