{"id":28443,"date":"2021-04-07T10:49:21","date_gmt":"2021-04-07T07:49:21","guid":{"rendered":"https:\/\/totalblue.ro\/?post_type=product&#038;p=28443"},"modified":"2025-08-01T11:59:01","modified_gmt":"2025-08-01T08:59:01","slug":"knorr-snack-de-cartofi-bacon-si-ceapa-58-g","status":"publish","type":"product","link":"https:\/\/totalblue.ro\/nl\/produs\/knorr-snack-de-cartofi-bacon-si-ceapa-58-g\/","title":{"rendered":"Knorr Snack de cartofi, bacon si ceapa 58 g"},"content":{"rendered":"<p>Knorr Kartoffel Snack mit Speck und Zwiebeln 58 grame<br \/>\nKnorr Snack de cartofi, bacon si ceapa 58 g<\/p>\n<p>Mod de preparare \/ Mod de utilizare:<br \/>\n1. Deschide\u021bi capacul.<br \/>\n2. Se toarn\u0103 apa clocotita pana la semn.<br \/>\n3. Se amesteca bine \u0219i se inchide din nou capacul.<br \/>\n4. Lasa cartofii sa absoarba apa 5 minute.<br \/>\n5. Se amestec\u0103 din nou bine.<br \/>\n6. Gata ! Un snack rapid si delicios !<br \/>\n<strong>Ingredi\u00ebnt: <\/strong>57,5% cartofi, ulei de floarea-soarelui, lapte praf, 5% slanina afumata (carne de porc, sare de masa, stabilizant (azotit de sodiu), fum), 4,8% ceap\u0103, zahar, sare de masa iodata, inlocuitor de sare de masa, grasime de slanina afumata (sl\u0103nina, sare de mas\u0103, fum), proteine \u200b\u200bdin lapte, arome, extract de drojdie, arpagic, patrunjel, arom\u0103 de fum, emulgator (mono- \u0219i digliceride ale acizilor gra\u0219i), curcuma3. \u00b3Din cultivarea durabil\u0103. 4 ob\u021binute din minerale naturale de potasiu.<\/p>\n<p>Voedingswaarden \/ 100 g:<br \/>\nEnergie 372 kJ (89 kcal)<br \/>\nGrasime 3.4 g din care saturate 0.7 g<br \/>\nCarbohidrati 11 g din care zaharuri 2.1 g<br \/>\nFibre 1.8 g<br \/>\nEiwit 2,6 g<br \/>\nSare 0.65 g<\/p>\n<p><strong>Allergenen: <\/strong>Poate con\u021bine urme de: oua \u0219i produse ob\u021binute din acestea, cereale care contin gluten \u0219i produse obtinute din acestea, telina \u0219i produse ob\u021binute din acestea, mustar \u0219i produse ob\u021binute din acestea, soia \u0219i produse obtinute din acestea<br \/>\nCon\u021bine: lapte \u0219i produse ob\u021binute din acesta (inclusiv lactoza)<br \/>\nA se pastra intr-un loc racoros \u0219i uscat.<br \/>\nTara de origine : Germania<br \/>\n*Re\u021betele produselor se pot schimba. Informa\u021biile furnizate aici se refera la gama germana valabila \u00een prezent \u0219i sunt actualizate periodic. In cazul modific\u0103rilor retetei, produsele cu reteta veche \u0219i cea nou\u0103 pot fi g\u0103site \u00een magazine. Prin urmare, cump\u0103r\u0103torul trebuie sa citeasca intotdeauna cu atentie toate informatiile de pe ambalaj. Acest lucru se aplica in special listei de ingrediente pentru a lua \u00een considerare intolerantele.<\/p>","protected":false},"excerpt":{"rendered":"<p>Knorr Kartoffel Snack mit Speck und Zwiebeln 58 grame<br \/>\nKnorr Snack de cartofi, bacon si ceapa 58 g<\/p>","protected":false},"featured_media":180108,"comment_status":"open","ping_status":"closed","template":"","meta":{"_acf_changed":false,"_seopress_robots_primary_cat":"1950","_seopress_titles_title":"","_seopress_titles_desc":"Comanda acum cu livrare rapida pana la usa ta Knorr Kartoffel Snack mit Speck und Zwiebeln -Knorr Snack de cartofi, bacon si ceapa 58 g","_seopress_robots_index":""},"product_brand":[1870],"product_cat":[1555,1683,3272,3372,3428,3328,1950,1767,1954],"giftcard-category":[],"class_list":{"0":"post-28443","1":"product","2":"type-product","3":"status-publish","4":"has-post-thumbnail","6":"product_brand-knorr","7":"product_cat-bacanie","8":"product_cat-conserve-mancare-gatita","9":"product_cat-conserve","10":"product_cat-conserve-produse-germania","11":"product_cat-paste-orez-ulei-otet-produse-germania","12":"product_cat-paste-orez-ulei-otet","13":"product_cat-produse-germania","14":"product_cat-produse-olanda","15":"product_cat-semipreparate","17":"first","18":"outofstock","19":"taxable","20":"shipping-taxable","21":"purchasable","22":"product-type-simple"},"acf":[],"_links":{"self":[{"href":"https:\/\/totalblue.ro\/nl\/wp-json\/wp\/v2\/product\/28443","targetHints":{"allow":["GET"]}}],"collection":[{"href":"https:\/\/totalblue.ro\/nl\/wp-json\/wp\/v2\/product"}],"about":[{"href":"https:\/\/totalblue.ro\/nl\/wp-json\/wp\/v2\/types\/product"}],"replies":[{"embeddable":true,"href":"https:\/\/totalblue.ro\/nl\/wp-json\/wp\/v2\/comments?post=28443"}],"wp:featuredmedia":[{"embeddable":true,"href":"https:\/\/totalblue.ro\/nl\/wp-json\/wp\/v2\/media\/180108"}],"wp:attachment":[{"href":"https:\/\/totalblue.ro\/nl\/wp-json\/wp\/v2\/media?parent=28443"}],"wp:term":[{"taxonomy":"product_brand","embeddable":true,"href":"https:\/\/totalblue.ro\/nl\/wp-json\/wp\/v2\/product_brand?post=28443"},{"taxonomy":"product_cat","embeddable":true,"href":"https:\/\/totalblue.ro\/nl\/wp-json\/wp\/v2\/product_cat?post=28443"},{"taxonomy":"giftcard-category","embeddable":true,"href":"https:\/\/totalblue.ro\/nl\/wp-json\/wp\/v2\/giftcard-category?post=28443"}],"curies":[{"name":"wp","href":"https:\/\/api.w.org\/{rel}","templated":true}]}}