{"id":28446,"date":"2021-04-07T10:54:45","date_gmt":"2021-04-07T07:54:45","guid":{"rendered":"https:\/\/totalblue.ro\/?post_type=product&#038;p=28446"},"modified":"2025-08-01T11:58:57","modified_gmt":"2025-08-01T08:58:57","slug":"knorr-snack-piure-de-cartofi-chiftelute-si-ceapa-prajita-53-g","status":"publish","type":"product","link":"https:\/\/totalblue.ro\/nl\/produs\/knorr-snack-piure-de-cartofi-chiftelute-si-ceapa-prajita-53-g\/","title":{"rendered":"Knorr Snack piure de cartofi, chiftelute si ceapa prajita 53 g"},"content":{"rendered":"<p>Knorr Kartoffel Snack Fleischb\u00e4llchen 53g<br \/>\nKnorr Snack piure de cartofi, chiftelute si ceapa prajita 53 g<\/p>\n<p>Mod de preparare \/ Mod de utilizare:<br \/>\n1. Deschide\u021bi capacul.<br \/>\n2. Se toarn\u0103 apa clocotita pana la semn.<br \/>\n3. Se amesteca bine \u0219i se inchide din nou capacul.<br \/>\n4. Lasa preparatul sa absoarba apa 5 minute.<br \/>\n5. Se amestec\u0103 din nou bine.<br \/>\n6. Gata ! Un snack rapid si delicios !<br \/>\n<strong>Ingredi\u00ebnt: <\/strong>61% cartofi, ulei de palmier, 9,5% chiftele (carne de vita, pesmet (faina de grau, drojdie, sare), paste cu ou, ceapa, ulei de palmier, sare de masa, extract de drojdie, faina grau, piper, usturoi, extract de nucsoara , 5% ceapa prajita (4, 5% ceapa, ulei de floarea-soarelui), sare de masa, slanina afumata (carne de porc, sare de masa, fum), sirop de glucoza, arome, extract de drojdie, proteine din lapte, arpagic, emulgator (mono- \u0219i digliceride de acizi grasi), concentrat de suc de legume (telina, ceapa, praz), curcuma.<br \/>\n<strong>Allergenen: <\/strong>Oua, lapte, grau, telina, cereale care con\u021bin gluten<br \/>\nA se pastra intr-un loc racoros \u0219i uscat.<br \/>\n<strong>Voedingswaarden \/ 100g:<\/strong><br \/>\nEnergie 87 kcal \/ 363 kJ<br \/>\nGrasime 2.6 grame<br \/>\ndin care grasimi saturati 0.9 grame<br \/>\nCarbohidrati 12 grame<br \/>\ndin care zaharuri 1.6 grame<br \/>\nProteine \u200b\u200b3.1 grame<br \/>\nSare 0.61 grame<br \/>\nTara de origine : Germania<br \/>\n*Re\u021betele produselor se pot schimba. Informa\u021biile furnizate aici se refera la gama germana valabila \u00een prezent \u0219i sunt actualizate periodic. In cazul modific\u0103rilor retetei, produsele cu reteta veche \u0219i cea nou\u0103 pot fi g\u0103site \u00een magazine. Prin urmare, cump\u0103r\u0103torul trebuie sa citeasca intotdeauna cu atentie toate informatiile de pe ambalaj. Acest lucru se aplica in special listei de ingrediente pentru a lua \u00een considerare intolerantele.<\/p>","protected":false},"excerpt":{"rendered":"<p>Knorr Kartoffel Snack Fleischb\u00e4llchen 53g<br \/>\nKnorr Snack piure de cartofi, chiftelute si ceapa prajita 53 g<\/p>","protected":false},"featured_media":28451,"comment_status":"open","ping_status":"closed","template":"","meta":{"_acf_changed":false,"_seopress_robots_primary_cat":"1950","_seopress_titles_title":"","_seopress_titles_desc":"Comanda acum cu livrare rapida Knorr Kartoffel Snack Fleischb\u00e4llchen 53g - Knorr Snack piure de cartofi, chiftelute si ceapa prajita 53 g","_seopress_robots_index":""},"product_brand":[1870],"product_cat":[1555,1683,3272,3372,3428,3328,1950,1767,1954],"giftcard-category":[],"class_list":{"0":"post-28446","1":"product","2":"type-product","3":"status-publish","4":"has-post-thumbnail","6":"product_brand-knorr","7":"product_cat-bacanie","8":"product_cat-conserve-mancare-gatita","9":"product_cat-conserve","10":"product_cat-conserve-produse-germania","11":"product_cat-paste-orez-ulei-otet-produse-germania","12":"product_cat-paste-orez-ulei-otet","13":"product_cat-produse-germania","14":"product_cat-produse-olanda","15":"product_cat-semipreparate","17":"first","18":"outofstock","19":"taxable","20":"shipping-taxable","21":"purchasable","22":"product-type-simple"},"acf":[],"_links":{"self":[{"href":"https:\/\/totalblue.ro\/nl\/wp-json\/wp\/v2\/product\/28446","targetHints":{"allow":["GET"]}}],"collection":[{"href":"https:\/\/totalblue.ro\/nl\/wp-json\/wp\/v2\/product"}],"about":[{"href":"https:\/\/totalblue.ro\/nl\/wp-json\/wp\/v2\/types\/product"}],"replies":[{"embeddable":true,"href":"https:\/\/totalblue.ro\/nl\/wp-json\/wp\/v2\/comments?post=28446"}],"wp:featuredmedia":[{"embeddable":true,"href":"https:\/\/totalblue.ro\/nl\/wp-json\/wp\/v2\/media\/28451"}],"wp:attachment":[{"href":"https:\/\/totalblue.ro\/nl\/wp-json\/wp\/v2\/media?parent=28446"}],"wp:term":[{"taxonomy":"product_brand","embeddable":true,"href":"https:\/\/totalblue.ro\/nl\/wp-json\/wp\/v2\/product_brand?post=28446"},{"taxonomy":"product_cat","embeddable":true,"href":"https:\/\/totalblue.ro\/nl\/wp-json\/wp\/v2\/product_cat?post=28446"},{"taxonomy":"giftcard-category","embeddable":true,"href":"https:\/\/totalblue.ro\/nl\/wp-json\/wp\/v2\/giftcard-category?post=28446"}],"curies":[{"name":"wp","href":"https:\/\/api.w.org\/{rel}","templated":true}]}}