{"id":28839,"date":"2021-04-20T15:09:30","date_gmt":"2021-04-20T12:09:30","guid":{"rendered":"https:\/\/totalblue.ro\/?post_type=product&#038;p=28839"},"modified":"2025-12-11T14:25:33","modified_gmt":"2025-12-11T12:25:33","slug":"kuhne-sos-dulce-acrisor-piccalilly-360-ml","status":"publish","type":"product","link":"https:\/\/totalblue.ro\/nl\/produs\/kuhne-sos-dulce-acrisor-piccalilly-360-ml\/","title":{"rendered":"K\u00fchne Piccalilly zoetzure saus 360 ml"},"content":{"rendered":"<p>K\u00fchne Ambachtelijke piccalilly zoetzuur 360 ml<br \/>\nK\u00fchne Piccalilly zoetzure saus 360 ml<br \/>\nIngrediente: apa, legume 23% (ceapa argintie, cornison, conopida), otet natural, zahar, faina de grau, seminte de mustar, sare, ulei de rapita, curcuma, condimente.<br \/>\nAlergeni: contine gluten, mustar, grau.<br \/>\nVoedingswaarden per 100 g:<br \/>\nEnergie 368 KJ \/ 87 kcal<br \/>\nGrasime 1,5 g din care grasimi saturate 0,1 g<br \/>\nCarbohidrati 15 g din care zaharuri 11 g<br \/>\nFibre 1,8 g<br \/>\nProteine \u200b\u200b1,6 g<br \/>\nZout 1,5 g<br \/>\nAmbalaj: borcan de sticla cu capac.<br \/>\nConsumeren v\u00f3\u00f3r: zie op de verpakking.<br \/>\nDepozitare: a se pastra in loc intunecos si rece. A se feri de razele soarelui. A se pastra la frigider dupa deschidere (max. 7\u00b0C).<br \/>\nProducator Carl K\u00fchne, K\u00fchneh\u00f6fe 11 , D-22761 Hamburg, Germany<br \/>\nImporteur en distributeur Total Blue Impex SRL<\/p>","protected":false},"excerpt":{"rendered":"<p>K\u00fchne Ambachtelijke piccalilly zoetzuur 360 ml<br \/>\nK\u00fchne Piccalilly zoetzure saus 360 ml<\/p>","protected":false},"featured_media":100741,"comment_status":"open","ping_status":"closed","template":"","meta":{"_acf_changed":false,"_seopress_robots_primary_cat":"1767","_seopress_titles_title":"K\u00fchne sos dulce acrisor Piccalilly 360 ML Olanda","_seopress_titles_desc":"Cauti K\u00fchne sos dulce acrisor Piccalilly 360 g? Comanda acum K\u00fchne sos dulce acrisor Piccalilly 360 g, produs in Olanda cu livrare rapida","_seopress_robots_index":""},"product_brand":[2002],"product_cat":[1555,3280,1767],"giftcard-category":[],"class_list":{"0":"post-28839","1":"product","2":"type-product","3":"status-publish","4":"has-post-thumbnail","6":"product_brand-kuhne","7":"product_cat-bacanie","8":"product_cat-condimente-sosuri","9":"product_cat-produse-olanda","11":"first","12":"outofstock","13":"taxable","14":"shipping-taxable","15":"purchasable","16":"product-type-simple"},"acf":[],"_links":{"self":[{"href":"https:\/\/totalblue.ro\/nl\/wp-json\/wp\/v2\/product\/28839","targetHints":{"allow":["GET"]}}],"collection":[{"href":"https:\/\/totalblue.ro\/nl\/wp-json\/wp\/v2\/product"}],"about":[{"href":"https:\/\/totalblue.ro\/nl\/wp-json\/wp\/v2\/types\/product"}],"replies":[{"embeddable":true,"href":"https:\/\/totalblue.ro\/nl\/wp-json\/wp\/v2\/comments?post=28839"}],"wp:featuredmedia":[{"embeddable":true,"href":"https:\/\/totalblue.ro\/nl\/wp-json\/wp\/v2\/media\/100741"}],"wp:attachment":[{"href":"https:\/\/totalblue.ro\/nl\/wp-json\/wp\/v2\/media?parent=28839"}],"wp:term":[{"taxonomy":"product_brand","embeddable":true,"href":"https:\/\/totalblue.ro\/nl\/wp-json\/wp\/v2\/product_brand?post=28839"},{"taxonomy":"product_cat","embeddable":true,"href":"https:\/\/totalblue.ro\/nl\/wp-json\/wp\/v2\/product_cat?post=28839"},{"taxonomy":"giftcard-category","embeddable":true,"href":"https:\/\/totalblue.ro\/nl\/wp-json\/wp\/v2\/giftcard-category?post=28839"}],"curies":[{"name":"wp","href":"https:\/\/api.w.org\/{rel}","templated":true}]}}