{"id":28930,"date":"2021-04-21T11:56:36","date_gmt":"2021-04-21T08:56:36","guid":{"rendered":"https:\/\/totalblue.ro\/?post_type=product&#038;p=28930"},"modified":"2025-05-11T08:39:59","modified_gmt":"2025-05-11T05:39:59","slug":"kelloggs-coco-pops-chocos-cereale-375-g","status":"publish","type":"product","link":"https:\/\/totalblue.ro\/nl\/produs\/kelloggs-coco-pops-chocos-cereale-375-g\/","title":{"rendered":"Kellogg&#8217;s Coco pops chocos &#8211; cereale 330 g"},"content":{"rendered":"<p>Kellogg&#8217;s Coco pops chocos 375 g<br \/>\nKellogg&#8217;s Coco pops chocos &#8211; cereale 375 g<br \/>\n<span class=\"HwtZe\" lang=\"ro\"><span class=\"jCAhz ChMk0b\"><span class=\"ryNqvb\">Ingrediente: f\u0103in\u0103 de gr\u00e2u (72%), zah\u0103r, pudr\u0103 de ciocolat\u0103 (10%) (zah\u0103r, pudr\u0103 de cacao), pudr\u0103 de cacao redus\u0103 \u00een gr\u0103sime, sirop de glucoz\u0103, sare, arom\u0103 natural\u0103, scor\u021bi\u0219oar\u0103, niacin\u0103, fier, vitamina B6, riboflavin\u0103, tiamin\u0103, acid folic, vitamina D, vitamina b12.<\/span><\/span> <span class=\"jCAhz ChMk0b\"><span class=\"ryNqvb\">pentru alergeni: vezi ingredientele marcate cu aldine.<\/span><\/span> <span class=\"jCAhz ChMk0b\"><span class=\"ryNqvb\">poate con\u021bine gluten din alte cereale.<br \/>\nVoedingswaarden \/ 100 g:<br \/>\nEnergie 1608 kJ (380 kcal)<br \/>\nGrasimi 2.2 g din care grasimi saturate 1 g<br \/>\nGlucide 77 g din care zaharuri 22 g<br \/>\nFibre alimentare 6 g<br \/>\nEiwit 10 g<br \/>\nSare 0,67 g<\/span><\/span><\/span><\/p>","protected":false},"excerpt":{"rendered":"<p>Kellogg&#8217;s Coco pops chocos 375 g Kellogg&#8217;s Coco pops chocos &#8211; cereale 375 g Ingrediente: f\u0103in\u0103 de gr\u00e2u (72%), zah\u0103r, pudr\u0103 de ciocolat\u0103 (10%) (zah\u0103r, pudr\u0103 de cacao), pudr\u0103 de cacao redus\u0103 \u00een gr\u0103sime, sirop de glucoz\u0103, sare, arom\u0103 natural\u0103, scor\u021bi\u0219oar\u0103, niacin\u0103, fier, vitamina B6, riboflavin\u0103, tiamin\u0103, acid folic, vitamina D, vitamina b12. pentru alergeni: [&#8230;]\n","protected":false},"featured_media":28931,"comment_status":"open","ping_status":"closed","template":"","meta":{"_acf_changed":false,"_seopress_robots_primary_cat":"none","_seopress_titles_title":"Cereale Kellogg's Coco pops chocos 375 g, cereale cu ciocolata, fulgi cereale","_seopress_titles_desc":"Magazin online cu livrare din stoc cereale kellogg's Cco pops chocos. Cumpara online cereale kellogg's. Online shop cu specialitati olandeze si germania","_seopress_robots_index":""},"product_brand":[1997],"product_cat":[1555,1506,3304,3404,1950,1767],"giftcard-category":[],"class_list":{"0":"post-28930","1":"product","2":"type-product","3":"status-publish","4":"has-post-thumbnail","6":"product_brand-kelloggs","7":"product_cat-bacanie","8":"product_cat-cafea-ceai-mic-dejun","9":"product_cat-mic-dejun-produse-olanda","10":"product_cat-mic-dejun-produse-germania","11":"product_cat-produse-germania","12":"product_cat-produse-olanda","14":"first","15":"outofstock","16":"taxable","17":"shipping-taxable","18":"purchasable","19":"product-type-simple"},"acf":[],"_links":{"self":[{"href":"https:\/\/totalblue.ro\/nl\/wp-json\/wp\/v2\/product\/28930","targetHints":{"allow":["GET"]}}],"collection":[{"href":"https:\/\/totalblue.ro\/nl\/wp-json\/wp\/v2\/product"}],"about":[{"href":"https:\/\/totalblue.ro\/nl\/wp-json\/wp\/v2\/types\/product"}],"replies":[{"embeddable":true,"href":"https:\/\/totalblue.ro\/nl\/wp-json\/wp\/v2\/comments?post=28930"}],"wp:featuredmedia":[{"embeddable":true,"href":"https:\/\/totalblue.ro\/nl\/wp-json\/wp\/v2\/media\/28931"}],"wp:attachment":[{"href":"https:\/\/totalblue.ro\/nl\/wp-json\/wp\/v2\/media?parent=28930"}],"wp:term":[{"taxonomy":"product_brand","embeddable":true,"href":"https:\/\/totalblue.ro\/nl\/wp-json\/wp\/v2\/product_brand?post=28930"},{"taxonomy":"product_cat","embeddable":true,"href":"https:\/\/totalblue.ro\/nl\/wp-json\/wp\/v2\/product_cat?post=28930"},{"taxonomy":"giftcard-category","embeddable":true,"href":"https:\/\/totalblue.ro\/nl\/wp-json\/wp\/v2\/giftcard-category?post=28930"}],"curies":[{"name":"wp","href":"https:\/\/api.w.org\/{rel}","templated":true}]}}