{"id":29095,"date":"2021-04-23T15:43:47","date_gmt":"2021-04-23T12:43:47","guid":{"rendered":"https:\/\/totalblue.ro\/?post_type=product&#038;p=29095"},"modified":"2025-08-01T15:09:05","modified_gmt":"2025-08-01T12:09:05","slug":"mora-frikandellen-5x70g","status":"publish","type":"product","link":"https:\/\/totalblue.ro\/nl\/produs\/mora-frikandellen-5x70g\/","title":{"rendered":"Braam Frikandellen 5x70g"},"content":{"rendered":"<p>Braam Frikandellen 5x70g<\/p>\n<p><strong>Bereidingsinstructies:<br \/>\n<\/strong>Tava de copt 9 min &#8211; Congelat 9 minute &#8211; Decongelat 5 minute.<br \/>\nO picatura de ulei \u00een tigaie, se \u00eenc\u0103lze\u0219te mediu \u0219i se \u00eentoarce produsul \u00een mod regulat.<br \/>\nGratar 14 min &#8211; Congelat 14 minute &#8211; Decongelat 10 minute &#8211; Intorcandu-se regulat.<br \/>\nPrajire 175 \u00b0 C | 4 min &#8211; Congelat: 4 minute &#8211; Decongelat: 2 minute &#8211; De preferat se pr\u0103je\u0219te \u00een ulei.<br \/>\nDe genoemde tijden zijn gemiddelden. We raden je daarom aan de exacte bereidingstijd uit te proberen.<br \/>\n<strong>Opslagomstandigheden<\/strong>Ontdooi het product niet uit de verpakking.<br \/>\nNiet invriezen na het ontdooien.<br \/>\nBewaren in de vriezer bij -18\u00b0C. Vanuit de vriezer 48 uur houdbaar in de koelkast. Niet invriezen na ontdooien!!! Consumeren v\u00f3\u00f3r - zie datum op de verpakking.<br \/>\n<strong>Ingredi\u00ebnt:\u00a0 <\/strong>Carne de pui separata mecanic 46%, slanina de porc 20%, apa, pesmet (fain\u0103 de grau, apa, drojdie, sare), ceapa, sare, condimente, dextroza, usturoi, sirop de glucoza, emulgatori: E450 \u0219i E452, aroma naturala, maltodextrina, antioxidanti: acid ascorbic \u0219i acid citric, proteine \u200b\u200bvegetale hidrolizate (grau), ou. Numerele \u201eE\u201d sunt excipien\u021bi aproba\u021bi de UE.<br \/>\n<strong>Allergenen: <\/strong>Bevat: Eieren, glutenbevattende granen<br \/>\n<strong>Voedingswaarden\/100g:<br \/>\n<\/strong>Energie 904 kJ \/ 218 Kcal<br \/>\nVet 16 g waarvan verzadigde vetzuren 5,9 g<br \/>\nKoolhydraten 4,7 g waarvan suikers 1,1 g<br \/>\nVezels 1,4 g<br \/>\nEiwit 13 gram<br \/>\nZout 1,9 g<\/p>\n<p>Gefabriceerd door Mora, Antwoordnummer 65013 5000 VH Tilburg, 0800-BELMORA\/0800-2356672, Nederland.<br \/>\nImporteur en distributeur Total Blue Impex SRL<\/p>","protected":false},"excerpt":{"rendered":"<p><span data-text-color=\"alert\"><strong>WAARSCHUWING! BEVROREN PRODUCT! WAARSCHUWING! BEVROREN PRODUCT!<\/strong><\/span><\/p>","protected":false},"featured_media":29099,"comment_status":"open","ping_status":"closed","template":"","meta":{"_acf_changed":false,"_seopress_robots_primary_cat":"none","_seopress_titles_title":"Mora Frikandellen 5x70g, Frikandellen Olanda, Frikandellen Mora","_seopress_titles_desc":"Cauti Frikandellen si Bitterballen ? Cumpara acum Mora Frikandellen 5x70g, Chiftelute Olandeze, Frikandellen Olanda, Frikandellen delicioase.","_seopress_robots_index":""},"product_brand":[2024],"product_cat":[1555,2050,3256,1767,1954],"giftcard-category":[],"class_list":{"0":"post-29095","1":"product","2":"type-product","3":"status-publish","4":"has-post-thumbnail","6":"product_brand-mora","7":"product_cat-bacanie","8":"product_cat-produse-congelate","9":"product_cat-produse-congelate-produse-olanda","10":"product_cat-produse-olanda","11":"product_cat-semipreparate","12":"product_shipping_class-frozen-products","14":"first","15":"outofstock","16":"taxable","17":"shipping-taxable","18":"purchasable","19":"product-type-simple"},"acf":[],"_links":{"self":[{"href":"https:\/\/totalblue.ro\/nl\/wp-json\/wp\/v2\/product\/29095","targetHints":{"allow":["GET"]}}],"collection":[{"href":"https:\/\/totalblue.ro\/nl\/wp-json\/wp\/v2\/product"}],"about":[{"href":"https:\/\/totalblue.ro\/nl\/wp-json\/wp\/v2\/types\/product"}],"replies":[{"embeddable":true,"href":"https:\/\/totalblue.ro\/nl\/wp-json\/wp\/v2\/comments?post=29095"}],"wp:featuredmedia":[{"embeddable":true,"href":"https:\/\/totalblue.ro\/nl\/wp-json\/wp\/v2\/media\/29099"}],"wp:attachment":[{"href":"https:\/\/totalblue.ro\/nl\/wp-json\/wp\/v2\/media?parent=29095"}],"wp:term":[{"taxonomy":"product_brand","embeddable":true,"href":"https:\/\/totalblue.ro\/nl\/wp-json\/wp\/v2\/product_brand?post=29095"},{"taxonomy":"product_cat","embeddable":true,"href":"https:\/\/totalblue.ro\/nl\/wp-json\/wp\/v2\/product_cat?post=29095"},{"taxonomy":"giftcard-category","embeddable":true,"href":"https:\/\/totalblue.ro\/nl\/wp-json\/wp\/v2\/giftcard-category?post=29095"}],"curies":[{"name":"wp","href":"https:\/\/api.w.org\/{rel}","templated":true}]}}