{"id":29724,"date":"2021-05-10T14:27:19","date_gmt":"2021-05-10T11:27:19","guid":{"rendered":"https:\/\/totalblue.ro\/?post_type=product&#038;p=29724"},"modified":"2025-08-05T10:49:41","modified_gmt":"2025-08-05T07:49:41","slug":"rosii-uscate-la-soare-fara-ulei-370-ml-kuhne","status":"publish","type":"product","link":"https:\/\/totalblue.ro\/nl\/produs\/rosii-uscate-la-soare-fara-ulei-370-ml-kuhne\/","title":{"rendered":"Rosii uscate la soare, fara ulei 370 ml, Kuhne"},"content":{"rendered":"<p>K\u00fchne Sonnengetrocknete Tomaten 370 ml<br \/>\nRosii uscate la soare, fara ulei 370 ml, Kuhne<br \/>\nFara ulei &#8211; gust 100%: rosii uscate la soare, marinate intr-o marinata picanta, rafinate cu busuioc \u0219i oregano. Ideale pentru risotto, salata de paste sau ciabatta de casa &#8211; ofera o delicioasa nota mediteraneana!<br \/>\n<strong>Ingredi\u00ebnt:<\/strong> Rosii uscate la soare, apa, maltodextrina, otet de vin alb, zahar, sare, ingros\u0103tor xantan, gelifiant pectina, busuioc, oregano<br \/>\nFara ulei<br \/>\nGeen conserveringsmiddelen<br \/>\nGeen kleurstoffen<br \/>\nGlutenvrij<br \/>\nLactosevrij<br \/>\nVerpakking: glazen pot met deksel<br \/>\n<strong>Voedingswaarden:<\/strong><br \/>\nEnergie: 300 kJ \/ 71 kcal<br \/>\nGrasime: 0,4 g<br \/>\nwaarvan verzadigde vetzuren &lt;0,1 g<br \/>\nCarbohidrati: 10 g<br \/>\ndin care zahar 5,3 g<br \/>\nFibre alimentare: 7 g<br \/>\nProteine: 2,7 g<br \/>\nSare: 2,5 g<br \/>\nRosia este plina de substan\u021be nutritive bune si sanatoase. Dar ingredientul activ valoros licopen, precum \u0219i mineralele, vitaminele \u0219i oligoelementele sunt, de asemenea, continute si in stare uscata. Indiferent daca sunt proaspete sau uscate: ro\u0219iile sunt un clasic \u00een bucataria mediteranean\u0103. Cu ulei de m\u0103sline proaspat isi dezvolta \u00een mod optim aroma dulce-fructata. Pastele fanteziste? Un pesto rosso se poate face cu usurin\u021b\u0103 din rosiile uscate la soare, usturoi, parmezan, piper \u0219i sare!<br \/>\nCeva diferit: Salata usoara de fasole, cu rosii sarutate de soare \u0219i masline verzi, aduce flerul italian la masa de acasa.<br \/>\nUn mic sfat: rosiile uscate la soare care nu sunt inmuiate in ulei pot fi puse \u00een apa clocotita \u00eenainte de prelucrare in bucatarie. Acest lucru le face moi \u0219i mai u\u0219or de lucrat.<\/p>\n<p>&nbsp;<\/p>","protected":false},"excerpt":{"rendered":"<p>K\u00fchne Sonnengetrocknete Tomaten 370 ml<br \/>\nRosii uscate la soare, fara ulei 370 ml, Kuhne<\/p>","protected":false},"featured_media":29725,"comment_status":"open","ping_status":"closed","template":"","meta":{"_acf_changed":false,"_seopress_robots_primary_cat":"1950","_seopress_titles_title":"","_seopress_titles_desc":"","_seopress_robots_index":""},"product_brand":[2002],"product_cat":[1555,1683,3272,3372,1950,1767],"giftcard-category":[],"class_list":{"0":"post-29724","1":"product","2":"type-product","3":"status-publish","4":"has-post-thumbnail","6":"product_brand-kuhne","7":"product_cat-bacanie","8":"product_cat-conserve-mancare-gatita","9":"product_cat-conserve","10":"product_cat-conserve-produse-germania","11":"product_cat-produse-germania","12":"product_cat-produse-olanda","14":"first","15":"outofstock","16":"taxable","17":"shipping-taxable","18":"purchasable","19":"product-type-simple"},"acf":[],"_links":{"self":[{"href":"https:\/\/totalblue.ro\/nl\/wp-json\/wp\/v2\/product\/29724","targetHints":{"allow":["GET"]}}],"collection":[{"href":"https:\/\/totalblue.ro\/nl\/wp-json\/wp\/v2\/product"}],"about":[{"href":"https:\/\/totalblue.ro\/nl\/wp-json\/wp\/v2\/types\/product"}],"replies":[{"embeddable":true,"href":"https:\/\/totalblue.ro\/nl\/wp-json\/wp\/v2\/comments?post=29724"}],"wp:featuredmedia":[{"embeddable":true,"href":"https:\/\/totalblue.ro\/nl\/wp-json\/wp\/v2\/media\/29725"}],"wp:attachment":[{"href":"https:\/\/totalblue.ro\/nl\/wp-json\/wp\/v2\/media?parent=29724"}],"wp:term":[{"taxonomy":"product_brand","embeddable":true,"href":"https:\/\/totalblue.ro\/nl\/wp-json\/wp\/v2\/product_brand?post=29724"},{"taxonomy":"product_cat","embeddable":true,"href":"https:\/\/totalblue.ro\/nl\/wp-json\/wp\/v2\/product_cat?post=29724"},{"taxonomy":"giftcard-category","embeddable":true,"href":"https:\/\/totalblue.ro\/nl\/wp-json\/wp\/v2\/giftcard-category?post=29724"}],"curies":[{"name":"wp","href":"https:\/\/api.w.org\/{rel}","templated":true}]}}