{"id":30014,"date":"2021-05-18T09:03:33","date_gmt":"2021-05-18T06:03:33","guid":{"rendered":"https:\/\/totalblue.ro\/?post_type=product&#038;p=30014"},"modified":"2025-08-06T15:56:40","modified_gmt":"2025-08-06T12:56:40","slug":"maggi-sos-crema-pentru-fripturi-2x250ml","status":"publish","type":"product","link":"https:\/\/totalblue.ro\/nl\/produs\/maggi-sos-crema-pentru-fripturi-2x250ml\/","title":{"rendered":"Maggi Sos crema pentru fripturi 2x250ml"},"content":{"rendered":"<p><strong>Maggi Delikatess Doppelpack Rahmso\u00dfe zu Braten<br \/>\nMaggi Sos crema pentru fripturi 2x250ml<br \/>\n<\/strong>Contine: 1 pachet 500 ml 2 x 0,250ml<br \/>\nDeosebit de delicios cu tot felul de mancaruri din carne \u0219i carne de pasare. Usor si rapid de pregatit !<br \/>\nIdeal pentru snitele, ragouri, vanat, medalioane, fripturi. Delicios cu garnitura de cartofi \u0219i legume, orez \u0219i paste.<br \/>\nPentru a-l pregati, amestecati pur \u0219i simplu continutul unui singur pachet \u00een 250 ml apa fierbinte cu un tel. Aduce\u021bi sosul la fiert \u0219i fierbeti 1 minut. Rafinati dupa cum dori\u021bi. Devine deosebit de cremos cu 125 ml ap\u0103 \u0219i 125 ml lapte. Se toarn\u0103 sosul u\u0219or intr-o sosiera sau se toarna direct peste deliciosul fel de mancare de carne, fripturi, carne de pasare etc. Gata! Pofta Buna !<br \/>\n<strong>Ingredi\u00ebnt<\/strong>: faina de grau, grasime de palmier, 18,6% crema praf smantana, fain\u0103 de orez, sare iodata, arome (grau), potentiatori de aroma (glutamat monosodic, ininosinat disodic, guanilat disodic), pulbere de ceapa, proteine \u200b\u200bvegetale, amoniac digerat biologic (proteine grau , condimente, sare) &#8211; caramel, guma de guar ingrosatoare.<br \/>\n<strong>Allergenen:<\/strong> oua,telina,mustar<br \/>\nA se depozita in loc uscat si racoros.<br \/>\n<strong>Voeding:<br \/>\n<\/strong>Energie 224 kJ \/ 53 kcal<br \/>\nGrasimi 2.3 g\u00a0 din care acizi grasi satura\u021bi 1.6 g<br \/>\nCarbohidrati 6.4 g din care zahar 1.3 g<br \/>\nFibre\u00a0 0.2 g<br \/>\nProteine \u200b\u200b1,6 g<br \/>\nSare 1.2 g <strong><br \/>\n<\/strong>MAGGI GmbH 60528 Frankfurt \/ Main Made in GERMANY<br \/>\nImporteur en distributeur Total Blue Impex SRL<\/p>\n<p>Retetele produselor se pot schimba. Informa\u021biile furnizate aici se refera la gama germana valabila \u00een prezent \u0219i sunt actualizate periodic. In cazul modificarilor retetei, produsele cu reteta veche \u0219i cea noua pot fi gasite \u00een magazine. Prin urmare, cumparatorul trebuie sa citeasca cu aten\u021bie toate informa\u021biile de pe ambalaj. Acest lucru se aplic\u0103 \u00een special listei de ingrediente pentru a lua \u00een considerare intoleran\u021bele.<strong><br \/>\n<\/strong><\/p>","protected":false},"excerpt":{"rendered":"<p>Maggi Delikatess Doppelpack Rahmso\u00dfe zu Braten<br \/>\nMaggi Sos crema pentru fripturi 2x250ml<\/p>","protected":false},"featured_media":61391,"comment_status":"open","ping_status":"closed","template":"","meta":{"_acf_changed":false,"_seopress_robots_primary_cat":"none","_seopress_titles_title":"","_seopress_titles_desc":"","_seopress_robots_index":""},"product_brand":[1869],"product_cat":[1555,3280,3380,1950,1767],"giftcard-category":[],"class_list":{"0":"post-30014","1":"product","2":"type-product","3":"status-publish","4":"has-post-thumbnail","6":"product_brand-maggi","7":"product_cat-bacanie","8":"product_cat-condimente-sosuri","9":"product_cat-condimente-sosuri-produse-germania","10":"product_cat-produse-germania","11":"product_cat-produse-olanda","13":"first","14":"outofstock","15":"taxable","16":"shipping-taxable","17":"purchasable","18":"product-type-simple"},"acf":[],"_links":{"self":[{"href":"https:\/\/totalblue.ro\/nl\/wp-json\/wp\/v2\/product\/30014","targetHints":{"allow":["GET"]}}],"collection":[{"href":"https:\/\/totalblue.ro\/nl\/wp-json\/wp\/v2\/product"}],"about":[{"href":"https:\/\/totalblue.ro\/nl\/wp-json\/wp\/v2\/types\/product"}],"replies":[{"embeddable":true,"href":"https:\/\/totalblue.ro\/nl\/wp-json\/wp\/v2\/comments?post=30014"}],"wp:featuredmedia":[{"embeddable":true,"href":"https:\/\/totalblue.ro\/nl\/wp-json\/wp\/v2\/media\/61391"}],"wp:attachment":[{"href":"https:\/\/totalblue.ro\/nl\/wp-json\/wp\/v2\/media?parent=30014"}],"wp:term":[{"taxonomy":"product_brand","embeddable":true,"href":"https:\/\/totalblue.ro\/nl\/wp-json\/wp\/v2\/product_brand?post=30014"},{"taxonomy":"product_cat","embeddable":true,"href":"https:\/\/totalblue.ro\/nl\/wp-json\/wp\/v2\/product_cat?post=30014"},{"taxonomy":"giftcard-category","embeddable":true,"href":"https:\/\/totalblue.ro\/nl\/wp-json\/wp\/v2\/giftcard-category?post=30014"}],"curies":[{"name":"wp","href":"https:\/\/api.w.org\/{rel}","templated":true}]}}