{"id":30080,"date":"2021-05-19T16:30:25","date_gmt":"2021-05-19T13:30:25","guid":{"rendered":"https:\/\/totalblue.ro\/?post_type=product&#038;p=30080"},"modified":"2025-09-13T21:40:34","modified_gmt":"2025-09-13T18:40:34","slug":"gwoon-speculaasbrokken-375","status":"publish","type":"product","link":"https:\/\/totalblue.ro\/nl\/produs\/gwoon-speculaasbrokken-375\/","title":{"rendered":"Gwoon speculaasbrokken 375 G"},"content":{"rendered":"<p><span class=\"HwtZe\" lang=\"ro\"><span class=\"jCAhz JxVs2d ChMk0b\"><span class=\"ryNqvb\">Ingrediente: faina de GRAU, zahar, uleiuri vegetale (palmier, rapita, floarea soarelui), agent de crestere: E341\/E450\/E500\/E503, condimente de turta dulce 1%, sirop de zahar invertit, amidon (GRU, cartofi), sare, arome, emulgator: E322\/E471, acid alimentar: acid citric, coaj\u0103 de portocal\u0103, dextroz\u0103.<\/span><\/span> <span class=\"jCAhz JxVs2d\"><span class=\"ryNqvb\">Acest produs poate con\u021bine urme de NUCI.<br \/>\nVoedingswaarden \/ 100 g:<br \/>\nEnergie 2096 kJ \/ 500 kcal<br \/>\nGrasimi 23 g din care acizi grasi, saturati 12 g<br \/>\n<span class=\"jCAhz JxVs2d ChMk0b\">Acizi gra\u0219i, mononesatura\u021bi <\/span><span class=\"jCAhz JxVs2d ChMk0b\">8,5 g<br \/>\n<\/span><span class=\"jCAhz JxVs2d ChMk0b\">Acizi gra\u0219i, polinesatura\u021bi<\/span> 2.5 g<br \/>\nCarbohidrati 67 g din care zaharuri 33 g<br \/>\nFibre alimentare 1.5 g<br \/>\nProteine \u200b\u200b5.5 g<br \/>\nSare 1.53 g<\/span><\/span><\/span><\/p>","protected":false},"excerpt":{"rendered":"<p>Ingrediente: faina de GRAU, zahar, uleiuri vegetale (palmier, rapita, floarea soarelui), agent de crestere: E341\/E450\/E500\/E503, condimente de turta dulce 1%, sirop de zahar invertit, amidon (GRU, cartofi), sare, arome, emulgator: E322\/E471, acid alimentar: acid citric, coaj\u0103 de portocal\u0103, dextroz\u0103. Acest produs poate con\u021bine urme de NUCI. Valori nutritionale \/ 100 g: Energie 2096 kJ \/ [&#8230;]\n","protected":false},"featured_media":40906,"comment_status":"open","ping_status":"closed","template":"","meta":{"_acf_changed":false,"_seopress_robots_primary_cat":"1767","_seopress_titles_title":"","_seopress_titles_desc":"","_seopress_robots_index":""},"product_brand":[1971],"product_cat":[1555,3338,1767],"giftcard-category":[],"class_list":{"0":"post-30080","1":"product","2":"type-product","3":"status-publish","4":"has-post-thumbnail","6":"product_brand-gwoon","7":"product_cat-bacanie","8":"product_cat-dulciuri-snacksuri","9":"product_cat-produse-olanda","11":"first","12":"outofstock","13":"taxable","14":"shipping-taxable","15":"purchasable","16":"product-type-simple"},"acf":[],"_links":{"self":[{"href":"https:\/\/totalblue.ro\/nl\/wp-json\/wp\/v2\/product\/30080","targetHints":{"allow":["GET"]}}],"collection":[{"href":"https:\/\/totalblue.ro\/nl\/wp-json\/wp\/v2\/product"}],"about":[{"href":"https:\/\/totalblue.ro\/nl\/wp-json\/wp\/v2\/types\/product"}],"replies":[{"embeddable":true,"href":"https:\/\/totalblue.ro\/nl\/wp-json\/wp\/v2\/comments?post=30080"}],"wp:featuredmedia":[{"embeddable":true,"href":"https:\/\/totalblue.ro\/nl\/wp-json\/wp\/v2\/media\/40906"}],"wp:attachment":[{"href":"https:\/\/totalblue.ro\/nl\/wp-json\/wp\/v2\/media?parent=30080"}],"wp:term":[{"taxonomy":"product_brand","embeddable":true,"href":"https:\/\/totalblue.ro\/nl\/wp-json\/wp\/v2\/product_brand?post=30080"},{"taxonomy":"product_cat","embeddable":true,"href":"https:\/\/totalblue.ro\/nl\/wp-json\/wp\/v2\/product_cat?post=30080"},{"taxonomy":"giftcard-category","embeddable":true,"href":"https:\/\/totalblue.ro\/nl\/wp-json\/wp\/v2\/giftcard-category?post=30080"}],"curies":[{"name":"wp","href":"https:\/\/api.w.org\/{rel}","templated":true}]}}