{"id":304703,"date":"2026-04-27T16:19:46","date_gmt":"2026-04-27T13:19:46","guid":{"rendered":"https:\/\/totalblue.ro\/?post_type=product&#038;p=304703"},"modified":"2026-04-28T12:08:14","modified_gmt":"2026-04-28T09:08:14","slug":"gulas-de-seghedin-dreistern-400-ml","status":"publish","type":"product","link":"https:\/\/totalblue.ro\/nl\/produs\/gulas-de-seghedin-dreistern-400-ml\/","title":{"rendered":"Gulas de Seghedin Dreistern 400 ml"},"content":{"rendered":"<p>Szegediner Gulasch (Gulas de Seghedin) cu cartofi<br \/>\nIngredi\u00ebnt : <span class=\"HwtZe\" lang=\"ro\"><span class=\"jCAhz ChMk0b\"><span class=\"ryNqvb\">Cartofi, 11% varz\u0103 murat\u0103 (varz\u0103 alb\u0103, sare de mas\u0103), uleiuri vegetale (rapi\u021b\u0103, porumb), past\u0103 de tomate, 2% ardei gras, condimente (con\u021bine \u021belin\u0103), sare de mas\u0103 iodat\u0103 (sare de mas\u0103, iodat de potasiu), amidon modificat, zah\u0103r, maltodextrin\u0103, ceap\u0103, pudr\u0103 de \u021belin\u0103, extract de ceap\u0103 pr\u0103jit\u0103, pudr\u0103 de tomate, amidon, pudr\u0103 de varz\u0103 alb\u0103, sirop de glucoz\u0103, concentrat de suc de ciuperci, f\u0103in\u0103 de orez, sirop de zah\u0103r caramelizat, extract de carne de vit\u0103, arome (con\u021bine \u021belin\u0103), extract de morcov, extracte de condimente, ierburi aromatice.<\/span><\/span> <span class=\"jCAhz ChMk0b\"><span class=\"ryNqvb\">Poate con\u021bine urme de gr\u00e2u (gluten), mu\u0219tar, soia, susan, ou, arahide, sulfi\u021bi, nuci \u0219i lapte.<br \/>\nVoedingswaarden \/ 100 g:<br \/>\nEnergie 469 kJ \/ 112 kcal<br \/>\nGrasimi 16.4 g din care acizi grasi saturati 1 g<br \/>\nCarbohidrati 6,1g din care zaharuri 2g<br \/>\nProteine \u200b\u200b6.7 g<br \/>\nSare 0.91\u00a0 g<br \/>\n<\/span><\/span><\/span><\/p>\n<p>Ce contine de fapt?<br \/>\nCarne de porc: Cubulete fragede de porc.<br \/>\nVarza murata (Sauerkraut): Ingredientul cheie care ii da gustul acrisor specific.<br \/>\nCartofi: Adaugati pentru a face mancarea completa.<br \/>\nSos: Un sos de rosii cu boia de ardei (paprika) si smantana.<\/p>\n<p>Idei de retete si servire<br \/>\nDeoarece este o mancare gata preparata, o poti servi ca atare, dar cateva adaosuri o pot face \u201eca la restaurant\u201d:<\/p>\n<p>Varianta Traditionala: Serveste-l fierbinte cu o lingura mare de smantana grasa deasupra si o felie de paine neagra sau de secara.<br \/>\nPlus de Textura: Adauga putina ceapa rosie taiata fin sau arpagic pe deasupra pentru prospetime.<br \/>\nGulas \u201eIute\u201d: Daca iti place picant, adauga cativa fulgi de chili sau o lingurita de pasta de ardei iute (tip Eros Pista).<\/p>\n<p>Cum il incalzesti corect?<\/p>\n<p>In cratita: Este cea mai buna metoda. Incalzeste-l la foc mic timp de 5-6 minute, amestecand usor sa nu zdrobesti cartofii.<br \/>\nLa microunde: Pune continutul intr-un bol, acopera-l si incalzeste-l 3-4 minute la 600W.<\/p>\n<p>Pentru Szegediner Gulasch (Gulasul de Seghedin), care are deja o baza bogata de carne si varza murata, poti incerca aceste reinterpretari rapide:<\/p>\n<p>1. Gulas la Cuptor cu \u201eCapac\u201d de Branza<br \/>\nTransforma conserva intr-o budinca consistenta si rumenita.<\/p>\n<p>Cum faci: Pune continutul conservei intr-un vas mic termorezistent (ramekin sau tava mica).<br \/>\nUpgrade: Presara deasupra un strat generos de cascaval ras sau mozzarella si cateva felii de carnat afumat.<br \/>\nGatire: Baga vasul la cuptor la 200\u00b0C timp de 10-15 minute, pana cand branza se topeste si devine aurie.<\/p>\n<p>2. \u201eTigaie\u201d de Gulas cu Afumatura<br \/>\nDaca vrei o aroma mai intensa de fum, specifica mancarurilor gatite la ceaun.<\/p>\n<p>Cum faci: Prajeste intr-o tigaie cateva cubulete de bacon sau costita afumata pana devin crocante.<br \/>\nUpgrade: Toarna conserva peste baconul prajit si adauga o jumatate de lingurita de boia afumata.<br \/>\nRezultat: Vei obtine un gust mult mai profund, similar cu cel al gulasului gatit afara, la foc de lemne.<\/p>\n<p>3. Gulas \u201eLungit\u201d cu Galuste de Faina<br \/>\nDaca vrei sa transformi o singura conserva intr-o masa pentru doua persoane.<\/p>\n<p>Cum faci: Intr-un bol, amesteca un ou cu putina faina si un praf de sare pana obtii o pasta groasa.<br \/>\nUpgrade: Pune conserva la fiert cu inca 100 ml de apa sau supa. Cand clocoteste, rupe cu lingurita bucatele din compozitia de ou si da-le drumul in sos.<br \/>\nRezultat: Galustele se vor gati in 2-3 minute, absorbind sosul si facand mancarea mult mai voluminoasa.<\/p>\n<p>Sfat de servire: Gulasul de Seghedin se potriveste excelent cu mamaliga calda, nu doar cu paine!<\/p>\n<p>Daca vrei sa transformi conserva de Szegediner Gulasch in ceva complet diferit, iata alte trei idei creative:<\/p>\n<p>1. Placinta \u201eShepherd\u2019s Pie\u201d (Stil German)<br \/>\nO varianta rapida la cuptor, foarte satioasa.<\/p>\n<p>Cum faci: Pune continutul conservei intr-o tava mica.<br \/>\nUpgrade: Acopera totul cu un strat de piure de cartofi (poate fi si instant). Presara putin pesmet si fulgi de unt deasupra.<br \/>\nGatire: Coace la cuptor pana cand piureul devine crocant si auriu.<\/p>\n<p>2. Gulas \u201eCreamy\u201d cu taitei lati<br \/>\nO reinterpretare mai fina, care \u201eindulceste\u201d acreala verzei murate.<\/p>\n<p>Cum faci: Fierbe separat o mana de taitei lati (pappardelle) sau spirale (fusilli).<br \/>\nUpgrade: Amesteca pastele fierte cu continutul conservei si adauga 2 linguri de crema de branza sau mascarpone.<br \/>\nRezultat: Obtii o mancare cremoasa de paste cu sos bogat de carne.<\/p>\n<p>3. \u201eGhiveci\u201d Rapid in Paine<br \/>\nO metoda de servire spectaculoasa, ca in restaurantele din Ardeal sau Ungaria.<\/p>\n<p>Cum faci: Cumpara o chifla mare (sau o paine mica rotunda) si taie-i capacul. Scoate miezul, lasand peretii grosi de 1-2 cm.<br \/>\nUpgrade: Unge interiorul cu putin usturoi si da painea la cuptor 5 minute sa devina crocanta. Toarna gulasul fierbinte in interior.<br \/>\nSfat: Miezul scos il poti folosi pentru a-l inmuia in sosul de varza.<\/p>\n<p>Truc pentru aroma:<br \/>\nDaca vrei sa-i dai un aer de prospetime, adauga la final putin marar tocat. Se potriveste surprinzator de bine cu varza murata din compozitie.<\/p>","protected":false},"excerpt":{"rendered":"<p>Szegediner Gulasch (Gulas de Seghedin) cu cartofi Ingrediente : Cartofi, 11% varz\u0103 murat\u0103 (varz\u0103 alb\u0103, sare de mas\u0103), uleiuri vegetale (rapi\u021b\u0103, porumb), past\u0103 de tomate, 2% ardei gras, condimente (con\u021bine \u021belin\u0103), sare de mas\u0103 iodat\u0103 (sare de mas\u0103, iodat de potasiu), amidon modificat, zah\u0103r, maltodextrin\u0103, ceap\u0103, pudr\u0103 de \u021belin\u0103, extract de ceap\u0103 pr\u0103jit\u0103, pudr\u0103 de [&#8230;]\n","protected":false},"featured_media":304706,"comment_status":"open","ping_status":"closed","template":"","meta":{"_acf_changed":false,"_seopress_robots_primary_cat":"1950","_seopress_titles_title":"","_seopress_titles_desc":"Dreistern H\u00fchnernudeltopf mit extra vielen Einlagen 400 g.Supa deasa cu paste, legume fine si pui Dreistern 400 g","_seopress_robots_index":""},"product_brand":[1959],"product_cat":[1555,1683,3272,3372,1950,1767,3364],"giftcard-category":[],"class_list":{"0":"post-304703","1":"product","2":"type-product","3":"status-publish","4":"has-post-thumbnail","6":"product_brand-dreistern","7":"product_cat-bacanie","8":"product_cat-conserve-mancare-gatita","9":"product_cat-conserve","10":"product_cat-conserve-produse-germania","11":"product_cat-produse-germania","12":"product_cat-produse-olanda","13":"product_cat-supe-produse-germania","15":"first","16":"instock","17":"taxable","18":"shipping-taxable","19":"purchasable","20":"product-type-simple"},"acf":[],"_links":{"self":[{"href":"https:\/\/totalblue.ro\/nl\/wp-json\/wp\/v2\/product\/304703","targetHints":{"allow":["GET"]}}],"collection":[{"href":"https:\/\/totalblue.ro\/nl\/wp-json\/wp\/v2\/product"}],"about":[{"href":"https:\/\/totalblue.ro\/nl\/wp-json\/wp\/v2\/types\/product"}],"replies":[{"embeddable":true,"href":"https:\/\/totalblue.ro\/nl\/wp-json\/wp\/v2\/comments?post=304703"}],"wp:featuredmedia":[{"embeddable":true,"href":"https:\/\/totalblue.ro\/nl\/wp-json\/wp\/v2\/media\/304706"}],"wp:attachment":[{"href":"https:\/\/totalblue.ro\/nl\/wp-json\/wp\/v2\/media?parent=304703"}],"wp:term":[{"taxonomy":"product_brand","embeddable":true,"href":"https:\/\/totalblue.ro\/nl\/wp-json\/wp\/v2\/product_brand?post=304703"},{"taxonomy":"product_cat","embeddable":true,"href":"https:\/\/totalblue.ro\/nl\/wp-json\/wp\/v2\/product_cat?post=304703"},{"taxonomy":"giftcard-category","embeddable":true,"href":"https:\/\/totalblue.ro\/nl\/wp-json\/wp\/v2\/giftcard-category?post=304703"}],"curies":[{"name":"wp","href":"https:\/\/api.w.org\/{rel}","templated":true}]}}