{"id":30599,"date":"2021-06-07T15:49:36","date_gmt":"2021-06-07T12:49:36","guid":{"rendered":"https:\/\/totalblue.ro\/?post_type=product&#038;p=30599"},"modified":"2025-10-31T14:07:29","modified_gmt":"2025-10-31T12:07:29","slug":"conimex-woksaus-gembersiroop-175-ml","status":"publish","type":"product","link":"https:\/\/totalblue.ro\/nl\/produs\/conimex-woksaus-gembersiroop-175-ml\/","title":{"rendered":"Conimex Woksaus gembersiroop 175 ml"},"content":{"rendered":"<p>Siropul de ghimbir da un accent dulce mancarurilor \u0219i este delicios in sosuri si \/ sau sosuri (orientale) de salata. Este un bun substitut pentru ghimbirul proaspat. Gustul siropului este mai fin si mai dulce decat gustul ghimbirului proaspat. Acest lucru il face, de exemplu, un sirop delicios pentru clatite sau poffertjes. Cea mai gustoasa mancare orientala este preparata \u00een bucatarii minuscule, unde familiile isi impartasesc secretele din buc\u0103t\u0103rie din genera\u021bie \u00een genera\u021bie. Aici ve\u021bi gasi retete delicioase, produse autentice \u0219i cele mai bune ingrediente.<br \/>\nOfer\u0103 un accent dulce mancarurilor. Delicios in sosuri si \/ sau sosuri de salate<br \/>\nAre un gust mai moale si mai dulce decat ghimbirul<br \/>\nFabricat conform unei re\u021bete autentice asiatice<br \/>\n<strong>Ingredi\u00ebnt:<\/strong> zahar, apa, dextroza, sare, amidon de porumb modificat, melasa, acid alimentar E330, conservant E202, extract de ghimbir, agent de ingrosare E415, ulei de rapita\u0103, E = de E.G. excipient aprobat<br \/>\n<strong>Opslagcondities: <\/strong>A se pastra intr-un loc racoros si intunecat, dar nu \u00een frigider, deoarece acest lucru poate provoca zaharisirea siropului.<br \/>\n<strong>Voedingswaarden:<\/strong><br \/>\nEnergie 1156 kJ (273 kcal)<br \/>\nGrasime 0 g din care saturati 0 g<br \/>\nGlucide 68 g din care zaharuri 66 g<br \/>\nProteine \u200b\u200b&lt; 0,5 g<br \/>\nSare 2,8 g<br \/>\nVerpakking: fles<br \/>\nMade in the Netherlands Unilever Nederland, Conimex, Postbus 160, 3000 AD Rotterdam<br \/>\nImporteur en distributeur Total Blue Impex SRL<\/p>\n<p><a href=\"https:\/\/totalblue.ro\/wp-content\/uploads\/2021\/02\/vegetarian.jpeg\"><img loading=\"lazy\" decoding=\"async\" class=\"alignnone wp-image-27413\" src=\"https:\/\/totalblue.ro\/wp-content\/uploads\/2021\/02\/vegetarian.jpeg\" alt=\"\" width=\"124\" height=\"124\" srcset=\"https:\/\/totalblue.ro\/wp-content\/uploads\/2021\/02\/vegetarian.jpeg 225w, https:\/\/totalblue.ro\/wp-content\/uploads\/2021\/02\/vegetarian-100x100.jpeg 100w\" sizes=\"auto, (max-width: 124px) 100vw, 124px\" \/><\/a><\/p>\n<p>&nbsp;<\/p>","protected":false},"excerpt":{"rendered":"<p>Conimex Woksaus gembersiroop 175 ml<\/p>","protected":false},"featured_media":30600,"comment_status":"open","ping_status":"closed","template":"","meta":{"_acf_changed":false,"_seopress_robots_primary_cat":"none","_seopress_titles_title":"","_seopress_titles_desc":"","_seopress_robots_index":""},"product_brand":[1949],"product_cat":[1555,3280,17494,1767],"giftcard-category":[],"class_list":{"0":"post-30599","1":"product","2":"type-product","3":"status-publish","4":"has-post-thumbnail","6":"product_brand-conimex","7":"product_cat-bacanie","8":"product_cat-condimente-sosuri","9":"product_cat-influente-asiatice","10":"product_cat-produse-olanda","12":"first","13":"outofstock","14":"taxable","15":"shipping-taxable","16":"purchasable","17":"product-type-simple"},"acf":[],"_links":{"self":[{"href":"https:\/\/totalblue.ro\/nl\/wp-json\/wp\/v2\/product\/30599","targetHints":{"allow":["GET"]}}],"collection":[{"href":"https:\/\/totalblue.ro\/nl\/wp-json\/wp\/v2\/product"}],"about":[{"href":"https:\/\/totalblue.ro\/nl\/wp-json\/wp\/v2\/types\/product"}],"replies":[{"embeddable":true,"href":"https:\/\/totalblue.ro\/nl\/wp-json\/wp\/v2\/comments?post=30599"}],"wp:featuredmedia":[{"embeddable":true,"href":"https:\/\/totalblue.ro\/nl\/wp-json\/wp\/v2\/media\/30600"}],"wp:attachment":[{"href":"https:\/\/totalblue.ro\/nl\/wp-json\/wp\/v2\/media?parent=30599"}],"wp:term":[{"taxonomy":"product_brand","embeddable":true,"href":"https:\/\/totalblue.ro\/nl\/wp-json\/wp\/v2\/product_brand?post=30599"},{"taxonomy":"product_cat","embeddable":true,"href":"https:\/\/totalblue.ro\/nl\/wp-json\/wp\/v2\/product_cat?post=30599"},{"taxonomy":"giftcard-category","embeddable":true,"href":"https:\/\/totalblue.ro\/nl\/wp-json\/wp\/v2\/giftcard-category?post=30599"}],"curies":[{"name":"wp","href":"https:\/\/api.w.org\/{rel}","templated":true}]}}