{"id":30601,"date":"2021-06-07T15:55:00","date_gmt":"2021-06-07T12:55:00","guid":{"rendered":"https:\/\/totalblue.ro\/?post_type=product&#038;p=30601"},"modified":"2025-08-01T15:08:31","modified_gmt":"2025-08-01T12:08:31","slug":"mora-kip-loempia-oriental-150-g","status":"publish","type":"product","link":"https:\/\/totalblue.ro\/nl\/produs\/mora-kip-loempia-oriental-150-g\/","title":{"rendered":"Braam Kip loempia oriental 150 g"},"content":{"rendered":"<p>Braam Kip loempia oriental 150 g<br \/>\nRulou de primavara de masa Pui Oriental, congelat, pre-prajit ( pachetele de primavara cu pui )<br \/>\nUsor de preparat la cuptor sau friteuza<br \/>\nMora Spring roll roll oriental este un rulou de pui bogat umplut cu legume crocante, cum ar fi porumbul infasurat intr-o crusta crocanta.<\/p>\n<p><strong>Ingredi\u00ebnt:\u00a0 <\/strong>Apa, legume 31% (muguri de fasole, varza, ceapa, morcov, praz, porumb, ciuperci chinezesti, ardei gras, usturoi), amidon, carne de pui fiarta 9%, ou\u0103 de pui, taitei (grau), uleiuri vegetale (palmier, nap, floarea-soarelui), sare, sambal (ardei ro\u0219ii, sare), aromatizant (grau, orz), fibre de grau, faina de grau, zahar, \u00eengro\u0219\u0103tor: E464, potentatori de aroma: E621, E631, ierburi \u0219i condimente, dextroz\u0103.<br \/>\nE-nummers zijn door de EU goedgekeurde hulpstoffen.<\/p>\n<p><strong>Allergenen:<\/strong> Oua, grau, cereale care con\u021bin gluten, orz<\/p>\n<p><strong>Voedingswaarden\/100g:<br \/>\n<\/strong>Energie 710 kJ (170 kcal)<br \/>\nGrasime 7 g din care grasimi saturate 3,5 g<br \/>\nCarbohidrati 20 g din care zaharuri 2 g<br \/>\nProteine \u200b\u200b6,5 g<br \/>\nZout 1,1 g<\/p>\n<p><strong>Hoe te bereiden:<\/strong><br \/>\n&#8211; Friteuza 9 min la 180 \u00b0 C<br \/>\nCongelat: 9 minute. Decongelat: 5 minute.<br \/>\nSe prajeste pana la 2 bucati odata.<br \/>\n&#8211; Cuptor 18 min la 250 \u00b0 C<br \/>\nBevroren: 18 minuten. Ontdooid: 10 minuten.<br \/>\nVerwarm de oven of grill voor en draai het product regelmatig.<br \/>\n&#8211; Cuptor cu convec\u021bie 18 min. | 230 \u00b0 C<br \/>\nBevroren: 18 minuten. Ontdooid: 10 minuten.<br \/>\nPreinc\u0103lzi\u021bi cuptorul cu convec\u021bie \u0219i roti\u021bi produsul in mod regulat.<br \/>\n&#8211; Friteuza cu aer 17 min la 200 \u00b0 C<br \/>\nCongelat: 17 minute. Preincalziti friteuza.<br \/>\nMaximale hoeveelheid: mand met beklede bodem.<br \/>\nTot 15 min.<br \/>\nBevroren: 15 minuten. Sprenkel olie in de pan, verhit medium en draai het product regelmatig.<br \/>\nRuloul nostru de primavara\u00a0 ( pachetele de primavara cu pui\u00a0 ) se rumeneste imediat dupa coacere. In acest fel, Loempia Kip absoarbe grasime minima.<br \/>\nOntdooi het product niet in de verpakking.<\/p>\n<p>Urm\u0103toarele recomandari de depozitare se aplica de la data cump\u0103r\u0103rii:<br \/>\n1. Poate fi p\u0103strat la frigider (+ 4 \u00b0 C) timp de 48 de ore de la congelator.<br \/>\n2. In compartimentul congelator al frigiderului cu: * (-6 \u00b0 C): 1 s\u0103pt\u0103m\u00e2na * (-12 \u00b0 C): 3 s\u0103pt\u0103m\u00e2ni ** (-18 \u00b0 C): pana la data indicat\u0103 mai bine inainte de decongelare , nu ingheta\u021bi<br \/>\nRaadpleeg de verpakking voor de meest recente productinformatie.<\/p>\n<p>Gefabriceerd door Mora, Antwoordnummer 65013 5000 VH Tilburg, 0800-BELMORA\/0800-2356672<br \/>\nImporteur en distributeur Total Blue Impex SRL<\/p>","protected":false},"excerpt":{"rendered":"<p><span data-text-color=\"alert\"><strong>WAARSCHUWING! BEVROREN PRODUCT! WAARSCHUWING! BEVROREN PRODUCT!<\/strong><\/span><\/p>","protected":false},"featured_media":30602,"comment_status":"open","ping_status":"closed","template":"","meta":{"_acf_changed":false,"_seopress_robots_primary_cat":"none","_seopress_titles_title":"","_seopress_titles_desc":"Market online cu pachetele de primavara cu pui Loempia, produse de Mora, in Olanda. Livrare rapida produse din Olanda, loempia cu pui, pachetele.","_seopress_robots_index":""},"product_brand":[2024],"product_cat":[1555,3256,2050,1767,1954],"giftcard-category":[],"class_list":{"0":"post-30601","1":"product","2":"type-product","3":"status-publish","4":"has-post-thumbnail","6":"product_brand-mora","7":"product_cat-bacanie","8":"product_cat-produse-congelate-produse-olanda","9":"product_cat-produse-congelate","10":"product_cat-produse-olanda","11":"product_cat-semipreparate","12":"product_shipping_class-frozen-products","14":"first","15":"outofstock","16":"taxable","17":"shipping-taxable","18":"purchasable","19":"product-type-simple"},"acf":[],"_links":{"self":[{"href":"https:\/\/totalblue.ro\/nl\/wp-json\/wp\/v2\/product\/30601","targetHints":{"allow":["GET"]}}],"collection":[{"href":"https:\/\/totalblue.ro\/nl\/wp-json\/wp\/v2\/product"}],"about":[{"href":"https:\/\/totalblue.ro\/nl\/wp-json\/wp\/v2\/types\/product"}],"replies":[{"embeddable":true,"href":"https:\/\/totalblue.ro\/nl\/wp-json\/wp\/v2\/comments?post=30601"}],"wp:featuredmedia":[{"embeddable":true,"href":"https:\/\/totalblue.ro\/nl\/wp-json\/wp\/v2\/media\/30602"}],"wp:attachment":[{"href":"https:\/\/totalblue.ro\/nl\/wp-json\/wp\/v2\/media?parent=30601"}],"wp:term":[{"taxonomy":"product_brand","embeddable":true,"href":"https:\/\/totalblue.ro\/nl\/wp-json\/wp\/v2\/product_brand?post=30601"},{"taxonomy":"product_cat","embeddable":true,"href":"https:\/\/totalblue.ro\/nl\/wp-json\/wp\/v2\/product_cat?post=30601"},{"taxonomy":"giftcard-category","embeddable":true,"href":"https:\/\/totalblue.ro\/nl\/wp-json\/wp\/v2\/giftcard-category?post=30601"}],"curies":[{"name":"wp","href":"https:\/\/api.w.org\/{rel}","templated":true}]}}