{"id":33446,"date":"2021-08-30T15:00:55","date_gmt":"2021-08-30T12:00:55","guid":{"rendered":"https:\/\/totalblue.ro\/?post_type=product&#038;p=33446"},"modified":"2025-08-05T10:32:53","modified_gmt":"2025-08-05T07:32:53","slug":"kuhne-castraveti-bucati-murati-fara-coaja-cu-o-nota-fina-de-mustar-330-g-370-ml","status":"publish","type":"product","link":"https:\/\/totalblue.ro\/nl\/produs\/kuhne-castraveti-bucati-murati-fara-coaja-cu-o-nota-fina-de-mustar-330-g-370-ml\/","title":{"rendered":"K\u00fchne Castraveti bucati murati fara coaja cu o nota fina de mustar 330 g \/ 370 ml"},"content":{"rendered":"<p>K\u00fchne Castraveti bucati murati fara coaja cu o nota fina de mustar 330 g \/ 370 ml<br \/>\nCastravetii de mustar sunt castraveti copti pe care ii primim de la fermieri de la sfar\u0219itul lunii septembrie. Ace\u0219ti castraveti galben-verzi sunt mai intai condimentati cu seminte de mustar \u0219i apoi murati \u0219i fierti.<br \/>\nExista cativa pasi de luat in considerare in procesul de productie: in primul rand, castravetii complet copti trebuie sa fie cura\u021bati de coaja si samburi inainte de a putea fi taiati in bucati . Apoi sunt murati in otet, printre altele si apoi fierti in propriul preparat.<br \/>\nIn functie de gust, castravetii pot fi rafinati cu ghimbir sau hrean.<br \/>\n<strong>Ingredi\u00ebnt:<\/strong> castraveti curatati, otet de coniac, sirop de glucoza-fructoza, seminte de mustar, zahar, sare, aroma naturala, acid citric acidifiant, culoare riboflavina<br \/>\n<strong>Allergenen:<\/strong>contine seminte de mustar<br \/>\nFara substan\u021be conservante<br \/>\nGlutenvrij<br \/>\nLactosevrij<br \/>\nVegetarisch product<br \/>\nCastraveti crocanti<br \/>\nA se pastra intr-un loc racoros dupa deschidere.<br \/>\nVerpakking: glazen pot met deksel<br \/>\n<strong>Voedingswaarden:<\/strong><br \/>\nInforma\u021bii nutritionale la 100 g<br \/>\nValoare calorica in kJ 163 kJ<br \/>\nValoare calorica in kcal 38 kcal<br \/>\nGrasime 0,1 g acizi grasi saturati &lt;0,1 g<br \/>\nCarbohidrati 8 g<br \/>\nZahar 7,8 g<br \/>\nEiwit 0,5 g<br \/>\nZout 1,4 g<br \/>\nFibre dietetice 0,8 g<br \/>\n<a href=\"https:\/\/totalblue.ro\/wp-content\/uploads\/2021\/02\/vegetarian.jpeg\"><img loading=\"lazy\" decoding=\"async\" class=\"alignnone wp-image-27413\" src=\"https:\/\/totalblue.ro\/wp-content\/uploads\/2021\/02\/vegetarian.jpeg\" alt=\"\" width=\"107\" height=\"107\" srcset=\"https:\/\/totalblue.ro\/wp-content\/uploads\/2021\/02\/vegetarian.jpeg 225w, https:\/\/totalblue.ro\/wp-content\/uploads\/2021\/02\/vegetarian-100x100.jpeg 100w\" sizes=\"auto, (max-width: 107px) 100vw, 107px\" \/><\/a><\/p>\n<p>Carl K\u00fchne KG (GmbH &amp; Co.), K\u00fchneh\u00f6fe 11, 22761 Hamburg, Germany<br \/>\nImporteur en distributeur Total Blue Impex SRL<\/p>","protected":false},"excerpt":{"rendered":"<p>K\u00fchne Castraveti bucati murati fara coaja cu o nota fina de mustar 330 g \/ 370 ml<\/p>","protected":false},"featured_media":33448,"comment_status":"open","ping_status":"closed","template":"","meta":{"_acf_changed":false,"_seopress_robots_primary_cat":"none","_seopress_titles_title":"","_seopress_titles_desc":"","_seopress_robots_index":""},"product_brand":[2002],"product_cat":[1555,1683,3272,3372,1950,1767],"giftcard-category":[],"class_list":{"0":"post-33446","1":"product","2":"type-product","3":"status-publish","4":"has-post-thumbnail","6":"product_brand-kuhne","7":"product_cat-bacanie","8":"product_cat-conserve-mancare-gatita","9":"product_cat-conserve","10":"product_cat-conserve-produse-germania","11":"product_cat-produse-germania","12":"product_cat-produse-olanda","14":"first","15":"outofstock","16":"taxable","17":"shipping-taxable","18":"purchasable","19":"product-type-simple"},"acf":[],"_links":{"self":[{"href":"https:\/\/totalblue.ro\/nl\/wp-json\/wp\/v2\/product\/33446","targetHints":{"allow":["GET"]}}],"collection":[{"href":"https:\/\/totalblue.ro\/nl\/wp-json\/wp\/v2\/product"}],"about":[{"href":"https:\/\/totalblue.ro\/nl\/wp-json\/wp\/v2\/types\/product"}],"replies":[{"embeddable":true,"href":"https:\/\/totalblue.ro\/nl\/wp-json\/wp\/v2\/comments?post=33446"}],"wp:featuredmedia":[{"embeddable":true,"href":"https:\/\/totalblue.ro\/nl\/wp-json\/wp\/v2\/media\/33448"}],"wp:attachment":[{"href":"https:\/\/totalblue.ro\/nl\/wp-json\/wp\/v2\/media?parent=33446"}],"wp:term":[{"taxonomy":"product_brand","embeddable":true,"href":"https:\/\/totalblue.ro\/nl\/wp-json\/wp\/v2\/product_brand?post=33446"},{"taxonomy":"product_cat","embeddable":true,"href":"https:\/\/totalblue.ro\/nl\/wp-json\/wp\/v2\/product_cat?post=33446"},{"taxonomy":"giftcard-category","embeddable":true,"href":"https:\/\/totalblue.ro\/nl\/wp-json\/wp\/v2\/giftcard-category?post=33446"}],"curies":[{"name":"wp","href":"https:\/\/api.w.org\/{rel}","templated":true}]}}