{"id":34594,"date":"2021-09-22T16:49:10","date_gmt":"2021-09-22T13:49:10","guid":{"rendered":"https:\/\/totalblue.ro\/?post_type=product&#038;p=34594"},"modified":"2025-10-06T14:57:35","modified_gmt":"2025-10-06T11:57:35","slug":"aviatur-gevulde-speculaas-240-g","status":"publish","type":"product","link":"https:\/\/totalblue.ro\/nl\/produs\/aviatur-gevulde-speculaas-240-g\/","title":{"rendered":"Aviateur gevulde speculaas - ontbijtkoek 240 g"},"content":{"rendered":"<p>Ingredi\u00ebnt : <span class=\"HwtZe\" lang=\"ro\"><span class=\"jCAhz ChMk0b\"><span class=\"ryNqvb\">zah\u0103r, f\u0103in\u0103 de gr\u00e2u, boabe de soia, uleiuri vegetale (palmier, rapi\u021b\u0103, nuc\u0103 de cocos), amidon de cartofi modificat, sirop de glucoz\u0103-fructoz\u0103, mirodenii \u0219i condimente pentru turt\u0103 dulce (con\u021bine coriandru), dextroz\u0103, agent de fermentare (E450, E500, E508), stabilizator (sorbitol), agent de \u00eengro\u0219are (gum\u0103 guar, pectin\u0103), sare, colorant (caramel),<\/span><\/span> <span class=\"jCAhz ChMk0b\"><span class=\"ryNqvb\">s\u00e2mburi de caise, emulgator (lecitin\u0103 de soia), proteine \u200b\u200bdin lapte, zah\u0103r invertit, lactiz\u0103, arom\u0103 (con\u021bine lapte)<\/span><\/span><\/span><\/p>\n<div class=\"lRu31\" dir=\"ltr\">\n<div class=\"OvtS8d\">Voedingswaarden \/ 100 g:<br \/>\nEnergie: 1642 kJ\/392 kcal<br \/>\nGrasimi: 13.8 g din care acizi grasi saturati: 5.4 g<br \/>\nCarbohidrati 61.7 g sau care zaharuri 39.5 g<br \/>\nFibre: 1,6 g<br \/>\nProteine: 4.9 g<br \/>\nSare: 0.89 g<\/div>\n<\/div>\n<p>We are ready for Sinterklaas !<\/p>\n<p>Aviateur gevulde speculaas 240 g<\/p>\n<p>Fabricat in Olanda de Aviateur Banketbakkerijen B.V., Vreekesweid 2,1721 PR Broek op Langedijk<br \/>\nImporteur en distributeur Total Blue Impex SRL<\/p>","protected":false},"excerpt":{"rendered":"<p>Aviateur gevulde speculaas 240 g<\/p>","protected":false},"featured_media":34595,"comment_status":"open","ping_status":"closed","template":"","meta":{"_acf_changed":false,"_seopress_robots_primary_cat":"1767","_seopress_titles_title":"Prajitura Aviatur gevulde speculaas, turta dulce olandeza","_seopress_titles_desc":"Market olandez cu Prajitura Aviatur gevulde speculaas, turta dulce olandeza, magazin cu Aviatur gevulde speculaas, delicii olandeze.","_seopress_robots_index":""},"product_brand":[2065],"product_cat":[1555,3338,7021,1767],"giftcard-category":[],"class_list":{"0":"post-34594","1":"product","2":"type-product","3":"status-publish","4":"has-post-thumbnail","6":"product_brand-aviateur","7":"product_cat-bacanie","8":"product_cat-dulciuri-snacksuri","9":"product_cat-dulciuri-snacks","10":"product_cat-produse-olanda","12":"first","13":"outofstock","14":"taxable","15":"shipping-taxable","16":"purchasable","17":"product-type-simple"},"acf":[],"_links":{"self":[{"href":"https:\/\/totalblue.ro\/nl\/wp-json\/wp\/v2\/product\/34594","targetHints":{"allow":["GET"]}}],"collection":[{"href":"https:\/\/totalblue.ro\/nl\/wp-json\/wp\/v2\/product"}],"about":[{"href":"https:\/\/totalblue.ro\/nl\/wp-json\/wp\/v2\/types\/product"}],"replies":[{"embeddable":true,"href":"https:\/\/totalblue.ro\/nl\/wp-json\/wp\/v2\/comments?post=34594"}],"wp:featuredmedia":[{"embeddable":true,"href":"https:\/\/totalblue.ro\/nl\/wp-json\/wp\/v2\/media\/34595"}],"wp:attachment":[{"href":"https:\/\/totalblue.ro\/nl\/wp-json\/wp\/v2\/media?parent=34594"}],"wp:term":[{"taxonomy":"product_brand","embeddable":true,"href":"https:\/\/totalblue.ro\/nl\/wp-json\/wp\/v2\/product_brand?post=34594"},{"taxonomy":"product_cat","embeddable":true,"href":"https:\/\/totalblue.ro\/nl\/wp-json\/wp\/v2\/product_cat?post=34594"},{"taxonomy":"giftcard-category","embeddable":true,"href":"https:\/\/totalblue.ro\/nl\/wp-json\/wp\/v2\/giftcard-category?post=34594"}],"curies":[{"name":"wp","href":"https:\/\/api.w.org\/{rel}","templated":true}]}}