{"id":36853,"date":"2021-11-03T15:53:05","date_gmt":"2021-11-03T13:53:05","guid":{"rendered":"https:\/\/totalblue.ro\/?post_type=product&#038;p=36853"},"modified":"2023-01-26T11:11:30","modified_gmt":"2023-01-26T09:11:30","slug":"feinkost-dittmann-ardei-dulce-picant-umplut-cu-crema-de-branza-290-g","status":"publish","type":"product","link":"https:\/\/totalblue.ro\/nl\/produs\/feinkost-dittmann-ardei-dulce-picant-umplut-cu-crema-de-branza-290-g\/","title":{"rendered":"Feinkost Dittmann Ardei dulce picant umplut cu crema de branza 290 g"},"content":{"rendered":"<p>Versiunea in miniatura a ardeilor, Pepperballs, vine din Africa de Sud. Aici, \u00eentr-o dimineata din 1997, fermierul Johan Steenkamp a descoperit in gradina sa o planta necunoscuta cu fructe rosii aprinse. El l-a numit piquant\u00e9 (pronun\u021bat: pie-kan-tee). Fructele picante, dulci si deosebit de crocante cresc pe tufe foarte \u00eenalte. Sunt bogate \u00een vitaminele C \u0219i E; con\u021bin multe flavonoide si caroteni, precum si minerale potasiu, magneziu si calciu.<br \/>\nAu gust dulce si fructat la \u00eenceput, apoi aprins \u0219i picant. Pepperballs Curry Ananas sunt umplute cu un amestec de crema de branza curry cu ananas. Se pot servi atat ca antipasti cu paine alba, cat si ca adaos la carnea sau pestele prajit, la salate si \u00een sosuri pentru a crea o aroma deosebita.<br \/>\nVegetarisch product<br \/>\nGlutenvrij<br \/>\nFara drojdie<br \/>\nAmbalaj : borcan de sticla cu capac<br \/>\n<strong>Ingredi\u00ebnt<\/strong>: <span class=\"Y2IQFc\" lang=\"ro\">45% ulei de rapi\u021b\u0103, 31% boia dulce picant (boia de ardei, sare de mas\u0103, zah\u0103r, acidifiant: acid acetic, agent de \u00eent\u0103rire: clorur\u0103 de calciu), 24% preparat de crem\u0103 de br\u00e2nz\u0103 (BRANZ\u0102 PROAS\u0102, CREAM FRAICH, sare de mas\u0103, amidon modificat, zah\u0103r, acidifiant: acid lactic).<br \/>\n<\/span><strong>Valori nutritionale per 100 g<\/strong><br \/>\nEnergie 924 kj \/ 223 kcal<br \/>\nGrasimi 16,9 g din care acizi grasi saturati 9,7 g<br \/>\nCarbohidrati 12,2 g din care zahar 12 g<br \/>\nProteine 3,4 g<br \/>\nSare 1,49 g<\/p>","protected":false},"excerpt":{"rendered":"<p>Versiunea in miniatura a ardeilor, Pepperballs, vine din Africa de Sud. Aici, \u00eentr-o dimineata din 1997, fermierul Johan Steenkamp a descoperit in gradina sa o planta necunoscuta cu fructe rosii aprinse. El l-a numit piquant\u00e9 (pronun\u021bat: pie-kan-tee). Fructele picante, dulci si deosebit de crocante cresc pe tufe foarte \u00eenalte. Sunt bogate \u00een vitaminele C \u0219i [&#8230;]\n","protected":false},"featured_media":36855,"comment_status":"open","ping_status":"closed","template":"","meta":{"_acf_changed":false,"_seopress_robots_primary_cat":"none","_seopress_titles_title":"","_seopress_titles_desc":"","_seopress_robots_index":""},"product_brand":[4140],"product_cat":[1555,1683,3272,3372,1950,1767],"giftcard-category":[],"class_list":{"0":"post-36853","1":"product","2":"type-product","3":"status-publish","4":"has-post-thumbnail","6":"product_brand-dittmann","7":"product_cat-bacanie","8":"product_cat-conserve-mancare-gatita","9":"product_cat-conserve","10":"product_cat-conserve-produse-germania","11":"product_cat-produse-germania","12":"product_cat-produse-olanda","14":"first","15":"outofstock","16":"taxable","17":"shipping-taxable","18":"purchasable","19":"product-type-simple"},"acf":[],"_links":{"self":[{"href":"https:\/\/totalblue.ro\/nl\/wp-json\/wp\/v2\/product\/36853","targetHints":{"allow":["GET"]}}],"collection":[{"href":"https:\/\/totalblue.ro\/nl\/wp-json\/wp\/v2\/product"}],"about":[{"href":"https:\/\/totalblue.ro\/nl\/wp-json\/wp\/v2\/types\/product"}],"replies":[{"embeddable":true,"href":"https:\/\/totalblue.ro\/nl\/wp-json\/wp\/v2\/comments?post=36853"}],"wp:featuredmedia":[{"embeddable":true,"href":"https:\/\/totalblue.ro\/nl\/wp-json\/wp\/v2\/media\/36855"}],"wp:attachment":[{"href":"https:\/\/totalblue.ro\/nl\/wp-json\/wp\/v2\/media?parent=36853"}],"wp:term":[{"taxonomy":"product_brand","embeddable":true,"href":"https:\/\/totalblue.ro\/nl\/wp-json\/wp\/v2\/product_brand?post=36853"},{"taxonomy":"product_cat","embeddable":true,"href":"https:\/\/totalblue.ro\/nl\/wp-json\/wp\/v2\/product_cat?post=36853"},{"taxonomy":"giftcard-category","embeddable":true,"href":"https:\/\/totalblue.ro\/nl\/wp-json\/wp\/v2\/giftcard-category?post=36853"}],"curies":[{"name":"wp","href":"https:\/\/api.w.org\/{rel}","templated":true}]}}