{"id":36916,"date":"2021-11-04T13:24:15","date_gmt":"2021-11-04T11:24:15","guid":{"rendered":"https:\/\/totalblue.ro\/?post_type=product&#038;p=36916"},"modified":"2025-08-06T15:50:53","modified_gmt":"2025-08-06T12:50:53","slug":"maggi-mancarea-fermierului-cartofi-cu-bucatele-de-carne-de-vita-si-legume-325-g","status":"publish","type":"product","link":"https:\/\/totalblue.ro\/nl\/produs\/maggi-mancarea-fermierului-cartofi-cu-bucatele-de-carne-de-vita-si-legume-325-g\/","title":{"rendered":"Maggi Mancarea fermierului cartofi cu bucatele de carne de vita si legume 325 g"},"content":{"rendered":"<p>Maggi Mancarea fermierului cartofi cu bucatele de carne de vita si legume 325 g<\/p>\n<p><strong>Aanbevelingen<\/strong>: Turnati continutul intr-o cratita \/ tigaie. Amestecati ocazional. Incalziti la foc mediu. De asemenea puteti incalzi si la cuptorul cu microunde la 600 W timp de aproximativ 2 minute. Rapid si usor!<br \/>\n<strong>Ingredi\u00ebnt: <\/strong>apa, 16,8% cartofi, 7,7% carne de vita, 3,7% ceapa, 3,4% boia de ardei, 3,1% fasole verde, 2,5% morcovi, condimente (0,8% boia praf, usturoi, ardei, chimen, chili), ierburi (patrunjel, cimbru). , maghiran, frunza de dafin), grasime de vita, bacon afumat (slanina, sare, afumat), faina de grau, ulei de floarea soarelui, zahar, caramel (sirop de glucoz\u0103, zahar, apa), sare iodata, sare de mare, extract de drojdie, arome (cu grau), acidifiant acid citric, antioxidant metabisulfit de sodiu. Poate contine telina, oua, lapte, mustar si soia.<br \/>\n<strong>Allergenen: <\/strong>Poate con\u021bine oua, lapte, mustar \u0219i soia.<br \/>\n<strong>Opslagcondities:<\/strong><br \/>\nA se pastra la loc uscat si racoros, ferit de actiunea directa a soarelui. Dupa deschidere a se pastra la frigider.<br \/>\n<strong>Voedingswaarden:<\/strong><br \/>\nEnergie 351 kJ \/ 84 kcal<br \/>\nGrasimi 4,6 g din careacizi grasi saturati 0,4 g<br \/>\nCarbohidrat 7,7 g din care zahar 1,4 g<br \/>\nFibre alimentare 1,1 g<br \/>\nProteine 2,4 g<br \/>\nZout 1,1 g<br \/>\nAmbalaj: conserva de metal cu cheita<\/p>\n<p>Fabricat in Germania de Maggi GmbH , 78221 Singen, Hohentwiel.<br \/>\nImporteur en distributeur Total Blue Impex SRL<br \/>\n<strong>*<\/strong>Re\u021betele produselor se pot schimba. Informa\u021biile furnizate aici se refer\u0103 la gama german\u0103 valabil\u0103 \u00een prezent \u0219i sunt actualizate periodic. \u00cen cazul modific\u0103rilor re\u021betei, produsele cu re\u021beta veche \u0219i cea nou\u0103 pot fi g\u0103site \u00een magazine. Prin urmare, cump\u0103r\u0103torul trebuie s\u0103 citeasc\u0103 \u00eentotdeauna cu aten\u021bie toate informa\u021biile de pe ambalaj. Acest lucru se aplic\u0103 \u00een special listei de ingrediente pentru a lua \u00een considerare intoleran\u021bele.<\/p>\n<p>&nbsp;<\/p>","protected":false},"excerpt":{"rendered":"<p>Maggi Mancarea fermierului cartofi cu bucatele de carne de vita si legume 325 g Recomandari: Turnati continutul intr-o cratita \/ tigaie. Amestecati ocazional. Incalziti la foc mediu. De asemenea puteti incalzi si la cuptorul cu microunde la 600 W timp de aproximativ 2 minute. Rapid si usor! Ingrediente: apa, 16,8% cartofi, 7,7% carne de vita, [&#8230;]\n","protected":false},"featured_media":36917,"comment_status":"open","ping_status":"closed","template":"","meta":{"_acf_changed":false,"_seopress_robots_primary_cat":"none","_seopress_titles_title":"","_seopress_titles_desc":"","_seopress_robots_index":""},"product_brand":[1869],"product_cat":[1555,1683,3372,3272,1950,1767],"giftcard-category":[],"class_list":{"0":"post-36916","1":"product","2":"type-product","3":"status-publish","4":"has-post-thumbnail","6":"product_brand-maggi","7":"product_cat-bacanie","8":"product_cat-conserve-mancare-gatita","9":"product_cat-conserve-produse-germania","10":"product_cat-conserve","11":"product_cat-produse-germania","12":"product_cat-produse-olanda","14":"first","15":"outofstock","16":"taxable","17":"shipping-taxable","18":"purchasable","19":"product-type-simple"},"acf":[],"_links":{"self":[{"href":"https:\/\/totalblue.ro\/nl\/wp-json\/wp\/v2\/product\/36916","targetHints":{"allow":["GET"]}}],"collection":[{"href":"https:\/\/totalblue.ro\/nl\/wp-json\/wp\/v2\/product"}],"about":[{"href":"https:\/\/totalblue.ro\/nl\/wp-json\/wp\/v2\/types\/product"}],"replies":[{"embeddable":true,"href":"https:\/\/totalblue.ro\/nl\/wp-json\/wp\/v2\/comments?post=36916"}],"wp:featuredmedia":[{"embeddable":true,"href":"https:\/\/totalblue.ro\/nl\/wp-json\/wp\/v2\/media\/36917"}],"wp:attachment":[{"href":"https:\/\/totalblue.ro\/nl\/wp-json\/wp\/v2\/media?parent=36916"}],"wp:term":[{"taxonomy":"product_brand","embeddable":true,"href":"https:\/\/totalblue.ro\/nl\/wp-json\/wp\/v2\/product_brand?post=36916"},{"taxonomy":"product_cat","embeddable":true,"href":"https:\/\/totalblue.ro\/nl\/wp-json\/wp\/v2\/product_cat?post=36916"},{"taxonomy":"giftcard-category","embeddable":true,"href":"https:\/\/totalblue.ro\/nl\/wp-json\/wp\/v2\/giftcard-category?post=36916"}],"curies":[{"name":"wp","href":"https:\/\/api.w.org\/{rel}","templated":true}]}}