{"id":38231,"date":"2021-11-16T14:00:07","date_gmt":"2021-11-16T12:00:07","guid":{"rendered":"https:\/\/totalblue.ro\/?post_type=product&#038;p=38231"},"modified":"2025-08-07T11:33:10","modified_gmt":"2025-08-07T08:33:10","slug":"mullers-muhle-naut-500-g","status":"publish","type":"product","link":"https:\/\/totalblue.ro\/nl\/produs\/mullers-muhle-naut-500-g\/","title":{"rendered":"M\u00fcller&#8217;s M\u00fchle Naut 500 g"},"content":{"rendered":"<p>Nautul M\u00fchle M\u00fcller este ideal pentru prepararea de salate, hummus sau falafel. Pentru tine, familia \u0219i prietenii tai &#8211; garantat de delicios. Nautul are un gust usor de nuca si are o consistenta faina fara a-si pierde forma.<br \/>\nPrimesti naut M\u00fcller&#8217;s M\u00fchle intr-un pachet de 500 g.<br \/>\nNautul M\u00fchle M\u00fcller este ideal pentru o dieta pe baza de plante.<\/p>\n<p><a href=\"https:\/\/totalblue.ro\/wp-content\/uploads\/2021\/11\/mod-preparare-naut.jpg\"><img loading=\"lazy\" decoding=\"async\" class=\"alignnone size-full wp-image-38348\" src=\"https:\/\/totalblue.ro\/wp-content\/uploads\/2021\/11\/mod-preparare-naut.jpg\" alt=\"\" width=\"515\" height=\"223\" srcset=\"https:\/\/totalblue.ro\/wp-content\/uploads\/2021\/11\/mod-preparare-naut.jpg 515w, https:\/\/totalblue.ro\/wp-content\/uploads\/2021\/11\/mod-preparare-naut-510x221.jpg 510w, https:\/\/totalblue.ro\/wp-content\/uploads\/2021\/11\/mod-preparare-naut-100x43.jpg 100w\" sizes=\"auto, (max-width: 515px) 100vw, 515px\" \/><\/a><\/p>\n<p>Valori nutritionale medii la 100g gatite (F = 2,2)<br \/>\nEnergie 676 kJ \/ 161 kcal<br \/>\nGrasimi 2,5 g din care acizi grasi saturati 0,4 g<br \/>\nCarbohidrati 22 g din care zahar 1,1 g<br \/>\nFibre alimentare 6,8 g<br \/>\nProteine \u200b\u200b9,1 g<br \/>\nSare &lt;0,01 g<br \/>\nFier 15%** \/ 2,1 mg<br \/>\nPoate contine urme de grau, orz, soia si mustar.<br \/>\nTimpul de fierbere al nautului este de 2-3 ore. Daca se inmoaie peste noapte in prealabil, timpul de gatire se reduce la 45-60 de minute. Daca este necesar, adaugati apa fierbinte. Adaugati sare sau condimente numai dup\u0103 gatire, altfel timpii de gatire ar fi mai lungi.<\/p>\n<p>&nbsp;<\/p>","protected":false},"excerpt":{"rendered":"<p><a href=\"https:\/\/totalblue.ro\/wp-content\/uploads\/2021\/11\/linte-total-blue.jpg\"><img loading=\"lazy\" decoding=\"async\" class=\"alignnone wp-image-38203\" src=\"https:\/\/totalblue.ro\/wp-content\/uploads\/2021\/11\/linte-total-blue.jpg\" alt=\"\" width=\"423\" height=\"104\" srcset=\"https:\/\/totalblue.ro\/wp-content\/uploads\/2021\/11\/linte-total-blue.jpg 606w, https:\/\/totalblue.ro\/wp-content\/uploads\/2021\/11\/linte-total-blue-510x125.jpg 510w, https:\/\/totalblue.ro\/wp-content\/uploads\/2021\/11\/linte-total-blue-600x148.jpg 600w, https:\/\/totalblue.ro\/wp-content\/uploads\/2021\/11\/linte-total-blue-100x25.jpg 100w\" sizes=\"auto, (max-width: 423px) 100vw, 423px\" \/><\/a><\/p>","protected":false},"featured_media":38233,"comment_status":"open","ping_status":"closed","template":"","meta":{"_acf_changed":false,"_seopress_robots_primary_cat":"none","_seopress_titles_title":"","_seopress_titles_desc":"","_seopress_robots_index":""},"product_brand":[4399],"product_cat":[1555,1683,3272,3372,1950,1767],"giftcard-category":[],"class_list":{"0":"post-38231","1":"product","2":"type-product","3":"status-publish","4":"has-post-thumbnail","6":"product_brand-mullers-muhle","7":"product_cat-bacanie","8":"product_cat-conserve-mancare-gatita","9":"product_cat-conserve","10":"product_cat-conserve-produse-germania","11":"product_cat-produse-germania","12":"product_cat-produse-olanda","14":"first","15":"outofstock","16":"taxable","17":"shipping-taxable","18":"purchasable","19":"product-type-simple"},"acf":[],"_links":{"self":[{"href":"https:\/\/totalblue.ro\/nl\/wp-json\/wp\/v2\/product\/38231","targetHints":{"allow":["GET"]}}],"collection":[{"href":"https:\/\/totalblue.ro\/nl\/wp-json\/wp\/v2\/product"}],"about":[{"href":"https:\/\/totalblue.ro\/nl\/wp-json\/wp\/v2\/types\/product"}],"replies":[{"embeddable":true,"href":"https:\/\/totalblue.ro\/nl\/wp-json\/wp\/v2\/comments?post=38231"}],"wp:featuredmedia":[{"embeddable":true,"href":"https:\/\/totalblue.ro\/nl\/wp-json\/wp\/v2\/media\/38233"}],"wp:attachment":[{"href":"https:\/\/totalblue.ro\/nl\/wp-json\/wp\/v2\/media?parent=38231"}],"wp:term":[{"taxonomy":"product_brand","embeddable":true,"href":"https:\/\/totalblue.ro\/nl\/wp-json\/wp\/v2\/product_brand?post=38231"},{"taxonomy":"product_cat","embeddable":true,"href":"https:\/\/totalblue.ro\/nl\/wp-json\/wp\/v2\/product_cat?post=38231"},{"taxonomy":"giftcard-category","embeddable":true,"href":"https:\/\/totalblue.ro\/nl\/wp-json\/wp\/v2\/giftcard-category?post=38231"}],"curies":[{"name":"wp","href":"https:\/\/api.w.org\/{rel}","templated":true}]}}