{"id":40162,"date":"2021-12-09T14:00:14","date_gmt":"2021-12-09T12:00:14","guid":{"rendered":"https:\/\/totalblue.ro\/?post_type=product&#038;p=40162"},"modified":"2025-08-04T11:27:57","modified_gmt":"2025-08-04T08:27:57","slug":"pickwick-lekker-fris-ananas-mango-si-ghimbir-10-pliculete-x-2-g","status":"publish","type":"product","link":"https:\/\/totalblue.ro\/nl\/produs\/pickwick-lekker-fris-ananas-mango-si-ghimbir-10-pliculete-x-2-g\/","title":{"rendered":"Pickwick Lekker Fris Ananas, Mango si Ghimbir 10 pliculete x 2 g"},"content":{"rendered":"<p>Pickwick Lekker Fris Ananas, Mango si Ghimbir 10 pliculete x 2 g<br \/>\n1 pachet Pickwick Lekker Fris contine 10 pliculete x 2 g = 20 g<br \/>\n<strong>Voorbereiding:<\/strong><br \/>\n1. Adaugati punga piramidala de ceai la 500 ml de apa rece.<br \/>\n2. Asteptati 10 minute.<br \/>\n3. Lasati punga piramidala in sticla si sunteti gata pentru o bautura racoritoare placuta!<br \/>\nBewaar op een droge, donkere plaats bij kamertemperatuur.<br \/>\nMod de utilizare: asigurati-va ca sticla este curata. A se consuma in maxim 8 ore de la preparare.<br \/>\n<strong>Ingredi\u00ebnt<\/strong>: <span class=\"Y2IQFc\" lang=\"ro\">hibiscus, buc\u0103\u021bi de m\u0103r, arom\u0103 natural\u0103, m\u0103ce\u0219, frunze dulci de mur, cicoare, ghimbir (5%), r\u0103d\u0103cin\u0103 de lemn dulce, buc\u0103\u021bi de mango (1%), buc\u0103\u021bi de ananas (1%).<\/span>Voedingswaarden per 100 ml<br \/>\nEnergie 10 kJ (2 kcal)<br \/>\nVet 0 g waarvan verzadigd vet 0 g<br \/>\nGlucide 0,6 g din care zaharuri 0 g<br \/>\nEiwit 0 g<br \/>\nZout 0 g<\/p>\n<p>Gefabriceerd door JACOBS DOUWE EGBERTS , Oosterdoksstraat 80, 1011DK Amsterdam, Nederland\/Holandsko<br \/>\nImporteur en distributeur Total Blue Impex SRL<\/p>","protected":false},"excerpt":{"rendered":"<p>Pickwick Lekker Fris Ananas, Mango si Ghimbir 10 pliculete x 2 g 1 pachet Pickwick Lekker Fris contine 10 pliculete x 2 g = 20 g Mod de preparare: 1. Adaugati punga piramidala de ceai la 500 ml de apa rece. 2. Asteptati 10 minute. 3. Lasati punga piramidala in sticla si sunteti gata pentru [&#8230;]\n","protected":false},"featured_media":40168,"comment_status":"open","ping_status":"closed","template":"","meta":{"_acf_changed":false,"_seopress_robots_primary_cat":"none","_seopress_titles_title":"","_seopress_titles_desc":"","_seopress_robots_index":""},"product_brand":[2080],"product_cat":[1555,1506,3320,1767],"giftcard-category":[],"class_list":{"0":"post-40162","1":"product","2":"type-product","3":"status-publish","4":"has-post-thumbnail","6":"product_brand-pickwick","7":"product_cat-bacanie","8":"product_cat-cafea-ceai-mic-dejun","9":"product_cat-cafea-ceai-lapte","10":"product_cat-produse-olanda","12":"first","13":"outofstock","14":"taxable","15":"shipping-taxable","16":"purchasable","17":"product-type-simple"},"acf":[],"_links":{"self":[{"href":"https:\/\/totalblue.ro\/nl\/wp-json\/wp\/v2\/product\/40162","targetHints":{"allow":["GET"]}}],"collection":[{"href":"https:\/\/totalblue.ro\/nl\/wp-json\/wp\/v2\/product"}],"about":[{"href":"https:\/\/totalblue.ro\/nl\/wp-json\/wp\/v2\/types\/product"}],"replies":[{"embeddable":true,"href":"https:\/\/totalblue.ro\/nl\/wp-json\/wp\/v2\/comments?post=40162"}],"wp:featuredmedia":[{"embeddable":true,"href":"https:\/\/totalblue.ro\/nl\/wp-json\/wp\/v2\/media\/40168"}],"wp:attachment":[{"href":"https:\/\/totalblue.ro\/nl\/wp-json\/wp\/v2\/media?parent=40162"}],"wp:term":[{"taxonomy":"product_brand","embeddable":true,"href":"https:\/\/totalblue.ro\/nl\/wp-json\/wp\/v2\/product_brand?post=40162"},{"taxonomy":"product_cat","embeddable":true,"href":"https:\/\/totalblue.ro\/nl\/wp-json\/wp\/v2\/product_cat?post=40162"},{"taxonomy":"giftcard-category","embeddable":true,"href":"https:\/\/totalblue.ro\/nl\/wp-json\/wp\/v2\/giftcard-category?post=40162"}],"curies":[{"name":"wp","href":"https:\/\/api.w.org\/{rel}","templated":true}]}}