{"id":45839,"date":"2022-02-28T16:31:55","date_gmt":"2022-02-28T14:31:55","guid":{"rendered":"https:\/\/totalblue.ro\/?post_type=product&#038;p=45839"},"modified":"2026-01-26T10:39:02","modified_gmt":"2026-01-26T08:39:02","slug":"wodka-van-finland-40-fles-1-liter","status":"publish","type":"product","link":"https:\/\/totalblue.ro\/nl\/produs\/finlandia-vodka-of-finland-40-sticla-1-l\/","title":{"rendered":"Finlandia Wodka van Finland , 40%, ( Botla 1 L )"},"content":{"rendered":"<p>Ingredi\u00ebnten: water, ethylalcohol uit landbouwproducten (gerst).<br \/>\nFinlandia is een wodkamerk dat in 1970 werd gecre\u00eberd door Alko, een Fins overheidsbedrijf. De productie van deze drank begint met de alcohol die wordt verkregen in de distilleerderij in het kleine Finse dorpje Koskenkorva in de gemeente Ilmajoki. De alcohol wordt vervolgens vervoerd naar het dorp Rajam\u00e4ki, in de buurt van Helsinki, waar het wordt gemengd met water tot wodka (gearomatiseerd) en gebotteld.<br \/>\nVandaag de dag is het merk eigendom van de Brown-Forman groep, en de productie volgt hetzelfde recept en dezelfde methoden die Finlandia in de jaren 1970 het eerste Scandinavische wodkamerk maakten dat naar de Verenigde Staten werd ge\u00ebxporteerd.<br \/>\nFinlandia wordt gemaakt met koud, helder water uit een prehistorische gletsjermorene, de zon, die 72 dagen aan de hemel staat, en Suomi-gerst, verbouwd waar geen andere gerst kan groeien. In het koude landschap van het noorden van het land leggen de plaatselijke bewoners zich toe op het produceren van een drank die meer dan 200 distillatiestappen vergt die 50 uur in beslag nemen. Na het distilleren wordt de pure, harde alcohol gekalmeerd met koud water uit de Rajamaki-gletsjerbron om de wereld de wodka te geven die de naam Finlandia draagt.<br \/>\nAlcohol: 40% vol.<br \/>\nOpslag \/ Gebruik \/ Bereidingstip: Verwijderd houden van hoge temperaturen en vorst.<br \/>\nLegale leugens: Alcohol schaadt je gezondheid. Drink met mate. Verkoop aan jongeren onder de 18 is verboden. www.desprealcool.ro<br \/>\n<a href=\"https:\/\/totalblue.ro\/wp-content\/uploads\/2021\/04\/under-18.jpg\"><img loading=\"lazy\" decoding=\"async\" class=\"alignnone wp-image-30757\" src=\"https:\/\/totalblue.ro\/wp-content\/uploads\/2021\/04\/under-18-400x400.jpg\" alt=\"\" width=\"95\" height=\"95\" srcset=\"https:\/\/totalblue.ro\/wp-content\/uploads\/2021\/04\/under-18-400x400.jpg 400w, https:\/\/totalblue.ro\/wp-content\/uploads\/2021\/04\/under-18-100x100.jpg 100w, https:\/\/totalblue.ro\/wp-content\/uploads\/2021\/04\/under-18-510x510.jpg 510w, https:\/\/totalblue.ro\/wp-content\/uploads\/2021\/04\/under-18-280x280.jpg 280w, https:\/\/totalblue.ro\/wp-content\/uploads\/2021\/04\/under-18.jpg 600w\" sizes=\"auto, (max-width: 95px) 100vw, 95px\" \/><\/a><a href=\"https:\/\/totalblue.ro\/wp-content\/uploads\/2021\/06\/drink-drive.jpg\"><img loading=\"lazy\" decoding=\"async\" class=\"alignnone wp-image-30761\" src=\"https:\/\/totalblue.ro\/wp-content\/uploads\/2021\/06\/drink-drive.jpg\" alt=\"\" width=\"96\" height=\"94\" srcset=\"https:\/\/totalblue.ro\/wp-content\/uploads\/2021\/06\/drink-drive.jpg 344w, https:\/\/totalblue.ro\/wp-content\/uploads\/2021\/06\/drink-drive-100x98.jpg 100w\" sizes=\"auto, (max-width: 96px) 100vw, 96px\" \/><\/a><a href=\"https:\/\/totalblue.ro\/wp-content\/uploads\/2021\/06\/bere-gravide02.jpg\"><img loading=\"lazy\" decoding=\"async\" class=\"alignnone wp-image-30771\" src=\"https:\/\/totalblue.ro\/wp-content\/uploads\/2021\/06\/bere-gravide02-403x400.jpg\" alt=\"\" width=\"97\" height=\"96\" srcset=\"https:\/\/totalblue.ro\/wp-content\/uploads\/2021\/06\/bere-gravide02-403x400.jpg 403w, https:\/\/totalblue.ro\/wp-content\/uploads\/2021\/06\/bere-gravide02-100x99.jpg 100w, https:\/\/totalblue.ro\/wp-content\/uploads\/2021\/06\/bere-gravide02-510x507.jpg 510w, https:\/\/totalblue.ro\/wp-content\/uploads\/2021\/06\/bere-gravide02-805x800.jpg 805w, https:\/\/totalblue.ro\/wp-content\/uploads\/2021\/06\/bere-gravide02-280x280.jpg 280w, https:\/\/totalblue.ro\/wp-content\/uploads\/2021\/06\/bere-gravide02-768x763.jpg 768w, https:\/\/totalblue.ro\/wp-content\/uploads\/2021\/06\/bere-gravide02-600x596.jpg 600w, https:\/\/totalblue.ro\/wp-content\/uploads\/2021\/06\/bere-gravide02.jpg 895w\" sizes=\"auto, (max-width: 97px) 100vw, 97px\" \/><\/a><\/p>","protected":false},"excerpt":{"rendered":"<p>Ingrediente: Apa, alcool etilic de origine agricola (orz). Finlandia este un brand de vodc\u0103 creat \u00een 1970 de Alko, companie a guvernului finlandez. Productia acestei bauturi incepe cu alcoolul obtinut in distileria din micul sat finlandez Koskenkorva, din municipiul Ilmajoki. Alcoolul este apoi transportat \u00een satul Rajam\u00e4ki, \u00een apropiere de Helsinki, unde este amestecat cu [&#8230;]\n","protected":false},"featured_media":45840,"comment_status":"open","ping_status":"closed","template":"","meta":{"_acf_changed":false,"_seopress_robots_primary_cat":"none","_seopress_titles_title":"","_seopress_titles_desc":"","_seopress_robots_index":""},"product_brand":[5823],"product_cat":[1519],"giftcard-category":[],"class_list":{"0":"post-45839","1":"product","2":"type-product","3":"status-publish","4":"has-post-thumbnail","6":"product_brand-finlandia","7":"product_cat-bauturi-alcoolice-bere","9":"first","10":"instock","11":"taxable","12":"shipping-taxable","13":"purchasable","14":"product-type-simple"},"acf":[],"_links":{"self":[{"href":"https:\/\/totalblue.ro\/nl\/wp-json\/wp\/v2\/product\/45839","targetHints":{"allow":["GET"]}}],"collection":[{"href":"https:\/\/totalblue.ro\/nl\/wp-json\/wp\/v2\/product"}],"about":[{"href":"https:\/\/totalblue.ro\/nl\/wp-json\/wp\/v2\/types\/product"}],"replies":[{"embeddable":true,"href":"https:\/\/totalblue.ro\/nl\/wp-json\/wp\/v2\/comments?post=45839"}],"wp:featuredmedia":[{"embeddable":true,"href":"https:\/\/totalblue.ro\/nl\/wp-json\/wp\/v2\/media\/45840"}],"wp:attachment":[{"href":"https:\/\/totalblue.ro\/nl\/wp-json\/wp\/v2\/media?parent=45839"}],"wp:term":[{"taxonomy":"product_brand","embeddable":true,"href":"https:\/\/totalblue.ro\/nl\/wp-json\/wp\/v2\/product_brand?post=45839"},{"taxonomy":"product_cat","embeddable":true,"href":"https:\/\/totalblue.ro\/nl\/wp-json\/wp\/v2\/product_cat?post=45839"},{"taxonomy":"giftcard-category","embeddable":true,"href":"https:\/\/totalblue.ro\/nl\/wp-json\/wp\/v2\/giftcard-category?post=45839"}],"curies":[{"name":"wp","href":"https:\/\/api.w.org\/{rel}","templated":true}]}}