{"id":48727,"date":"2022-04-06T16:17:55","date_gmt":"2022-04-06T13:17:55","guid":{"rendered":"https:\/\/totalblue.ro\/?post_type=product&#038;p=48727"},"modified":"2025-08-01T11:58:22","modified_gmt":"2025-08-01T08:58:22","slug":"knorr-pasta-snack-arrabiata-66-g","status":"publish","type":"product","link":"https:\/\/totalblue.ro\/nl\/produs\/knorr-pasta-snack-arrabiata-66-g\/","title":{"rendered":"Knorr Pasta Snack Arrabiata 66 g"},"content":{"rendered":"<p>Knorr Pasta Snack Arrabiata 66 g<\/p>\n<p>Mod de preparare \/ Mod de utilizare:<br \/>\n1. Deschide\u021bi capacul.<br \/>\n2. Se toarn\u0103 apa clocotita pana la semn.<br \/>\n3. Se amesteca bine \u0219i se inchide din nou capacul.<br \/>\n4. Lasa pastele sa absoarba apa 5 minute.<br \/>\n5. Se amestec\u0103 din nou bine.<br \/>\n6. Gata ! Un snack rapid si delicios !<br \/>\n<strong>Ingredi\u00ebnt: <\/strong>61% paste (grau dur, proteine), amidon, 5,5% pudra smantana, ulei de floarea soarelui, pudr ade pasta de rosii\u00b3, branza procesata (branza mozzarella, branza, produs din zer (lapte)), sirop de glucoza, arome (cu grau, orz), sare de masa iodata, lactoza, proteine de lapte, patrunjel\u00b3, busuioc\u00b3, ceapa\u00b3, piper, turmeric\u00b3, radacina de patrunjel\u00b3, inlocuitor de sare de gatit, extract de drojdie. Poate contine urme de soia, telina si mustar. \u00b3Din cultivare durabila. 4 obtinut din minerale naturale de potasiu.<br \/>\n<strong>Allergenen: <\/strong>Contine gluten, ou si lapte. Poate contine soia, telina si mustar<br \/>\nA se pastra intr-un loc racoros \u0219i uscat.<br \/>\n<strong>Voedingswaarden \/ 100g:<\/strong><br \/>\nEnergie (kJ\/kcal) 420kJ\/100kcal<br \/>\nGrasimi 2,4 g din care acizi grasi saturati 0,7 g<br \/>\nCarbohidrati 16 g din care zahar 2 g<br \/>\nFibre alimentare 0,6 g<br \/>\nProteine \u200b\u200b2,9 g<br \/>\nSare 0,74 g<br \/>\nTara de origine : Germania<br \/>\n*Re\u021betele produselor se pot schimba. Informa\u021biile furnizate aici se refera la gama germana valabila \u00een prezent \u0219i sunt actualizate periodic. In cazul modific\u0103rilor retetei, produsele cu reteta veche \u0219i cea nou\u0103 pot fi g\u0103site \u00een magazine. Prin urmare, cump\u0103r\u0103torul trebuie sa citeasca intotdeauna cu atentie toate informatiile de pe ambalaj. Acest lucru se aplica in special listei de ingrediente pentru a lua \u00een considerare intolerantele.<\/p>","protected":false},"excerpt":{"rendered":"<p>Knorr Pasta Snack Arrabiata 66 g Mod de preparare \/ Mod de utilizare: 1. Deschide\u021bi capacul. 2. Se toarn\u0103 apa clocotita pana la semn. 3. Se amesteca bine \u0219i se inchide din nou capacul. 4. Lasa pastele sa absoarba apa 5 minute. 5. Se amestec\u0103 din nou bine. 6. Gata ! Un snack rapid si [&#8230;]\n","protected":false},"featured_media":48733,"comment_status":"open","ping_status":"closed","template":"","meta":{"_acf_changed":false,"_seopress_robots_primary_cat":"1950","_seopress_titles_title":"","_seopress_titles_desc":"","_seopress_robots_index":""},"product_brand":[1870],"product_cat":[1555,3272,3372,3428,3328,1950,1767,1954],"giftcard-category":[],"class_list":{"0":"post-48727","1":"product","2":"type-product","3":"status-publish","4":"has-post-thumbnail","6":"product_brand-knorr","7":"product_cat-bacanie","8":"product_cat-conserve","9":"product_cat-conserve-produse-germania","10":"product_cat-paste-orez-ulei-otet-produse-germania","11":"product_cat-paste-orez-ulei-otet","12":"product_cat-produse-germania","13":"product_cat-produse-olanda","14":"product_cat-semipreparate","16":"first","17":"outofstock","18":"taxable","19":"shipping-taxable","20":"purchasable","21":"product-type-simple"},"acf":[],"_links":{"self":[{"href":"https:\/\/totalblue.ro\/nl\/wp-json\/wp\/v2\/product\/48727","targetHints":{"allow":["GET"]}}],"collection":[{"href":"https:\/\/totalblue.ro\/nl\/wp-json\/wp\/v2\/product"}],"about":[{"href":"https:\/\/totalblue.ro\/nl\/wp-json\/wp\/v2\/types\/product"}],"replies":[{"embeddable":true,"href":"https:\/\/totalblue.ro\/nl\/wp-json\/wp\/v2\/comments?post=48727"}],"wp:featuredmedia":[{"embeddable":true,"href":"https:\/\/totalblue.ro\/nl\/wp-json\/wp\/v2\/media\/48733"}],"wp:attachment":[{"href":"https:\/\/totalblue.ro\/nl\/wp-json\/wp\/v2\/media?parent=48727"}],"wp:term":[{"taxonomy":"product_brand","embeddable":true,"href":"https:\/\/totalblue.ro\/nl\/wp-json\/wp\/v2\/product_brand?post=48727"},{"taxonomy":"product_cat","embeddable":true,"href":"https:\/\/totalblue.ro\/nl\/wp-json\/wp\/v2\/product_cat?post=48727"},{"taxonomy":"giftcard-category","embeddable":true,"href":"https:\/\/totalblue.ro\/nl\/wp-json\/wp\/v2\/giftcard-category?post=48727"}],"curies":[{"name":"wp","href":"https:\/\/api.w.org\/{rel}","templated":true}]}}