{"id":49236,"date":"2022-04-13T13:09:46","date_gmt":"2022-04-13T10:09:46","guid":{"rendered":"https:\/\/totalblue.ro\/?post_type=product&#038;p=49236"},"modified":"2025-08-01T10:29:18","modified_gmt":"2025-08-01T07:29:18","slug":"lapte-praf-nestle-beba-expert-ha-pre-800-g","status":"publish","type":"product","link":"https:\/\/totalblue.ro\/nl\/produs\/lapte-praf-nestle-beba-expert-ha-pre-800-g\/","title":{"rendered":"Nestle BEBA Expert BEBA Expert HA PRE 800 g"},"content":{"rendered":"<p>Nestl\u00e9 BEBA Pro starting milk Expert HA Pre de la nastere reduce riscul de alergii la proteinele din lapte ca aliment de pornire hidrolizat si este adaptat cu precizie nevoilor nutritionale speciale ale bebelusului dvs. Hrana pentru bebelusi sub forma de pulbere contine proteine hidrolizate si astfel ii ofera copilului tau acizi grasi polinesaturati omega 3 (LCP) cu lant lung , pe care nu ii poate produce suficient in copilarie.<br \/>\nNestl\u00e9 BEBA are peste 150 de ani de experienta in preparatele pentru sugari.<br \/>\nReduce riscul de alergii la proteinele din lapte<br \/>\nUleiuri vegetale fara ulei de palmier<br \/>\nContinut: 800 g, Import Germania.<br \/>\nA se pastra in ambalajul original inchis la temperatura camerei (max 25 \u00b0C) si in conditii uscate de depozitare. Dupa deschidere consumati in maxim 21 de zile.<br \/>\n<strong>Ingredi\u00ebnt: <\/strong>LACTOZA (din LAPTE), uleiuri vegetale 24,4% (floarea-soarelui, rapita), PROTEINA CER hidrolizata, ULEI DE PESTE, clorura de potasiu, glicerofosfat de calciu, bitartrat de colina, ortofosfati de calciu, clorura de magneziu, ulei de Mortierella alpina, clorura de calciu, vitamina L. amestec (vitamina C, acid pantotenic, niacina, vitamina E, riboflavina, vitamina A, tiamina, vitamina B6, acid folic, vitamina K, biotina, vitamina D, vitamina B12), L-histidina, bacterii lactice (L. reuteri*) ), clorura de sodiu, L-tirozina, inozitol, taurina, nucleotide (Citidina 5&#8242;-monofosfat, uridina 5&#8242;-monofosfat, adenozina 5&#8242;-monofosfat, guanozina 5&#8242;-monofosfat), L-carnitina, sulfat feros, sulfat de zinc, Sulfat de cupru, sulfat de mangan, iodura de potasiu, selenat de sodiu.<br \/>\n<strong>Gebruiken:<\/strong><br \/>\n1. Fierbeti apa si lasati sa se raceasca la 40<span class=\"\">\u00b0C<\/span>.<br \/>\n2. <span class=\"goog-text-highlight\">Turnati 2\/3 din cantitatea necesara de apa in biberon.<br \/>\n3. Masurati si adaugati cantitatea necesara de lapte praf in functie de varsta bebelusului folosind lingurita de masurare inclusa in cutie.<br \/>\n4. Inchideti biberonul si agitati.<br \/>\n5. Adaugati cantitatea ramasa de apa si agitati bine.<br \/>\n6. Verificati continutul biberonului pentru temperatura de baut (aprox. 37\u00b0C). <\/span><\/p>\n<p><a href=\"https:\/\/racekids.ro\/wp-content\/uploads\/2022\/04\/little-steps-2-mod-de-pregatire.jpg\"><img loading=\"lazy\" decoding=\"async\" class=\"alignnone size-full wp-image-63216\" src=\"https:\/\/racekids.ro\/wp-content\/uploads\/2022\/04\/little-steps-2-mod-de-pregatire.jpg\" alt=\"\" width=\"725\" height=\"543\" \/><\/a><\/p>\n<article class=\"contentContainerTyp12\" data-qa-id=\"ProductPreparationContentFeeding\">\n<table class=\"contentTable\" border=\"2\" data-qa-id=\"ProductFeeding\">\n<tbody>\n<tr align=\"center\" data-qa-id=\"ProductFeedingRow\">\n<th data-qa-id=\"ProductFeedingColumn\">Varsta bebe<\/th>\n<th data-qa-id=\"ProductFeedingColumn\">Biberon\/zi<\/th>\n<th data-qa-id=\"ProductFeedingColumn\">Continut biberon<br \/>\n(ml)<\/th>\n<th data-qa-id=\"ProductFeedingColumn\">Apa necesara<br \/>\nper biberon (ml)<\/th>\n<th data-qa-id=\"ProductFeedingColumn\">Lingura de masurare<br \/>\nBEBA EXPERT HA PRE<\/th>\n<\/tr>\n<tr align=\"center\" data-qa-id=\"ProductFeedingRow\">\n<td data-qa-id=\"ProductFeedingTitle\">1 saptamana<\/td>\n<td data-qa-id=\"ProductFeedingTitle\">5-7<\/td>\n<td data-qa-id=\"ProductFeedingTitle\">70<\/td>\n<td data-qa-id=\"ProductFeedingTitle\">60<\/td>\n<td data-qa-id=\"ProductFeedingTitle\">2<\/td>\n<\/tr>\n<tr align=\"center\" data-qa-id=\"ProductFeedingRow\">\n<td data-qa-id=\"ProductFeedingTitle\">2 saptamani<\/td>\n<td data-qa-id=\"ProductFeedingTitle\">5<\/td>\n<td data-qa-id=\"ProductFeedingTitle\">100<\/td>\n<td data-qa-id=\"ProductFeedingTitle\">90<\/td>\n<td data-qa-id=\"ProductFeedingTitle\">3<\/td>\n<\/tr>\n<tr align=\"center\" data-qa-id=\"ProductFeedingRow\">\n<td data-qa-id=\"ProductFeedingTitle\">3-4 saptamani<\/td>\n<td data-qa-id=\"ProductFeedingTitle\">5<\/td>\n<td data-qa-id=\"ProductFeedingTitle\">135<\/td>\n<td data-qa-id=\"ProductFeedingTitle\">120<\/td>\n<td data-qa-id=\"ProductFeedingTitle\">4<\/td>\n<\/tr>\n<tr align=\"center\" data-qa-id=\"ProductFeedingRow\">\n<td data-qa-id=\"ProductFeedingTitle\">2 luni<\/td>\n<td data-qa-id=\"ProductFeedingTitle\">5<\/td>\n<td data-qa-id=\"ProductFeedingTitle\">165<\/td>\n<td data-qa-id=\"ProductFeedingTitle\">150<\/td>\n<td data-qa-id=\"ProductFeedingTitle\">5<\/td>\n<\/tr>\n<tr align=\"center\" data-qa-id=\"ProductFeedingRow\">\n<td data-qa-id=\"ProductFeedingTitle\">3-4 luni<\/td>\n<td data-qa-id=\"ProductFeedingTitle\">5<\/td>\n<td data-qa-id=\"ProductFeedingTitle\">200<\/td>\n<td data-qa-id=\"ProductFeedingTitle\">180<\/td>\n<td data-qa-id=\"ProductFeedingTitle\">6<\/td>\n<\/tr>\n<tr align=\"center\" data-qa-id=\"ProductFeedingRow\">\n<td data-qa-id=\"ProductFeedingTitle\">luna a 5-a<\/td>\n<td data-qa-id=\"ProductFeedingTitle\">4<\/td>\n<td data-qa-id=\"ProductFeedingTitle\">235<\/td>\n<td data-qa-id=\"ProductFeedingTitle\">210<\/td>\n<td data-qa-id=\"ProductFeedingTitle\">7<\/td>\n<\/tr>\n<tr align=\"center\" data-qa-id=\"ProductFeedingRow\">\n<td data-qa-id=\"ProductFeedingTitle\">luna a 6-a<\/td>\n<td data-qa-id=\"ProductFeedingTitle\">3<\/td>\n<td data-qa-id=\"ProductFeedingTitle\">235<\/td>\n<td data-qa-id=\"ProductFeedingTitle\">210<\/td>\n<td data-qa-id=\"ProductFeedingTitle\">7<\/td>\n<\/tr>\n<tr align=\"center\" data-qa-id=\"ProductFeedingRow\">\n<td data-qa-id=\"ProductFeedingTitle\">dupa 6 luni<\/td>\n<td data-qa-id=\"ProductFeedingTitle\">1-2<\/td>\n<td data-qa-id=\"ProductFeedingTitle\">235<\/td>\n<td data-qa-id=\"ProductFeedingTitle\">210<\/td>\n<td data-qa-id=\"ProductFeedingTitle\">7<\/td>\n<\/tr>\n<\/tbody>\n<\/table>\n<\/article>\n<article class=\"tab-content__item\">\n<section class=\"tab-content__item\" data-qa-id=\"ProductPreparationSpoonweight\">1 lingur\u0103 de m\u0103surare nivel\u0103 = aproximativ 4,2 g BEBA EXPERT HA PRE<\/section>\n<\/article>\n<p><span class=\"goog-text-highlight\"><br \/>\n<strong>Valori nutritionale<\/strong><br \/>\n<\/span><\/p>\n<table class=\"contentTable sf-table__table\" border=\"2\">\n<thead data-qa-id=\"ProductNutritionUnit\">\n<tr>\n<th class=\"headcol\">Voedingswaarde<\/th>\n<th>Produs gata de consum<br \/>\n(100 ml)<\/th>\n<\/tr>\n<\/thead>\n<tbody data-qa-id=\"ProductNutritionInfo\">\n<tr>\n<td class=\"headcol\" data-qa-id=\"ProductNutritionInfoTitle\">energie<\/td>\n<td data-qa-id=\"ProductNutritionInfoCopy\">272 kJ<\/td>\n<\/tr>\n<tr>\n<td class=\"headcol\" data-qa-id=\"ProductNutritionInfoTitle\">energie<\/td>\n<td data-qa-id=\"ProductNutritionInfoCopy\">65 de calorii<\/td>\n<\/tr>\n<tr>\n<td class=\"headcol\" data-qa-id=\"ProductNutritionInfoTitle\">gr\u0103sime, din ea<\/td>\n<td data-qa-id=\"ProductNutritionInfoCopy\">3,4 g<\/td>\n<\/tr>\n<tr>\n<td class=\"headcol\" data-qa-id=\"ProductNutritionInfoTitle\">-acizi grasi saturati<\/td>\n<td data-qa-id=\"ProductNutritionInfoCopy\">0,3 g<\/td>\n<\/tr>\n<tr>\n<td class=\"headcol\" data-qa-id=\"ProductNutritionInfoTitle\">-acizi grasi mononesaturati<\/td>\n<td data-qa-id=\"ProductNutritionInfoCopy\">2,1 g<\/td>\n<\/tr>\n<tr>\n<td class=\"headcol\" data-qa-id=\"ProductNutritionInfoTitle\">-acizi gra\u0219i polinesatura\u021bi, ai acestora<\/td>\n<td data-qa-id=\"ProductNutritionInfoCopy\">0,6 g<\/td>\n<\/tr>\n<tr>\n<td class=\"headcol\" data-qa-id=\"ProductNutritionInfoTitle\">carbohidra\u021bi, din el<\/td>\n<td data-qa-id=\"ProductNutritionInfoCopy\">7,5 g<\/td>\n<\/tr>\n<tr>\n<td class=\"headcol\" data-qa-id=\"ProductNutritionInfoTitle\">-Zah\u0103r<\/td>\n<td data-qa-id=\"ProductNutritionInfoCopy\">7,5 g<\/td>\n<\/tr>\n<tr>\n<td class=\"headcol\" data-qa-id=\"ProductNutritionInfoTitle\">-din care lactoza<\/td>\n<td data-qa-id=\"ProductNutritionInfoCopy\">7,5 g<\/td>\n<\/tr>\n<tr>\n<td class=\"headcol\" data-qa-id=\"ProductNutritionInfoTitle\">inozitol<\/td>\n<td data-qa-id=\"ProductNutritionInfoCopy\">5 mg<\/td>\n<\/tr>\n<tr>\n<td class=\"headcol\" data-qa-id=\"ProductNutritionInfoTitle\">protein\u0103<\/td>\n<td data-qa-id=\"ProductNutritionInfoCopy\">1,2 g<\/td>\n<\/tr>\n<tr>\n<td class=\"headcol\" data-qa-id=\"ProductNutritionInfoTitle\">din care L-carnitin\u0103<\/td>\n<td data-qa-id=\"ProductNutritionInfoCopy\">1,5 mg<\/td>\n<\/tr>\n<tr>\n<td class=\"headcol\" data-qa-id=\"ProductNutritionInfoTitle\">Sare<\/td>\n<td data-qa-id=\"ProductNutritionInfoCopy\">0,06 g<\/td>\n<\/tr>\n<tr>\n<td class=\"headcol\" data-qa-id=\"ProductNutritionInfoTitle\">Vitamina A<\/td>\n<td data-qa-id=\"ProductNutritionInfoCopy\">56,0 ug<\/td>\n<\/tr>\n<tr>\n<td class=\"headcol\" data-qa-id=\"ProductNutritionInfoTitle\">Vitamina D<\/td>\n<td data-qa-id=\"ProductNutritionInfoCopy\">1,5 mcg<\/td>\n<\/tr>\n<tr>\n<td class=\"headcol\" data-qa-id=\"ProductNutritionInfoTitle\">vitamina E<\/td>\n<td data-qa-id=\"ProductNutritionInfoCopy\">1,6 mg<\/td>\n<\/tr>\n<tr>\n<td class=\"headcol\" data-qa-id=\"ProductNutritionInfoTitle\">vitamina k<\/td>\n<td data-qa-id=\"ProductNutritionInfoCopy\">4,6 ug<\/td>\n<\/tr>\n<tr>\n<td class=\"headcol\" data-qa-id=\"ProductNutritionInfoTitle\">vitamina C<\/td>\n<td data-qa-id=\"ProductNutritionInfoCopy\">8,8 mg<\/td>\n<\/tr>\n<tr>\n<td class=\"headcol\" data-qa-id=\"ProductNutritionInfoTitle\">tiamina<\/td>\n<td data-qa-id=\"ProductNutritionInfoCopy\">0,064 mg<\/td>\n<\/tr>\n<tr>\n<td class=\"headcol\" data-qa-id=\"ProductNutritionInfoTitle\">riboflavina<\/td>\n<td data-qa-id=\"ProductNutritionInfoCopy\">0,14 mg<\/td>\n<\/tr>\n<tr>\n<td class=\"headcol\" data-qa-id=\"ProductNutritionInfoTitle\">niacina<\/td>\n<td data-qa-id=\"ProductNutritionInfoCopy\">0,59 mg<\/td>\n<\/tr>\n<tr>\n<td class=\"headcol\" data-qa-id=\"ProductNutritionInfoTitle\">Vitamina B6<\/td>\n<td data-qa-id=\"ProductNutritionInfoCopy\">0,046 mg<\/td>\n<\/tr>\n<tr>\n<td class=\"headcol\" data-qa-id=\"ProductNutritionInfoTitle\">acid folic<\/td>\n<td data-qa-id=\"ProductNutritionInfoCopy\">11,8 ug<\/td>\n<\/tr>\n<tr>\n<td class=\"headcol\" data-qa-id=\"ProductNutritionInfoTitle\">Vitamina B12<\/td>\n<td data-qa-id=\"ProductNutritionInfoCopy\">0,16 ug<\/td>\n<\/tr>\n<tr>\n<td class=\"headcol\" data-qa-id=\"ProductNutritionInfoTitle\">biotina<\/td>\n<td data-qa-id=\"ProductNutritionInfoCopy\">1,6 mcg<\/td>\n<\/tr>\n<tr>\n<td class=\"headcol\" data-qa-id=\"ProductNutritionInfoTitle\">acid pantotenic<\/td>\n<td data-qa-id=\"ProductNutritionInfoCopy\">0,66 mg<\/td>\n<\/tr>\n<tr>\n<td class=\"headcol\" data-qa-id=\"ProductNutritionInfoTitle\">sodiu<\/td>\n<td data-qa-id=\"ProductNutritionInfoCopy\">23 mg<\/td>\n<\/tr>\n<tr>\n<td class=\"headcol\" data-qa-id=\"ProductNutritionInfoTitle\">potasiu<\/td>\n<td data-qa-id=\"ProductNutritionInfoCopy\">70,7 mg<\/td>\n<\/tr>\n<tr>\n<td class=\"headcol\" data-qa-id=\"ProductNutritionInfoTitle\">clorur\u0103<\/td>\n<td data-qa-id=\"ProductNutritionInfoCopy\">76,7 mg<\/td>\n<\/tr>\n<tr>\n<td class=\"headcol\" data-qa-id=\"ProductNutritionInfoTitle\">calciu<\/td>\n<td data-qa-id=\"ProductNutritionInfoCopy\">42,7 mg<\/td>\n<\/tr>\n<tr>\n<td class=\"headcol\" data-qa-id=\"ProductNutritionInfoTitle\">fosfor<\/td>\n<td data-qa-id=\"ProductNutritionInfoCopy\">23,7 mg<\/td>\n<\/tr>\n<tr>\n<td class=\"headcol\" data-qa-id=\"ProductNutritionInfoTitle\">magneziu<\/td>\n<td data-qa-id=\"ProductNutritionInfoCopy\">6,36 mg<\/td>\n<\/tr>\n<tr>\n<td class=\"headcol\" data-qa-id=\"ProductNutritionInfoTitle\">fier<\/td>\n<td data-qa-id=\"ProductNutritionInfoCopy\">0,32 mg<\/td>\n<\/tr>\n<tr>\n<td class=\"headcol\" data-qa-id=\"ProductNutritionInfoTitle\">zinc<\/td>\n<td data-qa-id=\"ProductNutritionInfoCopy\">0,43 mg<\/td>\n<\/tr>\n<tr>\n<td class=\"headcol\" data-qa-id=\"ProductNutritionInfoTitle\">cupru<\/td>\n<td data-qa-id=\"ProductNutritionInfoCopy\">0,053 mg<\/td>\n<\/tr>\n<tr>\n<td class=\"headcol\" data-qa-id=\"ProductNutritionInfoTitle\">mangan<\/td>\n<td data-qa-id=\"ProductNutritionInfoCopy\">0,012 mg<\/td>\n<\/tr>\n<tr>\n<td class=\"headcol\" data-qa-id=\"ProductNutritionInfoTitle\">fluor<\/td>\n<td data-qa-id=\"ProductNutritionInfoCopy\">&lt;0,0076 mg<\/td>\n<\/tr>\n<tr>\n<td class=\"headcol\" data-qa-id=\"ProductNutritionInfoTitle\">seleniu<\/td>\n<td data-qa-id=\"ProductNutritionInfoCopy\">3,5 mcg<\/td>\n<\/tr>\n<tr>\n<td class=\"headcol\" data-qa-id=\"ProductNutritionInfoTitle\">iod<\/td>\n<td data-qa-id=\"ProductNutritionInfoCopy\">13,6 ug<\/td>\n<\/tr>\n<tr>\n<td class=\"headcol\" data-qa-id=\"ProductNutritionInfoTitle\">colina<\/td>\n<td data-qa-id=\"ProductNutritionInfoCopy\">22,9 mg<\/td>\n<\/tr>\n<tr>\n<td class=\"headcol\" data-qa-id=\"ProductNutritionInfoTitle\">taurin\u0103<\/td>\n<td data-qa-id=\"ProductNutritionInfoCopy\">3,7 mg<\/td>\n<\/tr>\n<tr>\n<td class=\"headcol\" data-qa-id=\"ProductNutritionInfoTitle\">Omega 3 LCP (DHA)<\/td>\n<td data-qa-id=\"ProductNutritionInfoCopy\">0,02 g<\/td>\n<\/tr>\n<\/tbody>\n<\/table>","protected":false},"excerpt":{"rendered":"<p>Nestl\u00e9 BEBA Pro starting milk Expert HA Pre de la nastere reduce riscul de alergii la proteinele din lapte ca aliment de pornire hidrolizat.<\/p>","protected":false},"featured_media":49239,"comment_status":"open","ping_status":"closed","template":"","meta":{"_acf_changed":false,"_seopress_robots_primary_cat":"1767","_seopress_titles_title":"Lapte praf Nestle BEBA Expert HA PRE 800 g","_seopress_titles_desc":"Nestl\u00e9 BEBA Pro starting milk Expert HA Pre de la nastere reduce riscul de alergii la proteinele din lapte ca aliment de pornire hidrolizat .","_seopress_robots_index":""},"product_brand":[6197],"product_cat":[1984,1520,20200,5677,1950,1767],"giftcard-category":[],"class_list":{"0":"post-49236","1":"product","2":"type-product","3":"status-publish","4":"has-post-thumbnail","6":"product_brand-nestle","7":"product_cat-hrana-bebelusi","8":"product_cat-mama-copilul","9":"product_cat-mancare-bebe","10":"product_cat-mancare-si-accesorii-bebe","11":"product_cat-produse-germania","12":"product_cat-produse-olanda","14":"first","15":"outofstock","16":"taxable","17":"shipping-taxable","18":"purchasable","19":"product-type-simple"},"acf":[],"_links":{"self":[{"href":"https:\/\/totalblue.ro\/nl\/wp-json\/wp\/v2\/product\/49236","targetHints":{"allow":["GET"]}}],"collection":[{"href":"https:\/\/totalblue.ro\/nl\/wp-json\/wp\/v2\/product"}],"about":[{"href":"https:\/\/totalblue.ro\/nl\/wp-json\/wp\/v2\/types\/product"}],"replies":[{"embeddable":true,"href":"https:\/\/totalblue.ro\/nl\/wp-json\/wp\/v2\/comments?post=49236"}],"wp:featuredmedia":[{"embeddable":true,"href":"https:\/\/totalblue.ro\/nl\/wp-json\/wp\/v2\/media\/49239"}],"wp:attachment":[{"href":"https:\/\/totalblue.ro\/nl\/wp-json\/wp\/v2\/media?parent=49236"}],"wp:term":[{"taxonomy":"product_brand","embeddable":true,"href":"https:\/\/totalblue.ro\/nl\/wp-json\/wp\/v2\/product_brand?post=49236"},{"taxonomy":"product_cat","embeddable":true,"href":"https:\/\/totalblue.ro\/nl\/wp-json\/wp\/v2\/product_cat?post=49236"},{"taxonomy":"giftcard-category","embeddable":true,"href":"https:\/\/totalblue.ro\/nl\/wp-json\/wp\/v2\/giftcard-category?post=49236"}],"curies":[{"name":"wp","href":"https:\/\/api.w.org\/{rel}","templated":true}]}}