{"id":49788,"date":"2022-04-15T12:52:16","date_gmt":"2022-04-15T09:52:16","guid":{"rendered":"https:\/\/totalblue.ro\/?post_type=product&#038;p=49788"},"modified":"2025-02-25T09:54:39","modified_gmt":"2025-02-25T07:54:39","slug":"purcari-premium-sauvignon-blanc-vin-alb-sec-075l","status":"publish","type":"product","link":"https:\/\/totalblue.ro\/nl\/produs\/purcari-premium-sauvignon-blanc-vin-alb-sec-075l\/","title":{"rendered":"Purcari Premium Sauvignon Blanc, Vin alb sec 0,75L"},"content":{"rendered":"<p>Sauvignon Blanc de Purcari este ca un diamant lucrat cu iscusinta: bine conturat, plin de verva si prospe\u0163ime. 100% Sauvignon Blanc.<br \/>\nAre o culoare galben-pai, stralucitoare. Aroma revigoranta, de citrice, bogata in accente de grapefruit si lime, este completata de notele fructelor exotice si de discrete nuan\u0163e florale. Gustul proaspat, bine conturat, este fructat \u015fi cu o aciditate bine echilibrata. Obtinut din struguri recoltati \u015fi selecta\u0163i manual, vinifica\u0163i prin metoda traditionala. Maturat timp de 6 luni in barrique frantuzesc de stejar.<\/p>\n<p>Vinul alb sec matur Sauvignon de Purcari va bucura cu un gust proaspat, armonios care rasfata cu o aroma fina de grapefruit in combinatie cu lime si fructe exotice.<\/p>\n<p>Culoare vin: Alb<br \/>\nTip vin: sec matur<br \/>\nSoi de struguri : Sauvignon<\/p>\n<p>Volum alcool: 13%<br \/>\nContinut si ambalaj: sticla imbuteliata, 0,75L<\/p>\n<p>Legale leugens: Alcohol schaadt je gezondheid. Drink met mate. Verkoop aan jongeren onder de 18 is verboden. www.desprealcool.ro<br \/>\n<a href=\"https:\/\/totalblue.ro\/wp-content\/uploads\/2021\/04\/under-18.jpg\"><img loading=\"lazy\" decoding=\"async\" class=\"alignnone wp-image-30757\" src=\"https:\/\/totalblue.ro\/wp-content\/uploads\/2021\/04\/under-18-400x400.jpg\" alt=\"\" width=\"95\" height=\"95\" srcset=\"https:\/\/totalblue.ro\/wp-content\/uploads\/2021\/04\/under-18-400x400.jpg 400w, https:\/\/totalblue.ro\/wp-content\/uploads\/2021\/04\/under-18-100x100.jpg 100w, https:\/\/totalblue.ro\/wp-content\/uploads\/2021\/04\/under-18-510x510.jpg 510w, https:\/\/totalblue.ro\/wp-content\/uploads\/2021\/04\/under-18-280x280.jpg 280w, https:\/\/totalblue.ro\/wp-content\/uploads\/2021\/04\/under-18.jpg 600w\" sizes=\"auto, (max-width: 95px) 100vw, 95px\" \/><\/a><a href=\"https:\/\/totalblue.ro\/wp-content\/uploads\/2021\/06\/drink-drive.jpg\"><img loading=\"lazy\" decoding=\"async\" class=\"alignnone wp-image-30761\" src=\"https:\/\/totalblue.ro\/wp-content\/uploads\/2021\/06\/drink-drive.jpg\" alt=\"\" width=\"96\" height=\"94\" srcset=\"https:\/\/totalblue.ro\/wp-content\/uploads\/2021\/06\/drink-drive.jpg 344w, https:\/\/totalblue.ro\/wp-content\/uploads\/2021\/06\/drink-drive-100x98.jpg 100w\" sizes=\"auto, (max-width: 96px) 100vw, 96px\" \/><\/a><a href=\"https:\/\/totalblue.ro\/wp-content\/uploads\/2021\/06\/bere-gravide02.jpg\"><img loading=\"lazy\" decoding=\"async\" class=\"alignnone wp-image-30771\" src=\"https:\/\/totalblue.ro\/wp-content\/uploads\/2021\/06\/bere-gravide02-403x400.jpg\" alt=\"\" width=\"97\" height=\"96\" srcset=\"https:\/\/totalblue.ro\/wp-content\/uploads\/2021\/06\/bere-gravide02-403x400.jpg 403w, https:\/\/totalblue.ro\/wp-content\/uploads\/2021\/06\/bere-gravide02-100x99.jpg 100w, https:\/\/totalblue.ro\/wp-content\/uploads\/2021\/06\/bere-gravide02-510x507.jpg 510w, https:\/\/totalblue.ro\/wp-content\/uploads\/2021\/06\/bere-gravide02-805x800.jpg 805w, https:\/\/totalblue.ro\/wp-content\/uploads\/2021\/06\/bere-gravide02-280x280.jpg 280w, https:\/\/totalblue.ro\/wp-content\/uploads\/2021\/06\/bere-gravide02-768x763.jpg 768w, https:\/\/totalblue.ro\/wp-content\/uploads\/2021\/06\/bere-gravide02-600x596.jpg 600w, https:\/\/totalblue.ro\/wp-content\/uploads\/2021\/06\/bere-gravide02.jpg 895w\" sizes=\"auto, (max-width: 97px) 100vw, 97px\" \/><\/a><\/p>","protected":false},"excerpt":{"rendered":"<p>Sauvignon Blanc de Purcari este ca un diamant lucrat cu iscusinta: bine conturat, plin de verva si prospe\u0163ime. 100% Sauvignon Blanc. Are o culoare galben-pai, stralucitoare. Aroma revigoranta, de citrice, bogata in accente de grapefruit si lime, este completata de notele fructelor exotice si de discrete nuan\u0163e florale. Gustul proaspat, bine conturat, este fructat \u015fi [&#8230;]\n","protected":false},"featured_media":49789,"comment_status":"open","ping_status":"closed","template":"","meta":{"_acf_changed":false,"_seopress_robots_primary_cat":"none","_seopress_titles_title":"","_seopress_titles_desc":"","_seopress_robots_index":""},"product_brand":[6231],"product_cat":[1519],"giftcard-category":[],"class_list":{"0":"post-49788","1":"product","2":"type-product","3":"status-publish","4":"has-post-thumbnail","6":"product_brand-purcari","7":"product_cat-bauturi-alcoolice-bere","9":"first","10":"instock","11":"taxable","12":"shipping-taxable","13":"purchasable","14":"product-type-simple"},"acf":[],"_links":{"self":[{"href":"https:\/\/totalblue.ro\/nl\/wp-json\/wp\/v2\/product\/49788","targetHints":{"allow":["GET"]}}],"collection":[{"href":"https:\/\/totalblue.ro\/nl\/wp-json\/wp\/v2\/product"}],"about":[{"href":"https:\/\/totalblue.ro\/nl\/wp-json\/wp\/v2\/types\/product"}],"replies":[{"embeddable":true,"href":"https:\/\/totalblue.ro\/nl\/wp-json\/wp\/v2\/comments?post=49788"}],"wp:featuredmedia":[{"embeddable":true,"href":"https:\/\/totalblue.ro\/nl\/wp-json\/wp\/v2\/media\/49789"}],"wp:attachment":[{"href":"https:\/\/totalblue.ro\/nl\/wp-json\/wp\/v2\/media?parent=49788"}],"wp:term":[{"taxonomy":"product_brand","embeddable":true,"href":"https:\/\/totalblue.ro\/nl\/wp-json\/wp\/v2\/product_brand?post=49788"},{"taxonomy":"product_cat","embeddable":true,"href":"https:\/\/totalblue.ro\/nl\/wp-json\/wp\/v2\/product_cat?post=49788"},{"taxonomy":"giftcard-category","embeddable":true,"href":"https:\/\/totalblue.ro\/nl\/wp-json\/wp\/v2\/giftcard-category?post=49788"}],"curies":[{"name":"wp","href":"https:\/\/api.w.org\/{rel}","templated":true}]}}